{"id":2080,"date":"2025-04-20T02:44:32","date_gmt":"2025-04-20T02:44:32","guid":{"rendered":"https:\/\/h2obfs.com\/?page_id=2080"},"modified":"2025-05-22T06:09:45","modified_gmt":"2025-05-22T06:09:45","slug":"qatargas","status":"publish","type":"page","link":"https:\/\/www.h2obfs.com\/es\/case-studies\/qatargas\/","title":{"rendered":"QATARGAS"},"content":{"rendered":"<h1 class=\"wp-block-heading\" style=\"font-size:20px\">Qatargas<\/h1>\n\n\n\n<div style=\"height:20px\" aria-hidden=\"true\" class=\"wp-block-spacer\"><\/div>\n\n\n\n<p>Para mantener una operaci\u00f3n fiable y eficiente de los sistemas de refrigeraci\u00f3n con agua de mar, es necesario a\u00f1adir un biocida que impida el asentamiento y crecimiento de especies marinas incrustantes, tanto macro como microincrustantes. A nivel mundial, la pr\u00e1ctica habitual en zonas costeras consiste en la cloraci\u00f3n continua del agua de mar, complementada con dosificaciones de choque peri\u00f3dicas. Sin embargo, esta pr\u00e1ctica no se basa en datos ecotoxicol\u00f3gicos de las especies objetivo, sino que generalmente se fundamenta en observaciones posteriores sobre la eficacia del control de incrustaciones, o se aplica con la intenci\u00f3n de cumplir con los l\u00edmites de vertido de biocidas residuales.\n\nLa dosificaci\u00f3n de choque se utiliza err\u00f3neamente bajo la creencia de que evita que las especies incrustantes se adapten a la cloraci\u00f3n continua. Estos procedimientos de dosificaci\u00f3n se aplican no solo en el Golfo Ar\u00e1bigo, sino tambi\u00e9n en numerosos otros lugares del mundo. Por tanto, existen oportunidades para tomar decisiones fundamentadas en criterios cient\u00edficos que permitan optimizar los reg\u00edmenes de dosificaci\u00f3n de biocidas espec\u00edficos para cada emplazamiento, logrando un control de incrustaciones fiable y rentable, al tiempo que se garantiza el cumplimiento de estrictas normativas de vertido.<\/p>\n\n\n\n<p>Qatargas Operating Company Limited (Qatargas) se estableci\u00f3 en 1984 y fue pionera en la industria del gas natural licuado (GNL) en Qatar, iniciando las operaciones de Qatargas 1 (que actualmente incluye los trenes 1 al 3) en 1996. Hoy en d\u00eda, Qatargas es la mayor empresa productora de GNL del mundo, con una capacidad total de producci\u00f3n de 42 millones de toneladas al a\u00f1o (MTA).<\/p>\n\n\n\n<div style=\"height:20px\" aria-hidden=\"true\" class=\"wp-block-spacer\"><\/div>\n\n\n\n<h2 class=\"wp-block-heading\" style=\"font-size:17px\">Datos clave del proyecto<\/h2>\n\n\n\n<p>Antes de la aplicaci\u00f3n de la cloraci\u00f3n pulsante se observaban incrustaciones. La foto de abajo muestra un filtro con ostras muertas recientemente, todas sus conchas de color marr\u00f3n, que es su color natural. La fotograf\u00eda de la izquierda muestra cantidades significativas de conchas adultas en la base del filtro retirado y el primer plano de la fotograf\u00eda de la derecha demuestra la capacidad de las ostras juveniles de crear un diferencial de presi\u00f3n incrementado bloqueando completamente la malla del filtro.<\/p>\n\n\n\n<div style=\"height:20px\" aria-hidden=\"true\" class=\"wp-block-spacer\"><\/div>\n\n\n\n<h2 class=\"wp-block-heading\" style=\"font-size:17px\">Desaf\u00edo<\/h2>\n\n\n\n<p>El Ministerio de Medio Ambiente de Qatar (MoE) estableci\u00f3 inicialmente un l\u00edmite de cloro residual libre de 0,1 mg\/L en los vertidos de agua de mar de los sistemas de refrigeraci\u00f3n, el cual fue reducido a 0,05 mg\/L en el Reglamento Ejecutivo de 2005 correspondiente a la Ley de Medio Ambiente de 2002. Esta medida responde a la preocupaci\u00f3n del Ministerio por el impacto ambiental que genera la cloraci\u00f3n del agua de refrigeraci\u00f3n en el ecosistema marino local.\n\nAdem\u00e1s, la formaci\u00f3n de subproductos de cloraci\u00f3n (CBP) como resultado del uso excesivo de hipoclorito de sodio ha sido se\u00f1alada como un riesgo adicional. Se ha documentado que concentraciones residuales de 0,05 mg\/L de cloro son toleradas por muchas especies incrustantes, lo que implica un riesgo para la eficacia de los sistemas de gesti\u00f3n del agua de mar de refrigeraci\u00f3n, ya que pueden perder eficiencia operativa debido a la bioincrustaci\u00f3n.<\/p>\n\n\n\n<div style=\"height:20px\" aria-hidden=\"true\" class=\"wp-block-spacer\"><\/div>\n\n\n\n<h2 class=\"wp-block-heading\" style=\"font-size:17px\">Soluci\u00f3n<\/h2>\n\n\n\n<p>Resultados del estudio disponibles en:<\/p>\n\n\n\n<p><strong>RESULTADOS Y BENEFICIOS DE LA ADOPCI\u00d3N DE LA CLORACI\u00d3N POR PULSOS<\/strong><strong><sup>\u00ae&nbsp;<\/sup><\/strong><strong>PARA EL CONTROL DE BIOINCRUSTACI\u00d3N<\/strong><strong>EN SISTEMAS DE REFRIGERACI\u00d3N CON AGUA DE MAR EN QATARGAS, CIUDAD INDUSTRIAL DE RAS LAFFAN, QATAR<\/strong><\/p>\n\n\n\n<p>Autores: Harry J.G. Polman<sup>1<\/sup>, Maarten M.C. Bruijs<sup>1<\/sup>, Farhan Khan<sup>2<\/sup>, James Baldwin<sup>2<\/sup>.&nbsp;<sup>1&nbsp;<\/sup>DNV KEMA Nederland B.V., Energ\u00eda y sostenibilidad&nbsp;<sup>2&nbsp;<\/sup>Qatargas Operating Company Limited<\/p>\n\n\n\n<p>Por favor,&nbsp;<a href=\"https:\/\/www.ecodosing.com\/contact\/\"><strong>contacto<\/strong><\/a>&nbsp;para obtener el art\u00edculo completo.<\/p>\n\n\n\n<div style=\"height:20px\" aria-hidden=\"true\" class=\"wp-block-spacer\"><\/div>\n\n\n\n<h2 class=\"wp-block-heading\" style=\"font-size:17px\">Observaciones&nbsp;<\/h2>\n\n\n\n<p>Como resultado de la exitosa implementaci\u00f3n de la tecnolog\u00eda en Qatargas, el Ministerio de Medio Ambiente de Qatar ha acordado con Qatargas reconocer nuestra tecnolog\u00eda como un m\u00e9todo eficaz para el control de la bioincrustaci\u00f3n biol\u00f3gica en su sistema de refrigeraci\u00f3n con agua de mar, satisfaciendo as\u00ed las preocupaciones regulatorias respecto al uso de hipoclorito en sistemas de refrigeraci\u00f3n de agua de mar de paso \u00fanico. Este reconocimiento respalda la Cloraci\u00f3n por Pulsos\u00ae (actualmente <a href=\"https:\/\/www.h2obfs.com\/es\/biofouling-solutions\/ecodosing\/\" data-type=\"page\" data-id=\"407\">Ecodosing\u2122<\/a>como m\u00e9todo de dosificaci\u00f3n aceptado para cumplir con las estrictas normativas de descarga de cloro en Qatar, la implementaci\u00f3n en Qatargas tambi\u00e9n fue reconocida por sus beneficios ambientales y fue galardonada con el premio a la \u2018Excelencia en Tecnolog\u00eda Ambiental\u2019 en la conferencia RESCO Offshore Arabia 2009.<\/p>\n\n\n\n<div style=\"height:20px\" aria-hidden=\"true\" class=\"wp-block-spacer\"><\/div>\n\n\n<div class=\"wp-block-image\">\n<figure class=\"aligncenter size-full\"><img alt=\"\" loading=\"lazy\" decoding=\"async\" width=\"558\" height=\"206\" src=\"https:\/\/h2obfs.com\/wp-content\/uploads\/2025\/04\/Qatargas2012-.png\" class=\"wp-image-2083\" srcset=\"https:\/\/www.h2obfs.com\/wp-content\/uploads\/2025\/04\/Qatargas2012-.png 558w, https:\/\/www.h2obfs.com\/wp-content\/uploads\/2025\/04\/Qatargas2012--300x111.png 300w\" sizes=\"auto, (max-width: 558px) 100vw, 558px\" \/><\/figure>\n<\/div>\n\n\n<div style=\"height:20px\" aria-hidden=\"true\" class=\"wp-block-spacer\"><\/div>\n\n\n\n<figure class=\"wp-block-image size-full\"><a href=\"https:\/\/www.h2obfs.com\/es\/contact-us\/\" target=\"_blank\" rel=\" noreferrer noopener\"><img alt=\"\" loading=\"lazy\" decoding=\"async\" width=\"1440\" height=\"300\" src=\"https:\/\/www.h2obfs.com\/wp-content\/uploads\/2025\/05\/about-us-es-001.jpg\" class=\"wp-image-3675\" srcset=\"https:\/\/www.h2obfs.com\/wp-content\/uploads\/2025\/05\/about-us-es-001.jpg 1440w, https:\/\/www.h2obfs.com\/wp-content\/uploads\/2025\/05\/about-us-es-001-300x63.jpg 300w, https:\/\/www.h2obfs.com\/wp-content\/uploads\/2025\/05\/about-us-es-001-1024x213.jpg 1024w, https:\/\/www.h2obfs.com\/wp-content\/uploads\/2025\/05\/about-us-es-001-768x160.jpg 768w, https:\/\/www.h2obfs.com\/wp-content\/uploads\/2025\/05\/about-us-es-001-18x4.jpg 18w\" sizes=\"auto, (max-width: 1440px) 100vw, 1440px\" \/><\/a><\/figure>\n\n\n\n<div style=\"height:20px\" aria-hidden=\"true\" class=\"wp-block-spacer\"><\/div>\n\n\n\n<h2 class=\"wp-block-heading\" style=\"font-size:17px\">Otros Estudios de Caso<\/h2>\n\n\n\n<div class=\"wp-block-columns is-layout-flex wp-container-core-columns-is-layout-9d6595d7 wp-block-columns-is-layout-flex\">\n<div class=\"wp-block-column is-layout-flow wp-block-column-is-layout-flow\">\n<div class=\"wp-block-cover aligncenter\" style=\"min-height:307px;aspect-ratio:unset;\"><img alt=\"\" loading=\"lazy\" decoding=\"async\" width=\"2048\" height=\"1365\" class=\"wp-block-cover__image-background wp-image-577\" src=\"https:\/\/h2obfs.com\/wp-content\/uploads\/2025\/04\/shutterstock_754495600-2048x1365-1.jpg\" style=\"object-position:50% 50%\" data-object-fit=\"cover\" data-object-position=\"50% 50%\" srcset=\"https:\/\/www.h2obfs.com\/wp-content\/uploads\/2025\/04\/shutterstock_754495600-2048x1365-1.jpg 2048w, https:\/\/www.h2obfs.com\/wp-content\/uploads\/2025\/04\/shutterstock_754495600-2048x1365-1-300x200.jpg 300w, https:\/\/www.h2obfs.com\/wp-content\/uploads\/2025\/04\/shutterstock_754495600-2048x1365-1-1024x683.jpg 1024w, https:\/\/www.h2obfs.com\/wp-content\/uploads\/2025\/04\/shutterstock_754495600-2048x1365-1-768x512.jpg 768w, https:\/\/www.h2obfs.com\/wp-content\/uploads\/2025\/04\/shutterstock_754495600-2048x1365-1-1536x1024.jpg 1536w\" sizes=\"auto, (max-width: 2048px) 100vw, 2048px\" \/><span aria-hidden=\"true\" class=\"wp-block-cover__background has-background-dim\"><\/span><div class=\"wp-block-cover__inner-container is-layout-flow wp-block-cover-is-layout-flow\">\n<h3 class=\"wp-block-heading has-text-align-center has-medium-font-size\">REFINER\u00cdA EN EL PUERTO DE ROTTERDAM, PA\u00cdSES BAJOS.<\/h3>\n\n\n\n<div style=\"height:30px\" aria-hidden=\"true\" class=\"wp-block-spacer\"><\/div>\n\n\n\n<div class=\"wp-block-buttons is-vertical is-content-justification-center is-layout-flex wp-container-core-buttons-is-layout-41848169 wp-block-buttons-is-layout-flex\">\n<div class=\"wp-block-button has-custom-width wp-block-button__width-75 is-style-fill\"><a class=\"wp-block-button__link has-white-color has-text-color has-background has-link-color has-small-font-size has-custom-font-size wp-element-button\" href=\"https:\/\/www.h2obfs.com\/es\/case-studies\/refinery-in-rotterdam-harbour-the-netherlands\/\" style=\"border-radius:16px;background-color:#64ba4e;font-style:normal;font-weight:500;letter-spacing:2px;text-transform:uppercase\"><strong>LEER M\u00c1S<\/strong><\/a><\/div>\n<\/div>\n<\/div><\/div>\n<\/div>\n\n\n\n<div class=\"wp-block-column is-layout-flow wp-block-column-is-layout-flow\">\n<div class=\"wp-block-cover\" style=\"min-height:307px;aspect-ratio:unset;\"><img alt=\"\" loading=\"lazy\" decoding=\"async\" width=\"2560\" height=\"1920\" class=\"wp-block-cover__image-background wp-image-578\" src=\"https:\/\/h2obfs.com\/wp-content\/uploads\/2025\/04\/UNIPER_Port_of_Rotterdam-scaled-1.jpg\" data-object-fit=\"cover\" srcset=\"https:\/\/www.h2obfs.com\/wp-content\/uploads\/2025\/04\/UNIPER_Port_of_Rotterdam-scaled-1.jpg 2560w, https:\/\/www.h2obfs.com\/wp-content\/uploads\/2025\/04\/UNIPER_Port_of_Rotterdam-scaled-1-300x225.jpg 300w, https:\/\/www.h2obfs.com\/wp-content\/uploads\/2025\/04\/UNIPER_Port_of_Rotterdam-scaled-1-1024x768.jpg 1024w, https:\/\/www.h2obfs.com\/wp-content\/uploads\/2025\/04\/UNIPER_Port_of_Rotterdam-scaled-1-768x576.jpg 768w, https:\/\/www.h2obfs.com\/wp-content\/uploads\/2025\/04\/UNIPER_Port_of_Rotterdam-scaled-1-1536x1152.jpg 1536w, https:\/\/www.h2obfs.com\/wp-content\/uploads\/2025\/04\/UNIPER_Port_of_Rotterdam-scaled-1-2048x1536.jpg 2048w\" sizes=\"auto, (max-width: 2560px) 100vw, 2560px\" \/><span aria-hidden=\"true\" class=\"wp-block-cover__background has-background-dim\"><\/span><div class=\"wp-block-cover__inner-container is-layout-flow wp-block-cover-is-layout-flow\">\n<h3 class=\"wp-block-heading has-text-align-center has-medium-font-size\">CENTRALES EL\u00c9CTRICAS UNIPER MAASVLAKTE<\/h3>\n\n\n\n<div style=\"height:26px\" aria-hidden=\"true\" class=\"wp-block-spacer\"><\/div>\n\n\n\n<div class=\"wp-block-buttons is-vertical is-content-justification-center is-layout-flex wp-container-core-buttons-is-layout-41848169 wp-block-buttons-is-layout-flex\">\n<div class=\"wp-block-button has-custom-width wp-block-button__width-75 is-style-fill\"><a class=\"wp-block-button__link has-white-color has-text-color has-background has-link-color has-small-font-size has-custom-font-size wp-element-button\" href=\"https:\/\/www.h2obfs.com\/es\/case-studies\/uniper-maasvlakte-power-plants\/\" style=\"border-radius:16px;background-color:#64ba4e;font-style:normal;font-weight:500;letter-spacing:2px;text-transform:uppercase\"><strong>LEER M\u00c1S<\/strong><\/a><\/div>\n<\/div>\n<\/div><\/div>\n<\/div>\n\n\n\n<div class=\"wp-block-column is-layout-flow wp-block-column-is-layout-flow\">\n<div class=\"wp-block-cover\" style=\"min-height:307px;aspect-ratio:unset;\"><img alt=\"\" loading=\"lazy\" decoding=\"async\" width=\"525\" height=\"349\" class=\"wp-block-cover__image-background wp-image-579\" src=\"https:\/\/h2obfs.com\/wp-content\/uploads\/2025\/04\/al-khafji-1.jpg\" data-object-fit=\"cover\" srcset=\"https:\/\/www.h2obfs.com\/wp-content\/uploads\/2025\/04\/al-khafji-1.jpg 525w, https:\/\/www.h2obfs.com\/wp-content\/uploads\/2025\/04\/al-khafji-1-300x199.jpg 300w\" sizes=\"auto, (max-width: 525px) 100vw, 525px\" \/><span aria-hidden=\"true\" class=\"wp-block-cover__background has-background-dim\"><\/span><div class=\"wp-block-cover__inner-container is-layout-flow wp-block-cover-is-layout-flow\">\n<h3 class=\"wp-block-heading has-text-align-center has-medium-font-size\"><strong>PLANTA DE SWRO DE AL KHAFJI<\/strong><\/h3>\n\n\n\n<div style=\"height:52px\" aria-hidden=\"true\" class=\"wp-block-spacer\"><\/div>\n\n\n\n<div class=\"wp-block-buttons is-vertical is-content-justification-center is-layout-flex wp-container-core-buttons-is-layout-41848169 wp-block-buttons-is-layout-flex\">\n<div class=\"wp-block-button has-custom-width wp-block-button__width-75\"><a class=\"wp-block-button__link has-white-color has-text-color has-background has-link-color has-small-font-size has-custom-font-size wp-element-button\" href=\"https:\/\/www.h2obfs.com\/es\/case-studies\/al-khafji-swro-plant\/\" style=\"border-radius:16px;background-color:#64ba4e;font-style:normal;font-weight:500;letter-spacing:2px\"><strong>LEER M\u00c1S<\/strong><\/a><\/div>\n<\/div>\n<\/div><\/div>\n<\/div>\n<\/div>","protected":false},"excerpt":{"rendered":"<p>Qatargas To maintain a reliable and efficient operation of seawater cooling systems, a biocide must be added to prevent settlement and growth of marine fouling species, both macro- and microfouling. &#8230;<\/p>","protected":false},"author":1,"featured_media":0,"parent":39,"menu_order":0,"comment_status":"closed","ping_status":"closed","template":"","meta":{"_seopress_robots_primary_cat":"","_seopress_titles_title":"Qatargas - Case Studies - H2O Biofouling Solutions","_seopress_titles_desc":"A case study with Qatargas which the Qatar Ministry of Environment has approved our technology to control biofouling in their seawater cooling system.","_seopress_robots_index":"","footnotes":""},"class_list":["post-2080","page","type-page","status-publish","hentry"],"_links":{"self":[{"href":"https:\/\/www.h2obfs.com\/es\/wp-json\/wp\/v2\/pages\/2080","targetHints":{"allow":["GET"]}}],"collection":[{"href":"https:\/\/www.h2obfs.com\/es\/wp-json\/wp\/v2\/pages"}],"about":[{"href":"https:\/\/www.h2obfs.com\/es\/wp-json\/wp\/v2\/types\/page"}],"author":[{"embeddable":true,"href":"https:\/\/www.h2obfs.com\/es\/wp-json\/wp\/v2\/users\/1"}],"replies":[{"embeddable":true,"href":"https:\/\/www.h2obfs.com\/es\/wp-json\/wp\/v2\/comments?post=2080"}],"version-history":[{"count":23,"href":"https:\/\/www.h2obfs.com\/es\/wp-json\/wp\/v2\/pages\/2080\/revisions"}],"predecessor-version":[{"id":4064,"href":"https:\/\/www.h2obfs.com\/es\/wp-json\/wp\/v2\/pages\/2080\/revisions\/4064"}],"up":[{"embeddable":true,"href":"https:\/\/www.h2obfs.com\/es\/wp-json\/wp\/v2\/pages\/39"}],"wp:attachment":[{"href":"https:\/\/www.h2obfs.com\/es\/wp-json\/wp\/v2\/media?parent=2080"}],"curies":[{"name":"wp","href":"https:\/\/api.w.org\/{rel}","templated":true}]}}