{"id":2095,"date":"2025-04-20T05:11:28","date_gmt":"2025-04-20T05:11:28","guid":{"rendered":"https:\/\/h2obfs.com\/?page_id=2095"},"modified":"2025-05-22T06:10:13","modified_gmt":"2025-05-22T06:10:13","slug":"uniper-maasvlakte-power-plants","status":"publish","type":"page","link":"https:\/\/www.h2obfs.com\/es\/case-studies\/uniper-maasvlakte-power-plants\/","title":{"rendered":"Centrales el\u00e9ctricas UNIPER Maasvlakte"},"content":{"rendered":"<h1 class=\"wp-block-heading\" style=\"font-size:20px\">Centrales el\u00e9ctricas UNIPER Maasvlakte<\/h1>\n\n\n\n<div style=\"height:20px\" aria-hidden=\"true\" class=\"wp-block-spacer\"><\/div>\n\n\n\n<p>La central el\u00e9ctrica UNIPER Maasvlakte (MPP3) est\u00e1 situada junto al puerto de R\u00f3terdam, en la costa del Mar del Norte, y tiene una capacidad neta de 1100 MW. La planta utiliza agua de mar para la refrigeraci\u00f3n del condensador durante el proceso de generaci\u00f3n de energ\u00eda. El agua de mar se extrae del Europahaven y se descarga el agua calentada en una cuenca de descarga que desemboca a trav\u00e9s de la salida com\u00fan (presa bloque) en el Princess Margriethaven. UNIPER emplea hipoclorito de sodio a granel para el control de la bioincrustaci\u00f3n y ha ajustado el r\u00e9gimen de dosificaci\u00f3n de cloro seg\u00fan los requerimientos locales, (principio<a href=\"https:\/\/www.h2obfs.com\/es\/biofouling-solutions\/ecodosing\/\" data-type=\"page\" data-id=\"407\">Ecodosing).<\/a> Este tipo de r\u00e9gimen de dosificaci\u00f3n ha demostrado ser altamente eficaz en esta ubicaci\u00f3n durante los \u00faltimos 19 a\u00f1os.<\/p>\n\n\n\n<div style=\"height:20px\" aria-hidden=\"true\" class=\"wp-block-spacer\"><\/div>\n\n\n\n<h2 class=\"wp-block-heading\" style=\"font-size:20px\"><strong>Desaf\u00edo<\/strong><\/h2>\n\n\n\n<p>Con el agua de mar, mejillones, ostras, percebes y bacterias entran en el sistema de agua de refrigeraci\u00f3n (toma). Un sistema de agua de refrigeraci\u00f3n proporciona condiciones favorables para la fijaci\u00f3n y crecimiento de estos y otros organismos. Esta bioincrustaci\u00f3n macrosc\u00f3pica tiene un impacto significativo en la hidr\u00e1ulica y, por lo general, provoca problemas operativos y costos elevados asociados. La acumulaci\u00f3n de bioincrustaci\u00f3n en las tuber\u00edas de agua de refrigeraci\u00f3n provoca una p\u00e9rdida de capacidad en las bombas debido al aumento de la rugosidad de las paredes. Esto puede causar f\u00e1cilmente una reducci\u00f3n en la producci\u00f3n el\u00e9ctrica (MWe) y, por tanto, una p\u00e9rdida de ingresos.\n\nPara mantener una operaci\u00f3n confiable y eficiente del sistema de refrigeraci\u00f3n con agua de mar, UNIPER dosifica hipoclorito de sodio para evitar que los organismos de bioincrustaci\u00f3n se fijen y crezcan. Dado que el sistema de agua de refrigeraci\u00f3n est\u00e1 cerrado a la inspecci\u00f3n visual durante la operaci\u00f3n normal, es importante que los operadores cuenten con un sistema de alerta temprana que indique la posible aparici\u00f3n de bioincrustaci\u00f3n, a fin de prevenir problemas operativos y mantener una alta eficiencia t\u00e9rmica de la planta.<\/p>\n\n\n\n<div style=\"height:20px\" aria-hidden=\"true\" class=\"wp-block-spacer\"><\/div>\n\n\n<div class=\"wp-block-image\">\n<figure class=\"aligncenter size-full is-resized\"><img alt=\"\" loading=\"lazy\" decoding=\"async\" width=\"586\" height=\"329\" src=\"https:\/\/h2obfs.com\/wp-content\/uploads\/2025\/04\/study-2.jpg\" class=\"wp-image-2098\" style=\"width:882px\" srcset=\"https:\/\/www.h2obfs.com\/wp-content\/uploads\/2025\/04\/study-2.jpg 586w, https:\/\/www.h2obfs.com\/wp-content\/uploads\/2025\/04\/study-2-300x168.jpg 300w\" sizes=\"auto, (max-width: 586px) 100vw, 586px\" \/><\/figure>\n<\/div>\n\n\n<div style=\"height:20px\" aria-hidden=\"true\" class=\"wp-block-spacer\"><\/div>\n\n\n\n<h2 class=\"wp-block-heading\" style=\"font-size:20px\"><strong>Soluci\u00f3n<\/strong><\/h2>\n\n\n\n<p><a href=\"https:\/\/www.h2obfs.com\/es\/about-us\/\" data-type=\"page\" data-id=\"36\">H2O Biofouling Solutions,<\/a> ofreci\u00f3 a UNIPER un paquete de servicios para el control de la bioincrustaci\u00f3n, que garantiza un r\u00e9gimen de dosificaci\u00f3n efectivo proporcionando a los operadores una herramienta que les permita obtener informaci\u00f3n en tiempo real sobre la eficacia del r\u00e9gimen de dosificaci\u00f3n aplicado. El servicio incluye la instalaci\u00f3n de monitores de bioincrustaci\u00f3n (<a href=\"https:\/\/www.h2obfs.com\/es\/biofouling-solutions\/biovision\/\" data-type=\"page\" data-id=\"415\">Biovision<\/a>) y adem\u00e1s, se realiza un monitoreo peri\u00f3dico del cloro en puntos cr\u00edticos por un experto de H2O BFS. Los monitores est\u00e1n instalados en la entrada de los condensadores de cada unidad y supervisan cualquier riesgo de acumulaci\u00f3n de bioincrustaci\u00f3n en el sistema de refrigeraci\u00f3n. Durante la temporada de bioincrustaci\u00f3n, un experto de H2O BFS mide las concentraciones de cloro en los diferentes puntos del sistema para verificar la precisi\u00f3n del r\u00e9gimen de dosificaci\u00f3n aplicado. Adicionalmente, se controlan los niveles de cloro residual en las descargas para asegurar el cumplimiento de los l\u00edmites establecidos en el permiso de vertido.<\/p>\n\n\n\n<div style=\"height:20px\" aria-hidden=\"true\" class=\"wp-block-spacer\"><\/div>\n\n\n<div class=\"wp-block-image\">\n<figure class=\"aligncenter size-full is-resized\"><img alt=\"\" loading=\"lazy\" decoding=\"async\" width=\"380\" height=\"506\" src=\"https:\/\/h2obfs.com\/wp-content\/uploads\/2025\/04\/study-4.jpg\" class=\"wp-image-2105\" style=\"width:800px\" srcset=\"https:\/\/www.h2obfs.com\/wp-content\/uploads\/2025\/04\/study-4.jpg 380w, https:\/\/www.h2obfs.com\/wp-content\/uploads\/2025\/04\/study-4-225x300.jpg 225w\" sizes=\"auto, (max-width: 380px) 100vw, 380px\" \/><\/figure>\n<\/div>\n\n\n<div style=\"height:20px\" aria-hidden=\"true\" class=\"wp-block-spacer\"><\/div>\n\n\n\n<h2 class=\"wp-block-heading\" style=\"font-size:20px\">Resultado<\/h2>\n\n\n\n<p>Los monitores de bioincrustaci\u00f3n demostraron ser una herramienta valiosa para que UNIPER obtuviera una visi\u00f3n en tiempo real de cualquier riesgo de acumulaci\u00f3n de bioincrustaci\u00f3n en el sistema de refrigeraci\u00f3n. Gracias al dise\u00f1o espec\u00edfico de los monitores de H2O BFS, que simulan una variedad de velocidades y turbulencias, proporcionaron una alerta temprana sobre posibles acumulaciones en los distintos puntos del sistema, desde la entrada hasta la salida. El monitoreo peri\u00f3dico de cloro, junto con la instalaci\u00f3n de los monitores de bioincrustaci\u00f3n, contribuy\u00f3 a garantizar una operaci\u00f3n fiable del sistema de refrigeraci\u00f3n, generando ahorros en costos de operaci\u00f3n y mantenimiento. Durante una inspecci\u00f3n reciente realizada por H2O BFS y UNIPER, se confirm\u00f3 que el sistema de refrigeraci\u00f3n estaba completamente libre de bioincrustaci\u00f3n macro y microbiana. Solo en algunas ubicaciones menores sin flujo de agua de mar (por ejemplo, pozos de registro) se encontraron algunas conchas, lo que corrobor\u00f3 las observaciones visuales de los cupones de bioincrustaci\u00f3n del monitor Biovision.&nbsp;<\/p>\n\n\n\n<div style=\"height:20px\" aria-hidden=\"true\" class=\"wp-block-spacer\"><\/div>\n\n\n\n<h2 class=\"wp-block-heading\" style=\"font-size:20px\">Observaciones UNIPER<\/h2>\n\n\n\n<p>Para el desempe\u00f1o \u00f3ptimo de la planta, es de vital importancia que los sistemas de refrigeraci\u00f3n y los condensadores se mantengan 100 % limpios. El tratamiento qu\u00edmico est\u00e1 permitido en los Pa\u00edses Bajos, pero \u00fanicamente bajo estrictas normativas y con l\u00edmites rigurosos de emisi\u00f3n hacia las aguas superficiales. En colaboraci\u00f3n con H2O Biofouling Solutions, UNIPER ha logrado mantener estos sistemas limpios utilizando la menor cantidad posible de productos qu\u00edmicos. De este modo, el paquete de servicio de control de bioincrustaci\u00f3n de H2O BFS demuestra ser un enfoque efectivo y rentable para el control de la bioincrustaci\u00f3n en sistemas de refrigeraci\u00f3n.<\/p>\n\n\n\n<div style=\"height:20px\" aria-hidden=\"true\" class=\"wp-block-spacer\"><\/div>\n\n\n\n<figure class=\"wp-block-image size-full\"><a href=\"https:\/\/www.h2obfs.com\/es\/contact-us\/\" target=\"_blank\" rel=\" noreferrer noopener\"><img alt=\"\" loading=\"lazy\" decoding=\"async\" width=\"1440\" height=\"300\" src=\"https:\/\/www.h2obfs.com\/wp-content\/uploads\/2025\/05\/about-us-es-001.jpg\" class=\"wp-image-3675\" srcset=\"https:\/\/www.h2obfs.com\/wp-content\/uploads\/2025\/05\/about-us-es-001.jpg 1440w, https:\/\/www.h2obfs.com\/wp-content\/uploads\/2025\/05\/about-us-es-001-300x63.jpg 300w, https:\/\/www.h2obfs.com\/wp-content\/uploads\/2025\/05\/about-us-es-001-1024x213.jpg 1024w, https:\/\/www.h2obfs.com\/wp-content\/uploads\/2025\/05\/about-us-es-001-768x160.jpg 768w, https:\/\/www.h2obfs.com\/wp-content\/uploads\/2025\/05\/about-us-es-001-18x4.jpg 18w\" sizes=\"auto, (max-width: 1440px) 100vw, 1440px\" \/><\/a><\/figure>\n\n\n\n<div style=\"height:20px\" aria-hidden=\"true\" class=\"wp-block-spacer\"><\/div>\n\n\n\n<h2 class=\"wp-block-heading\" style=\"font-size:17px\">Otros Estudios de Caso<\/h2>\n\n\n\n<div class=\"wp-block-columns is-layout-flex wp-container-core-columns-is-layout-9d6595d7 wp-block-columns-is-layout-flex\">\n<div class=\"wp-block-column is-layout-flow wp-block-column-is-layout-flow\">\n<div class=\"wp-block-cover aligncenter\" style=\"min-height:307px;aspect-ratio:unset;\"><img alt=\"\" loading=\"lazy\" decoding=\"async\" width=\"2048\" height=\"1365\" class=\"wp-block-cover__image-background wp-image-577\" src=\"https:\/\/h2obfs.com\/wp-content\/uploads\/2025\/04\/shutterstock_754495600-2048x1365-1.jpg\" style=\"object-position:50% 50%\" data-object-fit=\"cover\" data-object-position=\"50% 50%\" srcset=\"https:\/\/www.h2obfs.com\/wp-content\/uploads\/2025\/04\/shutterstock_754495600-2048x1365-1.jpg 2048w, https:\/\/www.h2obfs.com\/wp-content\/uploads\/2025\/04\/shutterstock_754495600-2048x1365-1-300x200.jpg 300w, https:\/\/www.h2obfs.com\/wp-content\/uploads\/2025\/04\/shutterstock_754495600-2048x1365-1-1024x683.jpg 1024w, https:\/\/www.h2obfs.com\/wp-content\/uploads\/2025\/04\/shutterstock_754495600-2048x1365-1-768x512.jpg 768w, https:\/\/www.h2obfs.com\/wp-content\/uploads\/2025\/04\/shutterstock_754495600-2048x1365-1-1536x1024.jpg 1536w\" sizes=\"auto, (max-width: 2048px) 100vw, 2048px\" \/><span aria-hidden=\"true\" class=\"wp-block-cover__background has-background-dim\"><\/span><div class=\"wp-block-cover__inner-container is-layout-flow wp-block-cover-is-layout-flow\">\n<h3 class=\"wp-block-heading has-text-align-center has-medium-font-size\">REFINER\u00cdA EN EL PUERTO DE ROTTERDAM, PA\u00cdSES BAJOS.<\/h3>\n\n\n\n<div style=\"height:30px\" aria-hidden=\"true\" class=\"wp-block-spacer\"><\/div>\n\n\n\n<div class=\"wp-block-buttons is-vertical is-content-justification-center is-layout-flex wp-container-core-buttons-is-layout-41848169 wp-block-buttons-is-layout-flex\">\n<div class=\"wp-block-button has-custom-width wp-block-button__width-75 is-style-fill\"><a class=\"wp-block-button__link has-white-color has-text-color has-background has-link-color has-small-font-size has-custom-font-size wp-element-button\" href=\"https:\/\/www.h2obfs.com\/es\/case-studies\/refinery-in-rotterdam-harbour-the-netherlands\/\" style=\"border-radius:16px;background-color:#64ba4e;font-style:normal;font-weight:500;letter-spacing:2px;text-transform:uppercase\"><strong>LEER M\u00c1S<\/strong><\/a><\/div>\n<\/div>\n<\/div><\/div>\n<\/div>\n\n\n\n<div class=\"wp-block-column is-layout-flow wp-block-column-is-layout-flow\">\n<div class=\"wp-block-cover\" style=\"min-height:312px;aspect-ratio:unset;\"><img alt=\"\" loading=\"lazy\" decoding=\"async\" width=\"1024\" height=\"702\" class=\"wp-block-cover__image-background wp-image-609\" src=\"https:\/\/h2obfs.com\/wp-content\/uploads\/2025\/04\/Qatar-gas-1024x702.jpeg\" data-object-fit=\"cover\" srcset=\"https:\/\/www.h2obfs.com\/wp-content\/uploads\/2025\/04\/Qatar-gas-1024x702.jpeg 1024w, https:\/\/www.h2obfs.com\/wp-content\/uploads\/2025\/04\/Qatar-gas-300x206.jpeg 300w, https:\/\/www.h2obfs.com\/wp-content\/uploads\/2025\/04\/Qatar-gas-768x526.jpeg 768w, https:\/\/www.h2obfs.com\/wp-content\/uploads\/2025\/04\/Qatar-gas.jpeg 1500w\" sizes=\"auto, (max-width: 1024px) 100vw, 1024px\" \/><span aria-hidden=\"true\" class=\"wp-block-cover__background has-background-dim\"><\/span><div class=\"wp-block-cover__inner-container is-layout-flow wp-block-cover-is-layout-flow\">\n<h3 class=\"wp-block-heading has-text-align-center has-medium-font-size\">QATARGAS<\/h3>\n\n\n\n<div style=\"height:60px\" aria-hidden=\"true\" class=\"wp-block-spacer\"><\/div>\n\n\n\n<div class=\"wp-block-buttons is-content-justification-center is-layout-flex wp-container-core-buttons-is-layout-16018d1d wp-block-buttons-is-layout-flex\">\n<div class=\"wp-block-button has-custom-width wp-block-button__width-75\"><a class=\"wp-block-button__link has-white-color has-text-color has-background has-link-color has-small-font-size has-custom-font-size wp-element-button\" href=\"https:\/\/www.h2obfs.com\/es\/case-studies\/qatargas\/\" style=\"border-radius:16px;background-color:#64ba4e;font-style:normal;font-weight:500;letter-spacing:2px\"><strong>LEER M\u00c1S<\/strong><\/a><\/div>\n<\/div>\n<\/div><\/div>\n<\/div>\n\n\n\n<div class=\"wp-block-column is-layout-flow wp-block-column-is-layout-flow\">\n<div class=\"wp-block-cover\" style=\"min-height:313px;aspect-ratio:unset;\"><img alt=\"\" loading=\"lazy\" decoding=\"async\" width=\"1024\" height=\"768\" class=\"wp-block-cover__image-background wp-image-615\" src=\"https:\/\/h2obfs.com\/wp-content\/uploads\/2025\/04\/Kwinana-case-study-1-1024x768.png\" data-object-fit=\"cover\" srcset=\"https:\/\/www.h2obfs.com\/wp-content\/uploads\/2025\/04\/Kwinana-case-study-1-1024x768.png 1024w, https:\/\/www.h2obfs.com\/wp-content\/uploads\/2025\/04\/Kwinana-case-study-1-300x225.png 300w, https:\/\/www.h2obfs.com\/wp-content\/uploads\/2025\/04\/Kwinana-case-study-1-768x576.png 768w, https:\/\/www.h2obfs.com\/wp-content\/uploads\/2025\/04\/Kwinana-case-study-1-1536x1152.png 1536w, https:\/\/www.h2obfs.com\/wp-content\/uploads\/2025\/04\/Kwinana-case-study-1-2048x1536.png 2048w\" sizes=\"auto, (max-width: 1024px) 100vw, 1024px\" \/><span aria-hidden=\"true\" class=\"wp-block-cover__background has-background-dim\"><\/span><div class=\"wp-block-cover__inner-container is-layout-flow wp-block-cover-is-layout-flow\">\n<h3 class=\"wp-block-heading has-text-align-center has-medium-font-size\" style=\"text-transform:uppercase\">CENTRAL EL\u00c9CTRICA DE KWINANA<\/h3>\n\n\n\n<div style=\"height:53px\" aria-hidden=\"true\" class=\"wp-block-spacer\"><\/div>\n\n\n\n<div class=\"wp-block-buttons is-content-justification-center is-layout-flex wp-container-core-buttons-is-layout-16018d1d wp-block-buttons-is-layout-flex\">\n<div class=\"wp-block-button has-custom-width wp-block-button__width-75\"><a class=\"wp-block-button__link has-white-color has-text-color has-background has-link-color has-small-font-size has-custom-font-size wp-element-button\" href=\"https:\/\/www.h2obfs.com\/es\/case-studies\/kwinana-power-plant\/\" style=\"border-radius:16px;background-color:#64ba4e;font-style:normal;font-weight:500;letter-spacing:2px\"><strong>LEER M\u00c1S<\/strong><\/a><\/div>\n<\/div>\n<\/div><\/div>\n<\/div>\n<\/div>","protected":false},"excerpt":{"rendered":"<p>UNIPER Maasvlakte Power Plants The UNIPER power plant, Maasvlakte (MPP3) is located adjacent to Rotterdam harbour on the North Sea coast and has a capacity of 1100 MW netto. The &#8230;<\/p>","protected":false},"author":1,"featured_media":0,"parent":39,"menu_order":0,"comment_status":"closed","ping_status":"closed","template":"","meta":{"_seopress_robots_primary_cat":"","_seopress_titles_title":"UNIPER Maasvlakte - Case Studies - H2O Biofouling Solutions","_seopress_titles_desc":"The UNIPER power plant, Maasvlakte (MPP3) is located adjacent to Rotterdam harbour on the North Sea coast and has a capacity of 1100 MW netto.","_seopress_robots_index":"","_seopress_analysis_target_kw":"","footnotes":""},"class_list":["post-2095","page","type-page","status-publish","hentry"],"_links":{"self":[{"href":"https:\/\/www.h2obfs.com\/es\/wp-json\/wp\/v2\/pages\/2095","targetHints":{"allow":["GET"]}}],"collection":[{"href":"https:\/\/www.h2obfs.com\/es\/wp-json\/wp\/v2\/pages"}],"about":[{"href":"https:\/\/www.h2obfs.com\/es\/wp-json\/wp\/v2\/types\/page"}],"author":[{"embeddable":true,"href":"https:\/\/www.h2obfs.com\/es\/wp-json\/wp\/v2\/users\/1"}],"replies":[{"embeddable":true,"href":"https:\/\/www.h2obfs.com\/es\/wp-json\/wp\/v2\/comments?post=2095"}],"version-history":[{"count":23,"href":"https:\/\/www.h2obfs.com\/es\/wp-json\/wp\/v2\/pages\/2095\/revisions"}],"predecessor-version":[{"id":4065,"href":"https:\/\/www.h2obfs.com\/es\/wp-json\/wp\/v2\/pages\/2095\/revisions\/4065"}],"up":[{"embeddable":true,"href":"https:\/\/www.h2obfs.com\/es\/wp-json\/wp\/v2\/pages\/39"}],"wp:attachment":[{"href":"https:\/\/www.h2obfs.com\/es\/wp-json\/wp\/v2\/media?parent=2095"}],"curies":[{"name":"wp","href":"https:\/\/api.w.org\/{rel}","templated":true}]}}