{"id":3,"date":"2025-04-01T13:17:50","date_gmt":"2025-04-01T13:17:50","guid":{"rendered":"https:\/\/h2obfs.com\/home\/h2obfs\/public_html\/?page_id=3"},"modified":"2025-04-04T18:18:14","modified_gmt":"2025-04-04T18:18:14","slug":"privacy-policy","status":"publish","type":"page","link":"https:\/\/www.h2obfs.com\/es\/privacy-policy\/","title":{"rendered":"Privacy Statement"},"content":{"rendered":"<h5 class=\"wp-block-heading\"><strong>INTRODUCCI\u00d3N Y CONSIDERACIONES GENERALES<\/strong><\/h5>\n\n\n\n<p>Por favor, lea atentamente lo siguiente para comprender nuestras pr\u00e1cticas y pol\u00edticas respecto a sus datos y c\u00f3mo los tratamos. Entendemos la importancia de mantener esta informaci\u00f3n segura y de brindarle informaci\u00f3n clara sobre el uso que hacemos de la misma.<\/p>\n\n\n\n<p>H2O Biofouling Solutions B.V. (en adelante, H2O BFS), con domicilio social en Nijverheidsweg 14A, 6662 NG Elst, Pa\u00edses Bajos, <strong>+31 481842299<\/strong>, correo electr\u00f3nico\u00a0<a href=\"mailto:contact@h2obfs.com\"><strong>contact@h2obfs.com<\/strong><\/a>, sitio web\u00a0<a href=\"https:\/\/www.ecodosing.com\/\"><strong>https:\/\/www.h2obfs.com\/<\/strong><\/a>, es la entidad responsable de recopilar y procesar datos personales para los fines indicados en esta Declaraci\u00f3n de Privacidad.<\/p>\n\n\n\n<p>H2O BFS se compromete a procesar los datos personales de conformidad con las mejores pr\u00e1cticas en materia de seguridad y protecci\u00f3n de datos personales, valorando la relaci\u00f3n con todos sus accionistas, empleados, proveedores de servicios y clientes en todas las actividades que realiza. En este contexto, H2O BFS ha aprobado esta Declaraci\u00f3n de Privacidad con el objetivo de proporcionar de forma clara, sencilla y transparente toda la informaci\u00f3n sobre la recopilaci\u00f3n y el tratamiento de datos personales de los que es responsable, en cumplimiento del Reglamento (UE) 2016\/679 del Parlamento Europeo y del Consejo, de 27 de abril de 2016 (en adelante, el RGPD), relativo a la protecci\u00f3n de las personas f\u00edsicas en lo que respecta al tratamiento de datos personales y a la libre circulaci\u00f3n de estos datos en la UE, as\u00ed como otras legislaciones aplicables.<\/p>\n\n\n\n<p>Los datos personales, incluyendo informaci\u00f3n como nombre, direcci\u00f3n, correo electr\u00f3nico o n\u00famero de tel\u00e9fono del interesado, ser\u00e1n siempre tratados conforme al RGPD y a las normativas nacionales de protecci\u00f3n de datos aplicables a H2O BFS.<\/p>\n\n\n\n<p>Nuestra empresa tiene como objetivo informar al p\u00fablico en general sobre el alcance y prop\u00f3sito de los datos personales que recopilamos, utilizamos y tratamos mediante esta declaraci\u00f3n. Adem\u00e1s, a trav\u00e9s de esta declaraci\u00f3n de protecci\u00f3n de datos, se informa al interesado sobre los derechos que le corresponden.<\/p>\n\n\n\n<h5 class=\"wp-block-heading\"><strong>INFORMACI\u00d3N RECOPILADA POR H2O BIOFOULING SOLUTIONS B.V.<\/strong><\/h5>\n\n\n\n<p>Los servidores de nuestro sitio web no reconocen autom\u00e1ticamente informaci\u00f3n espec\u00edfica sobre usuarios individuales en nuestros sitios web. Adem\u00e1s, nuestros servidores no registran autom\u00e1ticamente informaci\u00f3n sobre la direcci\u00f3n de correo electr\u00f3nico de un usuario, a menos que este la proporcione.<\/p>\n\n\n\n<p>Recopilamos informaci\u00f3n sobre los usuarios durante el proceso de registro en ciertas secciones de nuestro sitio; mediante su participaci\u00f3n en determinadas actividades, como solicitudes de folletos o art\u00edculos, solicitudes de contacto a trav\u00e9s del formulario de contacto, y mediante el uso de cookies. Cuando usted solicita p\u00e1ginas de nuestro servidor, este recopila autom\u00e1ticamente cierta informaci\u00f3n sobre sus preferencias, incluyendo su direcci\u00f3n de protocolo de Internet (\u201cIP\u201d). Utilizamos esta informaci\u00f3n para administrar nuestros sitios web.<\/p>\n\n\n\n<p>H2O BFS utiliza cookies para diferenciarle de otros usuarios del sitio web. Esto ayuda a proporcionarle una buena experiencia durante su navegaci\u00f3n y tambi\u00e9n permite realizar mejoras. Para obtener informaci\u00f3n detallada sobre las cookies utilizadas y los fines para los que se emplean, consulte nuestra<a href=\"https:\/\/www.ecodosing.com\/cookie-policy\/\">&nbsp;Pol\u00edtica de cookies<\/a>.<\/p>\n\n\n\n<p>Estos datos se recopilan \u00fanicamente con fines estad\u00edsticos internos y para ayudar a diagnosticar problemas en nuestro servidor. H2O BFS no recopila datos a trav\u00e9s del sitio web con fines comerciales o de marketing, y no vendemos, intercambiamos ni distribuimos de ninguna otra forma los datos recopilados con dichos fines.<\/p>\n\n\n\n<h5 class=\"wp-block-heading\"><strong>FINALIDAD DE LOS DATOS PERSONALES RECOPILADOS<\/strong><\/h5>\n\n\n\n<p>Los datos personales que usted nos proporciona voluntariamente en nuestros sitios web y otros canales relacionados podr\u00e1n ser tratados para los siguientes fines:<\/p>\n\n\n\n<p>para proporcionarle nuestros productos y\/o servicios;<\/p>\n\n\n\n<p>para gestionar contratos y\/o proyectos con usted;<\/p>\n\n\n\n<p>para comprender y analizar nuestros servicios ofrecidos, as\u00ed como sus necesidades y preferencias;<\/p>\n\n\n\n<p>para desarrollar, mejorar y ofrecer servicios que satisfagan sus necesidades;<\/p>\n\n\n\n<p>para permitirte obtener una visi\u00f3n clara de nuestros servicios;<\/p>\n\n\n\n<p>para mejorar nuestros servicios;<\/p>\n\n\n\n<p>para responder a sus solicitudes o quejas;<\/p>\n\n\n\n<p>para cumplir con cualquier obligaci\u00f3n normativa, estatutaria o legal impuesta por cualquier autoridad competente.<\/p>\n\n\n\n<p>Aunque los detalles precisos de los Datos Personales recopilados var\u00edan seg\u00fan el prop\u00f3sito espec\u00edfico (desde una consulta a trav\u00e9s del formulario de contacto hasta un contrato para un proyecto o servicio) y si es a trav\u00e9s de canales en l\u00ednea o de otro tipo, podemos recopilar parte o la totalidad de la siguiente informaci\u00f3n sobre usted:<\/p>\n\n\n\n<ul class=\"wp-block-list\">\n<li>Nombre y t\u00edtulo<\/li>\n\n\n\n<li>Datos de contacto laboral, incluyendo direcci\u00f3n de la empresa, correo electr\u00f3nico laboral, n\u00famero de tel\u00e9fono de trabajo y enlaces a cuentas en redes sociales<\/li>\n\n\n\n<li>Direcci\u00f3n postal<\/li>\n<\/ul>\n\n\n\n<p>La gesti\u00f3n de proyectos y\/o servicios puede requerir que su informaci\u00f3n y datos personales sean compartidos con terceros, incluidos proveedores de servicios, consultores y socios log\u00edsticos que brindan soporte a H2O BFS. Tomaremos el m\u00e1ximo cuidado para garantizar que todas las partes con las que compartimos sus datos mantengan su informaci\u00f3n segura y no la utilicen para fines distintos a los especificados en el Aviso de Privacidad. Ofreceremos la opci\u00f3n de ejecutar nuestros servicios o proyectos bajo un acuerdo de confidencialidad (NDA). Compartiremos su informaci\u00f3n \u00fanicamente cuando la ley nos lo exija. Conservaremos estos datos mientras sea necesario para la actividad de procesamiento correspondiente y es posible que mantengamos algunos de sus datos de forma indefinida.<\/p>\n\n\n\n<p>En resumen, recopilaremos y procesaremos su informaci\u00f3n para permitir que la empresa ofrezca nuestros productos y servicios, gestione contratos y proyectos, mantenga una supervisi\u00f3n efectiva y le mantenga informado sobre nuestras novedades y servicios. Si tiene alguna inquietud sobre c\u00f3mo se recopilan y procesan sus datos personales y desea m\u00e1s informaci\u00f3n, visite nuestra\u00a0<a href=\"https:\/\/www.ecodosing.com\/cookie-policy\/\">Pol\u00edtica de cookies<\/a>\u00a0o\u00a0<a href=\"https:\/\/www.h2obfs.com\/es\/contact\/\" target=\"_blank\" rel=\"noreferrer noopener\">Contacto<\/a>\u00a0con nosotros.<\/p>\n\n\n\n<h5 class=\"wp-block-heading\"><strong>GARANT\u00cdAS EN EL TRATAMIENTO DE DATOS PERSONALES<\/strong><\/h5>\n\n\n\n<p>El tratamiento de datos personales en H2O BFS se realiza de manera transparente y en estricto cumplimiento del derecho a la privacidad, as\u00ed como de los derechos fundamentales, libertades y garant\u00edas de los titulares de los datos.<\/p>\n\n\n\n<p>Los datos personales se recogen directamente de los titulares, ya sea mediante contacto personal o por escrito (correo electr\u00f3nico o postal), para los fines expresos y leg\u00edtimos establecidos, y no podr\u00e1n ser tratados posteriormente de manera incompatible con dichos fines.<\/p>\n\n\n\n<p>Si los datos personales se recaban de terceros, se informar\u00e1 al titular de dichos datos sobre esta recogida y sobre sus derechos como titular de los datos.<\/p>\n\n\n\n<h5 class=\"wp-block-heading\"><strong>MANEJO DE CORREOS ELECTR\u00d3NICOS, MENSAJES Y DATOS EN CARPETAS COMPARTIDAS<\/strong><\/h5>\n\n\n\n<p>Podemos conservar el contenido de cualquier correo electr\u00f3nico, mensaje electr\u00f3nico u otra informaci\u00f3n que recibamos. Cualquier dato personal contenido en esos mensajes solo ser\u00e1 utilizado o divulgado de acuerdo con lo establecido en esta Pol\u00edtica de Privacidad.<\/p>\n\n\n\n<p>El contenido puede ser supervisado por nuestros proveedores de servicios o empleados con fines que incluyen, pero no se limitan a, cumplimiento, auditor\u00edas, mantenimiento o en casos donde se sospeche un uso indebido del correo electr\u00f3nico.<\/p>\n\n\n\n<h5 class=\"wp-block-heading\"><strong>SUS DERECHOS EN MATERIA DE PROTECCI\u00d3N DE DATOS<\/strong><\/h5>\n\n\n\n<p>Bajo la legislaci\u00f3n de protecci\u00f3n de datos, usted tiene los siguientes derechos:<\/p>\n\n\n\n<p>Su derecho de acceso \u2013 Usted tiene derecho a solicitarnos copias de su informaci\u00f3n personal.<\/p>\n\n\n\n<p>Su derecho a la rectificaci\u00f3n \u2013 Usted tiene derecho a solicitarnos la rectificaci\u00f3n de la informaci\u00f3n personal que considere inexacta. Tambi\u00e9n tiene derecho a pedirnos que completemos la informaci\u00f3n que considere incompleta.<\/p>\n\n\n\n<p>Su derecho a la supresi\u00f3n \u2013 Usted tiene derecho a solicitarnos la eliminaci\u00f3n de su informaci\u00f3n personal en determinadas circunstancias.<\/p>\n\n\n\n<p>Su derecho a la limitaci\u00f3n del tratamiento \u2013 Usted tiene derecho a solicitarnos que limitemos el tratamiento de su informaci\u00f3n personal en determinadas circunstancias.<\/p>\n\n\n\n<p>Su derecho a oponerse al tratamiento \u2013 Usted tiene derecho a oponerse al tratamiento de su informaci\u00f3n personal en determinadas circunstancias.<\/p>\n\n\n\n<p>Su derecho a la portabilidad de los datos \u2013 Usted tiene derecho a solicitar que transfiramos su informaci\u00f3n personal proporcionada a otra organizaci\u00f3n, o a usted mismo, en determinadas circunstancias.<\/p>\n\n\n\n<p>No se le cobrar\u00e1 ninguna tarifa por ejercer sus derechos. Si realiza una solicitud, disponemos de un mes para responderle.<\/p>\n\n\n\n<p>Por favor, cont\u00e1ctenos al tel\u00e9fono: <strong>+31 481842299<\/strong> o por correo electr\u00f3nico\u00a0<a href=\"mailto:contact@h2obfs.com\">contact@h2obfs.com<\/a>\u00a0si desea realizar una solicitud.\u00a0<\/p>\n\n\n\n<p>Si tiene alguna inquietud sobre nuestro uso de su informaci\u00f3n personal, puede presentar una reclamaci\u00f3n ante nosotros en\u00a0<a href=\"https:\/\/www.h2obfs.com\/es\/contact\/\" target=\"_blank\" rel=\"noreferrer noopener\">Contacto<\/a>, a trav\u00e9s del tel\u00e9fono: <strong>+31 481842299<\/strong>, o a trav\u00e9s del correo electr\u00f3nico:\u00a0<a href=\"mailto:contact@h2obfs.com\">contact@h2obfs.com\u00a0<\/a>detalles para consultas sobre protecci\u00f3n de datos.<\/p>\n\n\n\n<h5 class=\"wp-block-heading\"><strong>CAMBIOS EN LA DECLARACI\u00d3N DE PRIVACIDAD<\/strong><\/h5>\n\n\n\n<p>Nos reservamos el derecho de modificar esta Declaraci\u00f3n de Privacidad cuando se considere necesario y sin previo aviso. Cualquier cambio en la Declaraci\u00f3n de Privacidad se publicar\u00e1 en nuestro sitio web, por lo que le recomendamos que lo visite peri\u00f3dicamente para mantenerse informado sobre posibles modificaciones.<\/p>\n\n\n\n<p><em>\u00daltima actualizaci\u00f3n: 04\/01\/2024<\/em><\/p>\n\n\n\n<p><\/p>","protected":false},"excerpt":{"rendered":"<p>Introduction and General Considerations Please read the following carefully to understand our practices and views regarding your data and how we treat it. We understand the importance of keeping such &#8230;<\/p>","protected":false},"author":1,"featured_media":0,"parent":0,"menu_order":0,"comment_status":"closed","ping_status":"open","template":"","meta":{"_seopress_robots_primary_cat":"","_seopress_titles_title":"","_seopress_titles_desc":"","_seopress_robots_index":"","_seopress_analysis_target_kw":"","footnotes":""},"class_list":["post-3","page","type-page","status-publish","hentry"],"_links":{"self":[{"href":"https:\/\/www.h2obfs.com\/es\/wp-json\/wp\/v2\/pages\/3","targetHints":{"allow":["GET"]}}],"collection":[{"href":"https:\/\/www.h2obfs.com\/es\/wp-json\/wp\/v2\/pages"}],"about":[{"href":"https:\/\/www.h2obfs.com\/es\/wp-json\/wp\/v2\/types\/page"}],"author":[{"embeddable":true,"href":"https:\/\/www.h2obfs.com\/es\/wp-json\/wp\/v2\/users\/1"}],"replies":[{"embeddable":true,"href":"https:\/\/www.h2obfs.com\/es\/wp-json\/wp\/v2\/comments?post=3"}],"version-history":[{"count":1,"href":"https:\/\/www.h2obfs.com\/es\/wp-json\/wp\/v2\/pages\/3\/revisions"}],"predecessor-version":[{"id":446,"href":"https:\/\/www.h2obfs.com\/es\/wp-json\/wp\/v2\/pages\/3\/revisions\/446"}],"wp:attachment":[{"href":"https:\/\/www.h2obfs.com\/es\/wp-json\/wp\/v2\/media?parent=3"}],"curies":[{"name":"wp","href":"https:\/\/api.w.org\/{rel}","templated":true}]}}