{"id":3416,"date":"2025-05-08T05:59:23","date_gmt":"2025-05-08T05:59:23","guid":{"rendered":"https:\/\/h2obfs.com\/?page_id=3416"},"modified":"2025-05-10T09:00:51","modified_gmt":"2025-05-10T09:00:51","slug":"news","status":"publish","type":"page","link":"https:\/\/www.h2obfs.com\/es\/news\/","title":{"rendered":"Noticias"},"content":{"rendered":"<h1 class=\"wp-block-heading\" style=\"font-size:20px\">\u00daLTIMAS NOVEDADES <\/h1>\n\n\n\n<div style=\"height:40px\" aria-hidden=\"true\" class=\"wp-block-spacer\"><\/div>\n\n\n\n<iframe src='https:\/\/widgets.sociablekit.com\/linkedin-page-posts\/iframe\/25555256' frameborder='0' width='100%' height='1000'><\/iframe>\n\n\n\n<div style=\"height:50px\" aria-hidden=\"true\" class=\"wp-block-spacer\"><\/div>\n\n\n\n\t\t\t<div class=\"display-post-types\">\n\n\t\t\t\t\t\t\t<style type=\"text\/css\">\n\t\t\t#dpt-wrapper-995 { --dpt-text-align: left;--dpt-image-crop: center;--dpt-border-radius: 5px;--dpt-h-gutter: 10px;--dpt-v-gutter: 10px; }\t\t\t<\/style>\n\t\t\t<style type=\"text\/css\">#dpt-wrapper-995 { --dpt-title-font-style:normal;--dpt-title-font-weight:600;--dpt-title-line-height:1.5;--dpt-title-text-decoration:none;--dpt-title-text-transform:none;--dpt-excerpt-font-style:normal;--dpt-excerpt-font-weight:400;--dpt-excerpt-line-height:1.5;--dpt-excerpt-text-decoration:none;--dpt-excerpt-text-transform:none;--dpt-meta1-font-style:normal;--dpt-meta1-font-weight:400;--dpt-meta1-line-height:1.9;--dpt-meta1-text-decoration:none;--dpt-meta1-text-transform:none;--dpt-meta2-font-style:normal;--dpt-meta2-font-weight:400;--dpt-meta2-line-height:1.9;--dpt-meta2-text-decoration:none;--dpt-meta2-text-transform:none; }<\/style>\t\t\t\n\t\t\t\t<div id=\"dpt-wrapper-995\" class=\"dpt-wrapper dpt-list1 custom dpt-cropped dpt-flex-wrap\" >\n\n\t\t\t\t\t\t\t\t\t\t\t<div class=\"dpt-entry has-thumbnail\" data-title=\"innovative solutions for industrial water &#8211; uvc-led technology\" data-id=\"2373\"  data-category=\"uncategorized\">\n\t\t\t\t\t\t\t<div class=\"dpt-entry-wrapper\"><div class=\"dpt-featured-content\"><div class=\"dpt-permalink\"><a href=\"https:\/\/www.h2obfs.com\/es\/innovative-solutions-for-industrial-water-uvc-led-technology\/\" class=\"dpt-permalink\"><span class=\"screen-reader-text\">SOLUCIONES INNOVADORAS PARA EL AGUA INDUSTRIAL \u2013 TECNOLOG\u00cdA UVC-LED<\/span><\/a><\/div><div class=\"dpt-thumbnail\"><div class=\"dpt-thumbnail-inner\"><img width=\"634\" height=\"387\" class=\"attachment-full size-full\" alt=\"\" context=\"dpt\" data-dpt-src=\"https:\/\/www.h2obfs.com\/wp-content\/uploads\/2025\/04\/UVC-LED-News-Article-04-27-2025_11_39_AM.png\" data-dpt-sizes=\"(max-width: 634px) 100vw, 634px\" data-dpt-srcset=\"https:\/\/www.h2obfs.com\/wp-content\/uploads\/2025\/04\/UVC-LED-News-Article-04-27-2025_11_39_AM.png 634w, https:\/\/www.h2obfs.com\/wp-content\/uploads\/2025\/04\/UVC-LED-News-Article-04-27-2025_11_39_AM-300x183.png 300w\" \/><\/div><span class=\"dpt-thumbnail-aspect-ratio\" style=\"padding-top: 60%\"><\/span><\/div><\/div><div class=\"sub-entry\"><h3 class=\"dpt-title\"><a class=\"dpt-title-link\" href=\"https:\/\/www.h2obfs.com\/es\/innovative-solutions-for-industrial-water-uvc-led-technology\/\" rel=\"bookmark\">SOLUCIONES INNOVADORAS PARA EL AGUA INDUSTRIAL \u2013 TECNOLOG\u00cdA UVC-LED<\/a><\/h3><div class=\"dpt-meta1 dpt-meta\"><div class=\"dpt-author\"><a href=\"https:\/\/www.h2obfs.com\/es\/author\/h2obfs\/\"><span>h2obfs<\/span><\/a><\/div> \u00b7 <div class=\"dpt-date\"><time datetime=\"2025-03-04T03:46:50+00:00\">4 de Marzo, 2025<\/time><\/div><\/div><div class=\"dpt-excerpt\">H2O Biofouling Solutions presentar\u00e1 su \u00faltima investigaci\u00f3n sobre la tecnolog\u00eda UVC-LED, una soluci\u00f3n no qu\u00edmica para el control de la bioincrustaci\u00f3n marina, en AquaNederland 2025, que se celebrar\u00e1 el 20 de marzo de 2025.<\/div><\/div><\/div>\n\t\t\t\t\t\t<\/div><!-- .dpt-entry -->\n\t\t\t\t\t\t\t\t\t\t\t\t<div class=\"dpt-entry has-thumbnail\" data-title=\"today at aqua nederland 2024\" data-id=\"1674\"  data-category=\"responsive\" data-post_tag=\"gorinchem h2o biofouling solutions harry polman\">\n\t\t\t\t\t\t\t<div class=\"dpt-entry-wrapper\"><div class=\"dpt-featured-content\"><div class=\"dpt-permalink\"><a href=\"https:\/\/www.h2obfs.com\/es\/today-at-aqua-nederland-2024\/\" class=\"dpt-permalink\"><span class=\"screen-reader-text\">Hoy en AQUA Nederland 2024<\/span><\/a><\/div><div class=\"dpt-thumbnail\"><div class=\"dpt-thumbnail-inner\"><img width=\"991\" height=\"557\" class=\"attachment-full size-full\" alt=\"\" context=\"dpt\" data-dpt-src=\"https:\/\/www.h2obfs.com\/wp-content\/uploads\/2025\/04\/AquaNL-03-2024-991x557-1.jpg\" data-dpt-sizes=\"(max-width: 991px) 100vw, 991px\" data-dpt-srcset=\"https:\/\/www.h2obfs.com\/wp-content\/uploads\/2025\/04\/AquaNL-03-2024-991x557-1.jpg 991w, https:\/\/www.h2obfs.com\/wp-content\/uploads\/2025\/04\/AquaNL-03-2024-991x557-1-300x169.jpg 300w, https:\/\/www.h2obfs.com\/wp-content\/uploads\/2025\/04\/AquaNL-03-2024-991x557-1-768x432.jpg 768w\" \/><\/div><span class=\"dpt-thumbnail-aspect-ratio\" style=\"padding-top: 60%\"><\/span><\/div><\/div><div class=\"sub-entry\"><h3 class=\"dpt-title\"><a class=\"dpt-title-link\" href=\"https:\/\/www.h2obfs.com\/es\/today-at-aqua-nederland-2024\/\" rel=\"bookmark\">Hoy en AQUA Nederland 2024<\/a><\/h3><div class=\"dpt-meta1 dpt-meta\"><div class=\"dpt-author\"><a href=\"https:\/\/www.h2obfs.com\/es\/author\/h2obfs\/\"><span>h2obfs<\/span><\/a><\/div> \u00b7 <div class=\"dpt-date\"><time datetime=\"2024-03-19T18:07:00+00:00\">19 de Marzo, 2024<\/time><\/div><\/div><div class=\"dpt-excerpt\">H2O Biofouling Solutions le invita a visitarnos en la feria Aqua Netherlands, que se celebrar\u00e1 en Gorinchem, Pa\u00edses Bajos, los d\u00edas 19, 20 y 21 de marzo de 2024.<\/div><\/div><\/div>\n\t\t\t\t\t\t<\/div><!-- .dpt-entry -->\n\t\t\t\t\t\t\t\t\t\t\t\t<div class=\"dpt-entry has-thumbnail\" data-title=\"in-no-plastic final meeting \u2013 removal of marine litter and circular economy: challenges and opportunities\" data-id=\"1435\"  data-category=\"responsive\" data-post_tag=\"circular economy in-no-plastic in-no-plastic final meeting marine litter\">\n\t\t\t\t\t\t\t<div class=\"dpt-entry-wrapper\"><div class=\"dpt-featured-content\"><div class=\"dpt-permalink\"><a href=\"https:\/\/www.h2obfs.com\/es\/in-no-plastic-final-meeting-removal-of-marine-litter-and-circular-economy-challenges-and-opportunities\/\" class=\"dpt-permalink\"><span class=\"screen-reader-text\">REUNI\u00d3N FINAL DE IN-NO-PLASTIC \u2013 Eliminaci\u00f3n de basura marina y econom\u00eda circular: desaf\u00edos y oportunidades<\/span><\/a><\/div><div class=\"dpt-thumbnail\"><div class=\"dpt-thumbnail-inner\"><img width=\"991\" height=\"743\" class=\"attachment-full size-full\" alt=\"\" context=\"dpt\" data-dpt-src=\"https:\/\/www.h2obfs.com\/wp-content\/uploads\/2016\/02\/in-no-plastic-general-assembly-presentation-1-991x743-1.png\" data-dpt-sizes=\"(max-width: 991px) 100vw, 991px\" data-dpt-srcset=\"https:\/\/www.h2obfs.com\/wp-content\/uploads\/2016\/02\/in-no-plastic-general-assembly-presentation-1-991x743-1.png 991w, https:\/\/www.h2obfs.com\/wp-content\/uploads\/2016\/02\/in-no-plastic-general-assembly-presentation-1-991x743-1-300x225.png 300w, https:\/\/www.h2obfs.com\/wp-content\/uploads\/2016\/02\/in-no-plastic-general-assembly-presentation-1-991x743-1-768x576.png 768w\" \/><\/div><span class=\"dpt-thumbnail-aspect-ratio\" style=\"padding-top: 60%\"><\/span><\/div><\/div><div class=\"sub-entry\"><h3 class=\"dpt-title\"><a class=\"dpt-title-link\" href=\"https:\/\/www.h2obfs.com\/es\/in-no-plastic-final-meeting-removal-of-marine-litter-and-circular-economy-challenges-and-opportunities\/\" rel=\"bookmark\">REUNI\u00d3N FINAL DE IN-NO-PLASTIC \u2013 Eliminaci\u00f3n de basura marina y econom\u00eda circular: desaf\u00edos y oportunidades<\/a><\/h3><div class=\"dpt-meta1 dpt-meta\"><div class=\"dpt-author\"><a href=\"https:\/\/www.h2obfs.com\/es\/author\/h2obfs\/\"><span>h2obfs<\/span><\/a><\/div> \u00b7 <div class=\"dpt-date\"><time datetime=\"2024-03-18T08:27:00+00:00\">18 de Marzo, 2024<\/time><\/div><\/div><div class=\"dpt-excerpt\">In-No-Plastic (enfoques innovadores para la prevenci\u00f3n, eliminaci\u00f3n y reutilizaci\u00f3n de basura pl\u00e1stica marina) es un proyecto de tres a\u00f1os financiado por la UE que tiene como objetivo desarrollar y demostrar tecnolog\u00edas de limpieza de nano-, micro- y macropl\u00e1sticos en ecosistemas acu\u00e1ticos.<\/div><\/div><\/div>\n\t\t\t\t\t\t<\/div><!-- .dpt-entry -->\n\t\t\t\t\t\t\n\t\t\t\t<\/div>\n\t\t\t<div class=\"dp-pagination\"><span aria-current=\"page\" class=\"page-numbers current\">1<\/span>\n<a class=\"page-numbers\" href=\"https:\/\/www.h2obfs.com\/es\/wp-json\/wp\/v2\/pages\/3416\/?paged1=2\">2<\/a>\n<a class=\"next page-numbers\" href=\"https:\/\/www.h2obfs.com\/es\/wp-json\/wp\/v2\/pages\/3416\/?paged1=2\">Siguiente &raquo;<\/a><\/div>\t\t\t<\/div>","protected":false},"excerpt":{"rendered":"<p>\u00daLTIMAS NOVEDADES<\/p>","protected":false},"author":1,"featured_media":0,"parent":0,"menu_order":0,"comment_status":"closed","ping_status":"closed","template":"","meta":{"_seopress_robots_primary_cat":"","_seopress_titles_title":"","_seopress_titles_desc":"","_seopress_robots_index":"","_seopress_analysis_target_kw":"","footnotes":""},"class_list":["post-3416","page","type-page","status-publish","hentry"],"_links":{"self":[{"href":"https:\/\/www.h2obfs.com\/es\/wp-json\/wp\/v2\/pages\/3416","targetHints":{"allow":["GET"]}}],"collection":[{"href":"https:\/\/www.h2obfs.com\/es\/wp-json\/wp\/v2\/pages"}],"about":[{"href":"https:\/\/www.h2obfs.com\/es\/wp-json\/wp\/v2\/types\/page"}],"author":[{"embeddable":true,"href":"https:\/\/www.h2obfs.com\/es\/wp-json\/wp\/v2\/users\/1"}],"replies":[{"embeddable":true,"href":"https:\/\/www.h2obfs.com\/es\/wp-json\/wp\/v2\/comments?post=3416"}],"version-history":[{"count":18,"href":"https:\/\/www.h2obfs.com\/es\/wp-json\/wp\/v2\/pages\/3416\/revisions"}],"predecessor-version":[{"id":3456,"href":"https:\/\/www.h2obfs.com\/es\/wp-json\/wp\/v2\/pages\/3416\/revisions\/3456"}],"wp:attachment":[{"href":"https:\/\/www.h2obfs.com\/es\/wp-json\/wp\/v2\/media?parent=3416"}],"curies":[{"name":"wp","href":"https:\/\/api.w.org\/{rel}","templated":true}]}}