{"id":36,"date":"2025-04-01T19:21:28","date_gmt":"2025-04-01T19:21:28","guid":{"rendered":"https:\/\/h2obfs.com\/?page_id=36"},"modified":"2025-07-24T06:41:31","modified_gmt":"2025-07-24T06:41:31","slug":"about-us","status":"publish","type":"page","link":"https:\/\/www.h2obfs.com\/es\/about-us\/","title":{"rendered":""},"content":{"rendered":"<div class=\"wp-block-media-text is-stacked-on-mobile\" style=\"grid-template-columns:54% auto\"><figure class=\"wp-block-media-text__media\"><img alt=\"\" loading=\"lazy\" decoding=\"async\" width=\"1024\" height=\"559\" src=\"https:\/\/www.h2obfs.com\/wp-content\/uploads\/2025\/05\/About-Us-H2O-ES.png\" class=\"wp-image-2228 size-full\" srcset=\"https:\/\/www.h2obfs.com\/wp-content\/uploads\/2025\/05\/About-Us-H2O-ES.png 1980w, https:\/\/www.h2obfs.com\/wp-content\/uploads\/2025\/05\/About-Us-H2O-ES-300x164.png 300w, https:\/\/www.h2obfs.com\/wp-content\/uploads\/2025\/05\/About-Us-H2O-ES-1024x559.png 1024w, https:\/\/www.h2obfs.com\/wp-content\/uploads\/2025\/05\/About-Us-H2O-ES-768x419.png 768w, https:\/\/www.h2obfs.com\/wp-content\/uploads\/2025\/05\/About-Us-H2O-ES-1536x838.png 1536w, https:\/\/www.h2obfs.com\/wp-content\/uploads\/2025\/05\/About-Us-H2O-ES-18x10.png 18w\" sizes=\"auto, (max-width: 1024px) 100vw, 1024px\" \/><\/figure><div class=\"wp-block-media-text__content\">\n<div style=\"height:15px\" aria-hidden=\"true\" class=\"wp-block-spacer\"><\/div>\n\n\n\n<p style=\"font-size:20px\"><strong>\u00bfBusca soluciones efectivas contra las bioincrustaciones?<\/strong><\/p>\n\n\n\n<p>Nuestra empresa ayuda a centrales el\u00e9ctricas, plantas desalinizadoras e instalaciones industriales a eliminar la bioincrustaci\u00f3n mediante soluciones innovadoras y respetuosas con el medioambiente<\/p>\n\n\n\n<div class=\"wp-block-buttons alignfull is-content-justification-center is-nowrap is-layout-flex wp-container-core-buttons-is-layout-1fb9aab6 wp-block-buttons-is-layout-flex\">\n<div class=\"wp-block-button has-custom-width wp-block-button__width-50 is-style-outline is-style-outline--1\"><a class=\"wp-block-button__link has-text-color has-link-color has-custom-font-size wp-element-button\" href=\"mailto:contact@h2obfs.com\" style=\"color:#64ba4e;font-size:15px\" rel=\"\">Env\u00edenos un Email<\/a><\/div>\n\n\n\n<div class=\"wp-block-button has-custom-width wp-block-button__width-50\"><a class=\"wp-block-button__link has-white-color has-text-color has-background has-link-color has-custom-font-size wp-element-button\" href=\"https:\/\/www.h2obfs.com\/es\/contact-us\/\" style=\"background-color:#64ba4e;font-size:15px\" target=\"_blank\" rel=\"noreferrer noopener\">Ll\u00e1manos<\/a><\/div>\n<\/div>\n<\/div><\/div>\n\n\n\n<div style=\"height:50px\" aria-hidden=\"true\" class=\"wp-block-spacer\"><\/div>\n\n\n\n<h1 class=\"wp-block-heading\" style=\"font-size:24px\">Le Ayudamos a Proteger sus Sistemas de Agua Industrial<\/h1>\n\n\n\n<p class=\"has-text-align-left\" style=\"font-style:normal;font-weight:400\">En <strong>H2O Biofouling Solutions,<\/strong>nuestra misi\u00f3n es ofrecer soluciones sostenibles y eficaces para <strong>Predecir, Prevenir y Controlar<\/strong> bioincrustaciones, incrustaciones minerales y corrosi\u00f3n en sistemas de aguas industriales. Nuestro objetivo es ayudar a las industrias a proteger sus equipos, mejorar la eficiencia operativa y reducir costes, todo ello con un compromiso firme con la responsabilidad ambiental.&nbsp;<\/p>\n\n\n\n<div style=\"height:30px\" aria-hidden=\"true\" class=\"wp-block-spacer\"><\/div>\n\n\n\n<iframe loading=\"lazy\" width=\"560\" height=\"315\" \n    src=\"https:\/\/www.youtube.com\/embed\/aqmMvhSxRFM?playlist=aqmMvhSxRFM&#038;loop=1&#038;rel=0&#038;autoplay=1&#038;mute=1\" \n    title=\"YouTube video player\" \n    frameborder=\"0\" \n    allow=\"accelerometer; autoplay; clipboard-write; encrypted-media; gyroscope; picture-in-picture; web-share\" \n    referrerpolicy=\"strict-origin-when-cross-origin\" \n    allowfullscreen>\n<\/iframe>\n\n\n\n<div style=\"height:30px\" aria-hidden=\"true\" class=\"wp-block-spacer\"><\/div>\n\n\n\n<h2 class=\"wp-block-heading\" style=\"font-size:20px\">Hagamos de la Bioincrustaci\u00f3n Nuestro Desaf\u00edo<\/h2>\n\n\n\n<p>Nuestras soluciones se adaptan a las condiciones espec\u00edficas de cada emplazamiento, garantizando procedimientos eficaces para el control de bioincrustaciones y cumpliendo estrictamente con las normativas gubernamentales sobre l\u00edmites de vertido. Gracias a nuestra experiencia, puede confiar en que sus sistemas de agua permanecer\u00e1n protegidos, eficientes y conformes a largo plazo.<\/p>\n\n\n\n<div style=\"height:20px\" aria-hidden=\"true\" class=\"wp-block-spacer\"><\/div>\n\n\n\n<div class=\"wp-block-columns is-layout-flex wp-container-core-columns-is-layout-9d6595d7 wp-block-columns-is-layout-flex\">\n<div class=\"wp-block-column is-layout-flow wp-block-column-is-layout-flow\">\n<figure class=\"wp-block-image size-full is-style-default\"><img alt=\"\" loading=\"lazy\" decoding=\"async\" width=\"1500\" height=\"1500\" src=\"https:\/\/www.h2obfs.com\/wp-content\/uploads\/2025\/05\/predecir-es-01.jpg\" class=\"wp-image-3618\" style=\"object-fit:cover\" srcset=\"https:\/\/www.h2obfs.com\/wp-content\/uploads\/2025\/05\/predecir-es-01.jpg 1500w, https:\/\/www.h2obfs.com\/wp-content\/uploads\/2025\/05\/predecir-es-01-300x300.jpg 300w, https:\/\/www.h2obfs.com\/wp-content\/uploads\/2025\/05\/predecir-es-01-1024x1024.jpg 1024w, https:\/\/www.h2obfs.com\/wp-content\/uploads\/2025\/05\/predecir-es-01-150x150.jpg 150w, https:\/\/www.h2obfs.com\/wp-content\/uploads\/2025\/05\/predecir-es-01-768x768.jpg 768w, https:\/\/www.h2obfs.com\/wp-content\/uploads\/2025\/05\/predecir-es-01-12x12.jpg 12w\" sizes=\"auto, (max-width: 1500px) 100vw, 1500px\" \/><\/figure>\n<\/div>\n\n\n\n<div class=\"wp-block-column is-layout-flow wp-block-column-is-layout-flow\">\n<figure class=\"wp-block-image size-full\"><img alt=\"\" loading=\"lazy\" decoding=\"async\" width=\"1500\" height=\"1500\" src=\"https:\/\/www.h2obfs.com\/wp-content\/uploads\/2025\/05\/prevenir-es-01.jpg\" class=\"wp-image-3620\" style=\"object-fit:cover\" srcset=\"https:\/\/www.h2obfs.com\/wp-content\/uploads\/2025\/05\/prevenir-es-01.jpg 1500w, https:\/\/www.h2obfs.com\/wp-content\/uploads\/2025\/05\/prevenir-es-01-300x300.jpg 300w, https:\/\/www.h2obfs.com\/wp-content\/uploads\/2025\/05\/prevenir-es-01-1024x1024.jpg 1024w, https:\/\/www.h2obfs.com\/wp-content\/uploads\/2025\/05\/prevenir-es-01-150x150.jpg 150w, https:\/\/www.h2obfs.com\/wp-content\/uploads\/2025\/05\/prevenir-es-01-768x768.jpg 768w, https:\/\/www.h2obfs.com\/wp-content\/uploads\/2025\/05\/prevenir-es-01-12x12.jpg 12w\" sizes=\"auto, (max-width: 1500px) 100vw, 1500px\" \/><\/figure>\n<\/div>\n\n\n\n<div class=\"wp-block-column is-layout-flow wp-block-column-is-layout-flow\">\n<figure class=\"wp-block-image size-full\"><img alt=\"\" loading=\"lazy\" decoding=\"async\" width=\"1500\" height=\"1500\" src=\"https:\/\/www.h2obfs.com\/wp-content\/uploads\/2025\/05\/control-es-01.jpg\" class=\"wp-image-3615\" style=\"object-fit:cover\" srcset=\"https:\/\/www.h2obfs.com\/wp-content\/uploads\/2025\/05\/control-es-01.jpg 1500w, https:\/\/www.h2obfs.com\/wp-content\/uploads\/2025\/05\/control-es-01-300x300.jpg 300w, https:\/\/www.h2obfs.com\/wp-content\/uploads\/2025\/05\/control-es-01-1024x1024.jpg 1024w, https:\/\/www.h2obfs.com\/wp-content\/uploads\/2025\/05\/control-es-01-150x150.jpg 150w, https:\/\/www.h2obfs.com\/wp-content\/uploads\/2025\/05\/control-es-01-768x768.jpg 768w, https:\/\/www.h2obfs.com\/wp-content\/uploads\/2025\/05\/control-es-01-12x12.jpg 12w\" sizes=\"auto, (max-width: 1500px) 100vw, 1500px\" \/><\/figure>\n<\/div>\n<\/div>\n\n\n\n<div style=\"height:20px\" aria-hidden=\"true\" class=\"wp-block-spacer\"><\/div>\n\n\n\n<h2 class=\"wp-block-heading\" style=\"font-size:20px\">\u00bfPor Qu\u00e9 Trabajar con Nosotros?<\/h2>\n\n\n\n<p style=\"font-style:normal;font-weight:400\">Las bioincrustaciones pueden parecer un problema menor, pero generan <strong>impactos significativos:<\/strong>mayor <strong>consumo energ\u00e9tico<\/strong>, <strong>aumento de costes de mantenimiento<\/strong>y <strong>fallos inesperados<\/strong>.&nbsp;<\/p>\n\n\n\n<p>Hemos desarrollado soluciones respaldadas por d\u00e9cadas de experiencia pr\u00e1ctica y un profundo conocimiento enfocado en resultados. Nuestra <strong>soluci\u00f3n integral <\/strong><a href=\"https:\/\/www.h2obfs.com\/es\/biofouling-solutions\/\" data-type=\"page\" data-id=\"38\">para el control de la bioincrustaci\u00f3n<\/a> es efectiva tanto para su sistema como para el medioambiente.<\/p>\n\n\n\n<p style=\"font-style:normal;font-weight:400\">D\u00e9jenos ocuparnos del problema: en bioincrustaci\u00f3n, lo tenemos todo bajo control.<\/p>\n\n\n\n<div style=\"height:30px\" aria-hidden=\"true\" class=\"wp-block-spacer\"><\/div>\n\n\n\n<figure class=\"wp-block-image size-full\"><a href=\"https:\/\/www.h2obfs.com\/es\/contact-us\/\" target=\"_blank\" rel=\" noreferrer noopener\"><img alt=\"\" loading=\"lazy\" decoding=\"async\" width=\"1440\" height=\"300\" src=\"https:\/\/www.h2obfs.com\/wp-content\/uploads\/2025\/05\/about-us-es-001.jpg\" class=\"wp-image-3675\" srcset=\"https:\/\/www.h2obfs.com\/wp-content\/uploads\/2025\/05\/about-us-es-001.jpg 1440w, https:\/\/www.h2obfs.com\/wp-content\/uploads\/2025\/05\/about-us-es-001-300x63.jpg 300w, https:\/\/www.h2obfs.com\/wp-content\/uploads\/2025\/05\/about-us-es-001-1024x213.jpg 1024w, https:\/\/www.h2obfs.com\/wp-content\/uploads\/2025\/05\/about-us-es-001-768x160.jpg 768w, https:\/\/www.h2obfs.com\/wp-content\/uploads\/2025\/05\/about-us-es-001-18x4.jpg 18w\" sizes=\"auto, (max-width: 1440px) 100vw, 1440px\" \/><\/a><\/figure>\n\n\n\n<div style=\"height:30px\" aria-hidden=\"true\" class=\"wp-block-spacer\"><\/div>\n\n\n\n<div style=\"height:25px\" aria-hidden=\"true\" class=\"wp-block-spacer\"><\/div>\n\n\n\n<h2 class=\"wp-block-heading\" style=\"font-size:17px\">Estudios de Caso<\/h2>\n\n\n\n<div class=\"wp-block-columns is-layout-flex wp-container-core-columns-is-layout-9d6595d7 wp-block-columns-is-layout-flex\">\n<div class=\"wp-block-column is-layout-flow wp-block-column-is-layout-flow\">\n<div class=\"wp-block-cover aligncenter\" style=\"min-height:307px;aspect-ratio:unset;\"><img alt=\"\" loading=\"lazy\" decoding=\"async\" width=\"2048\" height=\"1365\" class=\"wp-block-cover__image-background wp-image-577\" src=\"https:\/\/h2obfs.com\/wp-content\/uploads\/2025\/04\/shutterstock_754495600-2048x1365-1.jpg\" style=\"object-position:50% 50%\" data-object-fit=\"cover\" data-object-position=\"50% 50%\" srcset=\"https:\/\/www.h2obfs.com\/wp-content\/uploads\/2025\/04\/shutterstock_754495600-2048x1365-1.jpg 2048w, https:\/\/www.h2obfs.com\/wp-content\/uploads\/2025\/04\/shutterstock_754495600-2048x1365-1-300x200.jpg 300w, https:\/\/www.h2obfs.com\/wp-content\/uploads\/2025\/04\/shutterstock_754495600-2048x1365-1-1024x683.jpg 1024w, https:\/\/www.h2obfs.com\/wp-content\/uploads\/2025\/04\/shutterstock_754495600-2048x1365-1-768x512.jpg 768w, https:\/\/www.h2obfs.com\/wp-content\/uploads\/2025\/04\/shutterstock_754495600-2048x1365-1-1536x1024.jpg 1536w\" sizes=\"auto, (max-width: 2048px) 100vw, 2048px\" \/><span aria-hidden=\"true\" class=\"wp-block-cover__background has-background-dim\"><\/span><div class=\"wp-block-cover__inner-container is-layout-flow wp-block-cover-is-layout-flow\">\n<h3 class=\"wp-block-heading has-text-align-center has-medium-font-size\">REFINER\u00cdA EN EL PUERTO DE ROTTERDAM, PA\u00cdSES BAJOS.<\/h3>\n\n\n\n<div style=\"height:30px\" aria-hidden=\"true\" class=\"wp-block-spacer\"><\/div>\n\n\n\n<div class=\"wp-block-buttons is-vertical is-content-justification-center is-layout-flex wp-container-core-buttons-is-layout-41848169 wp-block-buttons-is-layout-flex\">\n<div class=\"wp-block-button has-custom-width wp-block-button__width-75 is-style-fill\"><a class=\"wp-block-button__link has-white-color has-text-color has-background has-link-color has-small-font-size has-custom-font-size wp-element-button\" href=\"https:\/\/www.h2obfs.com\/es\/case-studies\/refinery-in-rotterdam-harbour-the-netherlands\/\" style=\"border-radius:16px;background-color:#64ba4e;font-style:normal;font-weight:500;letter-spacing:2px;text-transform:uppercase\"><strong>LEER M\u00c1S<\/strong><\/a><\/div>\n<\/div>\n<\/div><\/div>\n<\/div>\n\n\n\n<div class=\"wp-block-column is-layout-flow wp-block-column-is-layout-flow\">\n<div class=\"wp-block-cover\" style=\"min-height:307px;aspect-ratio:unset;\"><img alt=\"\" loading=\"lazy\" decoding=\"async\" width=\"2560\" height=\"1920\" class=\"wp-block-cover__image-background wp-image-578\" src=\"https:\/\/h2obfs.com\/wp-content\/uploads\/2025\/04\/UNIPER_Port_of_Rotterdam-scaled-1.jpg\" data-object-fit=\"cover\" srcset=\"https:\/\/www.h2obfs.com\/wp-content\/uploads\/2025\/04\/UNIPER_Port_of_Rotterdam-scaled-1.jpg 2560w, https:\/\/www.h2obfs.com\/wp-content\/uploads\/2025\/04\/UNIPER_Port_of_Rotterdam-scaled-1-300x225.jpg 300w, https:\/\/www.h2obfs.com\/wp-content\/uploads\/2025\/04\/UNIPER_Port_of_Rotterdam-scaled-1-1024x768.jpg 1024w, https:\/\/www.h2obfs.com\/wp-content\/uploads\/2025\/04\/UNIPER_Port_of_Rotterdam-scaled-1-768x576.jpg 768w, https:\/\/www.h2obfs.com\/wp-content\/uploads\/2025\/04\/UNIPER_Port_of_Rotterdam-scaled-1-1536x1152.jpg 1536w, https:\/\/www.h2obfs.com\/wp-content\/uploads\/2025\/04\/UNIPER_Port_of_Rotterdam-scaled-1-2048x1536.jpg 2048w\" sizes=\"auto, (max-width: 2560px) 100vw, 2560px\" \/><span aria-hidden=\"true\" class=\"wp-block-cover__background has-background-dim\"><\/span><div class=\"wp-block-cover__inner-container is-layout-flow wp-block-cover-is-layout-flow\">\n<h3 class=\"wp-block-heading has-text-align-center has-medium-font-size\">CENTRALES EL\u00c9CTRICAS UNIPER MAASVLAKTE<\/h3>\n\n\n\n<div style=\"height:26px\" aria-hidden=\"true\" class=\"wp-block-spacer\"><\/div>\n\n\n\n<div class=\"wp-block-buttons is-vertical is-content-justification-center is-layout-flex wp-container-core-buttons-is-layout-41848169 wp-block-buttons-is-layout-flex\">\n<div class=\"wp-block-button has-custom-width wp-block-button__width-75 is-style-fill\"><a class=\"wp-block-button__link has-white-color has-text-color has-background has-link-color has-small-font-size has-custom-font-size wp-element-button\" href=\"https:\/\/www.h2obfs.com\/es\/case-studies\/uniper-maasvlakte-power-plants\/\" style=\"border-radius:16px;background-color:#64ba4e;font-style:normal;font-weight:500;letter-spacing:2px;text-transform:uppercase\"><strong>LEER M\u00c1S<\/strong><\/a><\/div>\n<\/div>\n<\/div><\/div>\n<\/div>\n\n\n\n<div class=\"wp-block-column is-layout-flow wp-block-column-is-layout-flow\">\n<div class=\"wp-block-cover\" style=\"min-height:307px;aspect-ratio:unset;\"><img alt=\"\" loading=\"lazy\" decoding=\"async\" width=\"525\" height=\"349\" class=\"wp-block-cover__image-background wp-image-579\" src=\"https:\/\/h2obfs.com\/wp-content\/uploads\/2025\/04\/al-khafji-1.jpg\" data-object-fit=\"cover\" srcset=\"https:\/\/www.h2obfs.com\/wp-content\/uploads\/2025\/04\/al-khafji-1.jpg 525w, https:\/\/www.h2obfs.com\/wp-content\/uploads\/2025\/04\/al-khafji-1-300x199.jpg 300w\" sizes=\"auto, (max-width: 525px) 100vw, 525px\" \/><span aria-hidden=\"true\" class=\"wp-block-cover__background has-background-dim\"><\/span><div class=\"wp-block-cover__inner-container is-layout-flow wp-block-cover-is-layout-flow\">\n<h3 class=\"wp-block-heading has-text-align-center has-medium-font-size\"><strong>PLANTA DE SWRO DE AL KHAFJI<\/strong><\/h3>\n\n\n\n<div style=\"height:52px\" aria-hidden=\"true\" class=\"wp-block-spacer\"><\/div>\n\n\n\n<div class=\"wp-block-buttons is-vertical is-content-justification-center is-layout-flex wp-container-core-buttons-is-layout-41848169 wp-block-buttons-is-layout-flex\">\n<div class=\"wp-block-button has-custom-width wp-block-button__width-75\"><a class=\"wp-block-button__link has-white-color has-text-color has-background has-link-color has-small-font-size has-custom-font-size wp-element-button\" href=\"https:\/\/www.h2obfs.com\/es\/case-studies\/al-khafji-swro-plant\/\" style=\"border-radius:16px;background-color:#64ba4e;font-style:normal;font-weight:500;letter-spacing:2px\"><strong>LEER M\u00c1S<\/strong><\/a><\/div>\n<\/div>\n<\/div><\/div>\n<\/div>\n<\/div>\n\n\n\n<div style=\"height:60px\" aria-hidden=\"true\" class=\"wp-block-spacer\"><\/div>\n\n\n\n<iframe src='https:\/\/widgets.sociablekit.com\/linkedin-page-posts\/iframe\/25555256' frameborder='0' width='100%' height='700'><\/iframe>\n\n\n\n<div style=\"height:40px\" aria-hidden=\"true\" class=\"wp-block-spacer\"><\/div>","protected":false},"excerpt":{"rendered":"<h4>Conf\u00ede en nosotros para el control eficaz de las bioincrustaciones<\/h4>\n<p>\nEn H2O Biofouling Solutions ofrecemos soluciones integrales para el control de bioincrustaciones, adaptadas a las necesidades espec\u00edficas de cada sistema. Con m\u00e1s de 30 a\u00f1os de experiencia, nuestro enfoque sostenible le permite predecir, prevenir y controlar la formaci\u00f3n de bioincrustaciones, asegurando un rendimiento fiable, el cumplimiento normativo y la protecci\u00f3n de sus instalaciones a largo plazo.<br \/>\n<br \/><b><a href=\"\/es\/about-us\/\">Saber m\u00e1s...<\/a><\/b><\/p>","protected":false},"author":1,"featured_media":3770,"parent":0,"menu_order":0,"comment_status":"closed","ping_status":"closed","template":"","meta":{"_seopress_robots_primary_cat":"","_seopress_titles_title":"Know More About Us - H2O Biofouling Solutions","_seopress_titles_desc":"H2O Biofouling Solutions specialises in providing sustainable, effective solutions for managing biofouling in industrial water systems.","_seopress_robots_index":"","_seopress_analysis_target_kw":"","footnotes":""},"class_list":["post-36","page","type-page","status-publish","has-post-thumbnail","hentry"],"_links":{"self":[{"href":"https:\/\/www.h2obfs.com\/es\/wp-json\/wp\/v2\/pages\/36","targetHints":{"allow":["GET"]}}],"collection":[{"href":"https:\/\/www.h2obfs.com\/es\/wp-json\/wp\/v2\/pages"}],"about":[{"href":"https:\/\/www.h2obfs.com\/es\/wp-json\/wp\/v2\/types\/page"}],"author":[{"embeddable":true,"href":"https:\/\/www.h2obfs.com\/es\/wp-json\/wp\/v2\/users\/1"}],"replies":[{"embeddable":true,"href":"https:\/\/www.h2obfs.com\/es\/wp-json\/wp\/v2\/comments?post=36"}],"version-history":[{"count":195,"href":"https:\/\/www.h2obfs.com\/es\/wp-json\/wp\/v2\/pages\/36\/revisions"}],"predecessor-version":[{"id":4261,"href":"https:\/\/www.h2obfs.com\/es\/wp-json\/wp\/v2\/pages\/36\/revisions\/4261"}],"wp:featuredmedia":[{"embeddable":true,"href":"https:\/\/www.h2obfs.com\/es\/wp-json\/wp\/v2\/media\/3770"}],"wp:attachment":[{"href":"https:\/\/www.h2obfs.com\/es\/wp-json\/wp\/v2\/media?parent=36"}],"curies":[{"name":"wp","href":"https:\/\/api.w.org\/{rel}","templated":true}]}}