{"id":39,"date":"2025-04-01T19:21:28","date_gmt":"2025-04-01T19:21:28","guid":{"rendered":"https:\/\/h2obfs.com\/?page_id=39"},"modified":"2025-05-22T06:07:58","modified_gmt":"2025-05-22T06:07:58","slug":"case-studies","status":"publish","type":"page","link":"https:\/\/www.h2obfs.com\/es\/case-studies\/","title":{"rendered":"Estudios de Caso"},"content":{"rendered":"<div class=\"wp-block-media-text is-stacked-on-mobile\" style=\"grid-template-columns:54% auto\"><figure class=\"wp-block-media-text__media\"><img alt=\"\" loading=\"lazy\" decoding=\"async\" width=\"1024\" height=\"559\" src=\"https:\/\/www.h2obfs.com\/wp-content\/uploads\/2025\/05\/Case-Studies-H2O-ES.png\" class=\"wp-image-2229 size-full\" srcset=\"https:\/\/www.h2obfs.com\/wp-content\/uploads\/2025\/05\/Case-Studies-H2O-ES.png 1980w, https:\/\/www.h2obfs.com\/wp-content\/uploads\/2025\/05\/Case-Studies-H2O-ES-300x164.png 300w, https:\/\/www.h2obfs.com\/wp-content\/uploads\/2025\/05\/Case-Studies-H2O-ES-1024x559.png 1024w, https:\/\/www.h2obfs.com\/wp-content\/uploads\/2025\/05\/Case-Studies-H2O-ES-768x419.png 768w, https:\/\/www.h2obfs.com\/wp-content\/uploads\/2025\/05\/Case-Studies-H2O-ES-1536x838.png 1536w, https:\/\/www.h2obfs.com\/wp-content\/uploads\/2025\/05\/Case-Studies-H2O-ES-18x10.png 18w\" sizes=\"auto, (max-width: 1024px) 100vw, 1024px\" \/><\/figure><div class=\"wp-block-media-text__content\">\n<div style=\"height:15px\" aria-hidden=\"true\" class=\"wp-block-spacer\"><\/div>\n\n\n\n<p style=\"font-size:20px\"><strong>\u00bfBusca soluciones efectivas contra las bioincrustaciones?<\/strong><\/p>\n\n\n\n<p>Nuestra empresa ayuda a centrales el\u00e9ctricas, plantas desaladoras e industriales a eliminar las bioincrustaciones con soluciones inteligentes y ecol\u00f3gicas.<\/p>\n\n\n\n<div class=\"wp-block-buttons is-content-justification-center is-nowrap is-layout-flex wp-container-core-buttons-is-layout-94bc23d7 wp-block-buttons-is-layout-flex\">\n<div class=\"wp-block-button has-custom-width wp-block-button__width-50 is-style-outline is-style-outline--1\"><a class=\"wp-block-button__link has-text-color has-link-color has-custom-font-size wp-element-button\" href=\"mailto:contact@h2obfs.com\" style=\"color:#64ba4e;font-size:15px\">Env\u00edenos un Email<\/a><\/div>\n\n\n\n<div class=\"wp-block-button has-custom-width wp-block-button__width-50 is-style-outline is-style-outline--2\"><a class=\"wp-block-button__link has-white-color has-text-color has-background has-link-color has-custom-font-size wp-element-button\" href=\"https:\/\/www.h2obfs.com\/es\/contact-us\/\" style=\"background-color:#64ba4e;font-size:15px\" target=\"_blank\" rel=\"noreferrer noopener\">Ll\u00e1manos<\/a><\/div>\n<\/div>\n<\/div><\/div>\n\n\n\n<div style=\"height:35px\" aria-hidden=\"true\" class=\"wp-block-spacer\"><\/div>\n\n\n\n<h1 class=\"wp-block-heading\" style=\"font-size:20px\">H2O Biofouling Solutions ofrece un paquete integral para el control de la bioincrustaci\u00f3n.<\/h1>\n\n\n\n<div style=\"height:20px\" aria-hidden=\"true\" class=\"wp-block-spacer\"><\/div>\n\n\n\n<p>Nuestra misi\u00f3n es ofrecer una soluci\u00f3n completa para el control de la bioincrustaci\u00f3n, combinando las recomendaciones de dosificaci\u00f3n m\u00e1s eficaces con la entrega e implementaci\u00f3n de nuevos sistemas, as\u00ed como la modernizaci\u00f3n, reacondicionamiento y mantenimiento continuo de equipos de dosificaci\u00f3n y generaci\u00f3n de biocidas, incluidos los generadores de hipoclorito s\u00f3dico.\nAdem\u00e1s, proporcionamos soluciones espec\u00edficas para problemas operativos causados por la entrada de material biol\u00f3gico, como las medusas. Somos especialistas en ofrecer <a href=\"https:\/\/www.h2obfs.com\/es\/biofouling-solutions\/\" data-type=\"page\" data-id=\"38\">soluciones integrales para el control de la bioincrustaci\u00f3n,<\/a> dise\u00f1adas para lograr la aplicaci\u00f3n m\u00e1s rentable posible.\nAdaptamos cada paquete a las condiciones espec\u00edficas de cada emplazamiento, lo que nos permite garantizar un control eficaz y sostenible de las bioincrustaciones.<\/p>\n\n\n\n<p>A continuaci\u00f3n, algunos ejemplos de nuestro trabajo. Para obtener m\u00e1s informaci\u00f3n o solicitar la lista completa de referencias, por favor,&nbsp;<strong><a href=\"https:\/\/www.h2obfs.com\/es\/contact\/\">contacto<\/a><\/strong>.<\/p>\n\n\n\n<div style=\"height:40px\" aria-hidden=\"true\" class=\"wp-block-spacer\"><\/div>\n\n\n\n<div class=\"wp-block-columns is-layout-flex wp-container-core-columns-is-layout-9d6595d7 wp-block-columns-is-layout-flex\">\n<div class=\"wp-block-column is-layout-flow wp-block-column-is-layout-flow\">\n<div class=\"wp-block-cover aligncenter\" style=\"min-height:307px;aspect-ratio:unset;\"><img alt=\"\" loading=\"lazy\" decoding=\"async\" width=\"2048\" height=\"1365\" class=\"wp-block-cover__image-background wp-image-577\" src=\"https:\/\/h2obfs.com\/wp-content\/uploads\/2025\/04\/shutterstock_754495600-2048x1365-1.jpg\" style=\"object-position:50% 50%\" data-object-fit=\"cover\" data-object-position=\"50% 50%\" srcset=\"https:\/\/www.h2obfs.com\/wp-content\/uploads\/2025\/04\/shutterstock_754495600-2048x1365-1.jpg 2048w, https:\/\/www.h2obfs.com\/wp-content\/uploads\/2025\/04\/shutterstock_754495600-2048x1365-1-300x200.jpg 300w, https:\/\/www.h2obfs.com\/wp-content\/uploads\/2025\/04\/shutterstock_754495600-2048x1365-1-1024x683.jpg 1024w, https:\/\/www.h2obfs.com\/wp-content\/uploads\/2025\/04\/shutterstock_754495600-2048x1365-1-768x512.jpg 768w, https:\/\/www.h2obfs.com\/wp-content\/uploads\/2025\/04\/shutterstock_754495600-2048x1365-1-1536x1024.jpg 1536w\" sizes=\"auto, (max-width: 2048px) 100vw, 2048px\" \/><span aria-hidden=\"true\" class=\"wp-block-cover__background has-background-dim\"><\/span><div class=\"wp-block-cover__inner-container is-layout-flow wp-block-cover-is-layout-flow\">\n<h3 class=\"wp-block-heading has-text-align-center has-medium-font-size\">REFINER\u00cdA EN EL PUERTO DE ROTTERDAM, PA\u00cdSES BAJOS.<\/h3>\n\n\n\n<div style=\"height:30px\" aria-hidden=\"true\" class=\"wp-block-spacer\"><\/div>\n\n\n\n<div class=\"wp-block-buttons is-vertical is-content-justification-center is-layout-flex wp-container-core-buttons-is-layout-41848169 wp-block-buttons-is-layout-flex\">\n<div class=\"wp-block-button has-custom-width wp-block-button__width-75 is-style-fill\"><a class=\"wp-block-button__link has-white-color has-text-color has-background has-link-color has-small-font-size has-custom-font-size wp-element-button\" href=\"https:\/\/www.h2obfs.com\/es\/case-studies\/refinery-in-rotterdam-harbour-the-netherlands\/\" style=\"border-radius:16px;background-color:#64ba4e;font-style:normal;font-weight:500;letter-spacing:2px;text-transform:uppercase\"><strong>LEER M\u00c1S<\/strong><\/a><\/div>\n<\/div>\n<\/div><\/div>\n<\/div>\n\n\n\n<div class=\"wp-block-column is-layout-flow wp-block-column-is-layout-flow\">\n<div class=\"wp-block-cover\" style=\"min-height:307px;aspect-ratio:unset;\"><img alt=\"\" loading=\"lazy\" decoding=\"async\" width=\"2560\" height=\"1920\" class=\"wp-block-cover__image-background wp-image-578\" src=\"https:\/\/h2obfs.com\/wp-content\/uploads\/2025\/04\/UNIPER_Port_of_Rotterdam-scaled-1.jpg\" data-object-fit=\"cover\" srcset=\"https:\/\/www.h2obfs.com\/wp-content\/uploads\/2025\/04\/UNIPER_Port_of_Rotterdam-scaled-1.jpg 2560w, https:\/\/www.h2obfs.com\/wp-content\/uploads\/2025\/04\/UNIPER_Port_of_Rotterdam-scaled-1-300x225.jpg 300w, https:\/\/www.h2obfs.com\/wp-content\/uploads\/2025\/04\/UNIPER_Port_of_Rotterdam-scaled-1-1024x768.jpg 1024w, https:\/\/www.h2obfs.com\/wp-content\/uploads\/2025\/04\/UNIPER_Port_of_Rotterdam-scaled-1-768x576.jpg 768w, https:\/\/www.h2obfs.com\/wp-content\/uploads\/2025\/04\/UNIPER_Port_of_Rotterdam-scaled-1-1536x1152.jpg 1536w, https:\/\/www.h2obfs.com\/wp-content\/uploads\/2025\/04\/UNIPER_Port_of_Rotterdam-scaled-1-2048x1536.jpg 2048w\" sizes=\"auto, (max-width: 2560px) 100vw, 2560px\" \/><span aria-hidden=\"true\" class=\"wp-block-cover__background has-background-dim\"><\/span><div class=\"wp-block-cover__inner-container is-layout-flow wp-block-cover-is-layout-flow\">\n<h3 class=\"wp-block-heading has-text-align-center has-medium-font-size\">CENTRALES EL\u00c9CTRICAS UNIPER MAASVLAKTE<\/h3>\n\n\n\n<div style=\"height:26px\" aria-hidden=\"true\" class=\"wp-block-spacer\"><\/div>\n\n\n\n<div class=\"wp-block-buttons is-vertical is-content-justification-center is-layout-flex wp-container-core-buttons-is-layout-41848169 wp-block-buttons-is-layout-flex\">\n<div class=\"wp-block-button has-custom-width wp-block-button__width-75 is-style-fill\"><a class=\"wp-block-button__link has-white-color has-text-color has-background has-link-color has-small-font-size has-custom-font-size wp-element-button\" href=\"https:\/\/www.h2obfs.com\/es\/case-studies\/uniper-maasvlakte-power-plants\/\" style=\"border-radius:16px;background-color:#64ba4e;font-style:normal;font-weight:500;letter-spacing:2px;text-transform:uppercase\"><strong>LEER M\u00c1S<\/strong><\/a><\/div>\n<\/div>\n<\/div><\/div>\n<\/div>\n\n\n\n<div class=\"wp-block-column is-layout-flow wp-block-column-is-layout-flow\">\n<div class=\"wp-block-cover\" style=\"min-height:307px;aspect-ratio:unset;\"><img alt=\"\" loading=\"lazy\" decoding=\"async\" width=\"525\" height=\"349\" class=\"wp-block-cover__image-background wp-image-579\" src=\"https:\/\/h2obfs.com\/wp-content\/uploads\/2025\/04\/al-khafji-1.jpg\" data-object-fit=\"cover\" srcset=\"https:\/\/www.h2obfs.com\/wp-content\/uploads\/2025\/04\/al-khafji-1.jpg 525w, https:\/\/www.h2obfs.com\/wp-content\/uploads\/2025\/04\/al-khafji-1-300x199.jpg 300w\" sizes=\"auto, (max-width: 525px) 100vw, 525px\" \/><span aria-hidden=\"true\" class=\"wp-block-cover__background has-background-dim\"><\/span><div class=\"wp-block-cover__inner-container is-layout-flow wp-block-cover-is-layout-flow\">\n<h3 class=\"wp-block-heading has-text-align-center has-medium-font-size\"><strong>PLANTA DE SWRO DE AL KHAFJI<\/strong><\/h3>\n\n\n\n<div style=\"height:52px\" aria-hidden=\"true\" class=\"wp-block-spacer\"><\/div>\n\n\n\n<div class=\"wp-block-buttons is-vertical is-content-justification-center is-layout-flex wp-container-core-buttons-is-layout-41848169 wp-block-buttons-is-layout-flex\">\n<div class=\"wp-block-button has-custom-width wp-block-button__width-75\"><a class=\"wp-block-button__link has-white-color has-text-color has-background has-link-color has-small-font-size has-custom-font-size wp-element-button\" href=\"https:\/\/www.h2obfs.com\/es\/case-studies\/al-khafji-swro-plant\/\" style=\"border-radius:16px;background-color:#64ba4e;font-style:normal;font-weight:500;letter-spacing:2px\"><strong>LEER M\u00c1S<\/strong><\/a><\/div>\n<\/div>\n<\/div><\/div>\n<\/div>\n<\/div>\n\n\n\n<div class=\"wp-block-columns is-layout-flex wp-container-core-columns-is-layout-9d6595d7 wp-block-columns-is-layout-flex\">\n<div class=\"wp-block-column is-layout-flow wp-block-column-is-layout-flow\">\n<div class=\"wp-block-cover\" style=\"min-height:312px;aspect-ratio:unset;\"><img alt=\"\" loading=\"lazy\" decoding=\"async\" width=\"1024\" height=\"702\" class=\"wp-block-cover__image-background wp-image-609\" src=\"https:\/\/h2obfs.com\/wp-content\/uploads\/2025\/04\/Qatar-gas-1024x702.jpeg\" data-object-fit=\"cover\" srcset=\"https:\/\/www.h2obfs.com\/wp-content\/uploads\/2025\/04\/Qatar-gas-1024x702.jpeg 1024w, https:\/\/www.h2obfs.com\/wp-content\/uploads\/2025\/04\/Qatar-gas-300x206.jpeg 300w, https:\/\/www.h2obfs.com\/wp-content\/uploads\/2025\/04\/Qatar-gas-768x526.jpeg 768w, https:\/\/www.h2obfs.com\/wp-content\/uploads\/2025\/04\/Qatar-gas.jpeg 1500w\" sizes=\"auto, (max-width: 1024px) 100vw, 1024px\" \/><span aria-hidden=\"true\" class=\"wp-block-cover__background has-background-dim\"><\/span><div class=\"wp-block-cover__inner-container is-layout-flow wp-block-cover-is-layout-flow\">\n<h3 class=\"wp-block-heading has-text-align-center has-medium-font-size\">QATARGAS<\/h3>\n\n\n\n<div style=\"height:60px\" aria-hidden=\"true\" class=\"wp-block-spacer\"><\/div>\n\n\n\n<div class=\"wp-block-buttons is-content-justification-center is-layout-flex wp-container-core-buttons-is-layout-16018d1d wp-block-buttons-is-layout-flex\">\n<div class=\"wp-block-button has-custom-width wp-block-button__width-75\"><a class=\"wp-block-button__link has-white-color has-text-color has-background has-link-color has-small-font-size has-custom-font-size wp-element-button\" href=\"https:\/\/www.h2obfs.com\/es\/case-studies\/qatargas\/\" style=\"border-radius:16px;background-color:#64ba4e;font-style:normal;font-weight:500;letter-spacing:2px\"><strong>LEER M\u00c1S<\/strong><\/a><\/div>\n<\/div>\n<\/div><\/div>\n<\/div>\n\n\n\n<div class=\"wp-block-column is-layout-flow wp-block-column-is-layout-flow\">\n<div class=\"wp-block-cover\" style=\"min-height:313px;aspect-ratio:unset;\"><img alt=\"\" loading=\"lazy\" decoding=\"async\" width=\"1024\" height=\"768\" class=\"wp-block-cover__image-background wp-image-615\" src=\"https:\/\/h2obfs.com\/wp-content\/uploads\/2025\/04\/Kwinana-case-study-1-1024x768.png\" data-object-fit=\"cover\" srcset=\"https:\/\/www.h2obfs.com\/wp-content\/uploads\/2025\/04\/Kwinana-case-study-1-1024x768.png 1024w, https:\/\/www.h2obfs.com\/wp-content\/uploads\/2025\/04\/Kwinana-case-study-1-300x225.png 300w, https:\/\/www.h2obfs.com\/wp-content\/uploads\/2025\/04\/Kwinana-case-study-1-768x576.png 768w, https:\/\/www.h2obfs.com\/wp-content\/uploads\/2025\/04\/Kwinana-case-study-1-1536x1152.png 1536w, https:\/\/www.h2obfs.com\/wp-content\/uploads\/2025\/04\/Kwinana-case-study-1-2048x1536.png 2048w\" sizes=\"auto, (max-width: 1024px) 100vw, 1024px\" \/><span aria-hidden=\"true\" class=\"wp-block-cover__background has-background-dim\"><\/span><div class=\"wp-block-cover__inner-container is-layout-flow wp-block-cover-is-layout-flow\">\n<h3 class=\"wp-block-heading has-text-align-center has-medium-font-size\" style=\"text-transform:uppercase\">CENTRAL EL\u00c9CTRICA DE KWINANA<\/h3>\n\n\n\n<div style=\"height:53px\" aria-hidden=\"true\" class=\"wp-block-spacer\"><\/div>\n\n\n\n<div class=\"wp-block-buttons is-content-justification-center is-layout-flex wp-container-core-buttons-is-layout-16018d1d wp-block-buttons-is-layout-flex\">\n<div class=\"wp-block-button has-custom-width wp-block-button__width-75\"><a class=\"wp-block-button__link has-white-color has-text-color has-background has-link-color has-small-font-size has-custom-font-size wp-element-button\" href=\"https:\/\/www.h2obfs.com\/es\/case-studies\/kwinana-power-plant\/\" style=\"border-radius:16px;background-color:#64ba4e;font-style:normal;font-weight:500;letter-spacing:2px\"><strong>LEER M\u00c1S<\/strong><\/a><\/div>\n<\/div>\n<\/div><\/div>\n<\/div>\n\n\n\n<div class=\"wp-block-column is-layout-flow wp-block-column-is-layout-flow\"><\/div>\n<\/div>\n\n\n\n<div style=\"height:30px\" aria-hidden=\"true\" class=\"wp-block-spacer\"><\/div>","protected":false},"excerpt":{"rendered":"<p>Our mission is to control biofouling with the best equipment. We solve problems and offer cost-effective solutions designed for your needs.<\/p>","protected":false},"author":1,"featured_media":0,"parent":0,"menu_order":0,"comment_status":"closed","ping_status":"closed","template":"","meta":{"_seopress_robots_primary_cat":"","_seopress_titles_title":"Our Case Studies - H2O Biofouling Solutions","_seopress_titles_desc":"A list of case studies showing how our technology successfully managed biofouling problems in industrial water systems in different countries.","_seopress_robots_index":"","_seopress_analysis_target_kw":"","footnotes":""},"class_list":["post-39","page","type-page","status-publish","hentry"],"_links":{"self":[{"href":"https:\/\/www.h2obfs.com\/es\/wp-json\/wp\/v2\/pages\/39","targetHints":{"allow":["GET"]}}],"collection":[{"href":"https:\/\/www.h2obfs.com\/es\/wp-json\/wp\/v2\/pages"}],"about":[{"href":"https:\/\/www.h2obfs.com\/es\/wp-json\/wp\/v2\/types\/page"}],"author":[{"embeddable":true,"href":"https:\/\/www.h2obfs.com\/es\/wp-json\/wp\/v2\/users\/1"}],"replies":[{"embeddable":true,"href":"https:\/\/www.h2obfs.com\/es\/wp-json\/wp\/v2\/comments?post=39"}],"version-history":[{"count":70,"href":"https:\/\/www.h2obfs.com\/es\/wp-json\/wp\/v2\/pages\/39\/revisions"}],"predecessor-version":[{"id":4062,"href":"https:\/\/www.h2obfs.com\/es\/wp-json\/wp\/v2\/pages\/39\/revisions\/4062"}],"wp:attachment":[{"href":"https:\/\/www.h2obfs.com\/es\/wp-json\/wp\/v2\/media?parent=39"}],"curies":[{"name":"wp","href":"https:\/\/api.w.org\/{rel}","templated":true}]}}