{"id":407,"date":"2025-04-03T22:34:52","date_gmt":"2025-04-03T22:34:52","guid":{"rendered":"https:\/\/h2obfs.com\/?page_id=407"},"modified":"2025-07-26T12:50:29","modified_gmt":"2025-07-26T12:50:29","slug":"ecodosing","status":"publish","type":"page","link":"https:\/\/www.h2obfs.com\/es\/biofouling-solutions\/ecodosing\/","title":{"rendered":""},"content":{"rendered":"<div class=\"wp-block-media-text is-stacked-on-mobile\" style=\"grid-template-columns:54% auto\"><figure class=\"wp-block-media-text__media\"><img alt=\"\" loading=\"lazy\" decoding=\"async\" width=\"1024\" height=\"559\" src=\"https:\/\/h2obfs.com\/wp-content\/uploads\/2025\/05\/Our-solutions-Ecodosing-1024x559.png\" class=\"wp-image-3040 size-full\" srcset=\"https:\/\/www.h2obfs.com\/wp-content\/uploads\/2025\/05\/Our-solutions-Ecodosing-1024x559.png 1024w, https:\/\/www.h2obfs.com\/wp-content\/uploads\/2025\/05\/Our-solutions-Ecodosing-300x164.png 300w, https:\/\/www.h2obfs.com\/wp-content\/uploads\/2025\/05\/Our-solutions-Ecodosing-768x419.png 768w, https:\/\/www.h2obfs.com\/wp-content\/uploads\/2025\/05\/Our-solutions-Ecodosing-1536x838.png 1536w, https:\/\/www.h2obfs.com\/wp-content\/uploads\/2025\/05\/Our-solutions-Ecodosing.png 1980w\" sizes=\"auto, (max-width: 1024px) 100vw, 1024px\" \/><\/figure><div class=\"wp-block-media-text__content\">\n<div style=\"height:15px\" aria-hidden=\"true\" class=\"wp-block-spacer\"><\/div>\n\n\n\n<p style=\"font-size:20px\"><strong><strong>\u00bfBusca un control garantizado de la bioincrustaci\u00f3n?<\/strong><\/strong><\/p>\n\n\n\n<p>Nuestra empresa ayuda a centrales el\u00e9ctricas, plantas desalinizadoras e instalaciones industriales a eliminar la bioincrustaci\u00f3n mediante soluciones innovadoras y respetuosas con el medioambiente<\/p>\n\n\n\n<div class=\"wp-block-buttons is-content-justification-center is-nowrap is-layout-flex wp-container-core-buttons-is-layout-1fb9aab6 wp-block-buttons-is-layout-flex\">\n<div class=\"wp-block-button has-custom-width wp-block-button__width-50 is-style-outline is-style-outline--1\"><a class=\"wp-block-button__link has-text-color has-link-color has-custom-font-size wp-element-button\" href=\"mailto:contact@h2obfs.com\" style=\"color:#64ba4e;font-size:13px\">Env\u00edenos un Email<\/a><\/div>\n\n\n\n<div class=\"wp-block-button has-custom-width wp-block-button__width-50\"><a class=\"wp-block-button__link has-white-color has-text-color has-background has-link-color has-custom-font-size wp-element-button\" href=\"https:\/\/www.h2obfs.com\/es\/contact-us\/\" style=\"background-color:#64ba4e;font-size:13px\" target=\"_blank\" rel=\"noreferrer noopener\">Ll\u00e1manos<\/a><\/div>\n<\/div>\n<\/div><\/div>\n\n\n\n<div style=\"height:50px\" aria-hidden=\"true\" class=\"wp-block-spacer\"><\/div>\n\n\n\n<h1 class=\"wp-block-heading\" style=\"font-size:24px\">Enfrente los Desaf\u00edos de la Bioincrustaci\u00f3n con Ecodosing\u2122<\/h1>\n\n\n\n<p class=\"has-text-align-left\">La bioincrustaci\u00f3n es uno de los desaf\u00edos m\u00e1s comunes y costosos en los sistemas industriales de agua. Ralentiza las operaciones, incrementa el consumo de energ\u00eda, eleva los costes de mantenimiento y puede representar riesgos tanto medioambientales como de cumplimiento normativo. <strong>Ecodosing\u2122 proporciona una soluci\u00f3n m\u00e1s eficiente e inteligente para controlar la bioincrustaci\u00f3n.<\/strong><\/p>\n\n\n\n<div style=\"height:20px\" aria-hidden=\"true\" class=\"wp-block-spacer\"><\/div>\n\n\n\n<div class=\"wp-block-group has-background is-vertical is-layout-flex wp-container-core-group-is-layout-8cf370e7 wp-block-group-is-layout-flex\" style=\"background-color:#2170b03b\">\n<h2 class=\"wp-block-heading\" style=\"font-size:20px\">\u00bfQu\u00e9 es Ecodosing\u2122?<\/h2>\n\n\n\n<p>Ecodosing\u2122 lleva m\u00e1s de 25 a\u00f1os aplic\u00e1ndose como un sistema sostenible y comprobado para el control de las bioincrustaciones. Aborda directamente las causas ra\u00edz en los sistemas de agua industrial y est\u00e1 reconocido como la <strong>Mejor T\u00e9cnica Disponible (BAT) <\/strong>por la iniciativa de<strong> Prevenci\u00f3n y Control Integrados de la Contaminaci\u00f3n (IPPC) de la UE,<\/strong>lo que lo convierte en una referencia l\u00edder en el  sector.<\/p>\n\n\n\n<p>Esta <strong>dosificaci\u00f3n adaptativa<\/strong> garantiza un uso m\u00ednimo de biocidas, controlando eficazmente las bioincrustaciones y reduciendo al mismo tiempo el impacto ambiental. <\/p>\n<\/div>\n\n\n\n<div style=\"height:30px\" aria-hidden=\"true\" class=\"wp-block-spacer\"><\/div>\n\n\n\n<figure class=\"wp-block-image size-full\"><img alt=\"\" loading=\"lazy\" decoding=\"async\" width=\"1440\" height=\"400\" src=\"https:\/\/www.h2obfs.com\/wp-content\/uploads\/2025\/05\/spanish-Ecodosing-Benefits-1.png\" class=\"wp-image-3928\" srcset=\"https:\/\/www.h2obfs.com\/wp-content\/uploads\/2025\/05\/spanish-Ecodosing-Benefits-1.png 1440w, https:\/\/www.h2obfs.com\/wp-content\/uploads\/2025\/05\/spanish-Ecodosing-Benefits-1-300x83.png 300w, https:\/\/www.h2obfs.com\/wp-content\/uploads\/2025\/05\/spanish-Ecodosing-Benefits-1-1024x284.png 1024w, https:\/\/www.h2obfs.com\/wp-content\/uploads\/2025\/05\/spanish-Ecodosing-Benefits-1-768x213.png 768w, https:\/\/www.h2obfs.com\/wp-content\/uploads\/2025\/05\/spanish-Ecodosing-Benefits-1-18x5.png 18w\" sizes=\"auto, (max-width: 1440px) 100vw, 1440px\" \/><\/figure>\n\n\n\n<div style=\"height:20px\" aria-hidden=\"true\" class=\"wp-block-spacer\"><\/div>\n\n\n\n<p><strong>Ecodosing\u2122 trasciende la aplicaci\u00f3n tradicional de biocidas, ofreciendo un enfoque estrat\u00e9gico y eficiente para el control de bioincrustaciones.<\/strong> Es una estrategia integral de control de bioincrustaciones, dise\u00f1ada para adaptarse a las condiciones espec\u00edficas de cada instalaci\u00f3n. Lejos de aplicar soluciones gen\u00e9ricas, este enfoque personalizado considera las particularidades de su sistema, garantizando un control eficaz, seguro y sostenible.<\/p>\n\n\n\n<p>Cada implementaci\u00f3n se adapta en funci\u00f3n de:<\/p>\n\n\n\n<ul class=\"wp-block-list\">\n<li>El dise\u00f1o y las condiciones operativas de su sistema de refrigeraci\u00f3n o de toma de agua<\/li>\n\n\n\n<li>Las especies locales de bioincrustantes presentes en el sistema<\/li>\n\n\n\n<li>Calidad del agua y variaciones estacionales<\/li>\n\n\n\n<li>Restricciones espec\u00edficas del sistema y requisitos normativos para el permiso de vertido<\/li>\n<\/ul>\n\n\n\n<div style=\"height:40px\" aria-hidden=\"true\" class=\"wp-block-spacer\"><\/div>\n\n\n\n<iframe loading=\"lazy\" width=\"760\" height=\"345\" \n    src=\"https:\/\/www.youtube.com\/embed\/b7u4DZ1NM88?playlist=b7u4DZ1NM88&#038;loop=1&#038;rel=0&#038;autoplay=1&#038;mute=1\" \n    title=\"YouTube video player\" \n    frameborder=\"0\" \n    allow=\"accelerometer; autoplay; clipboard-write; encrypted-media; gyroscope; picture-in-picture; web-share\" \n    referrerpolicy=\"strict-origin-when-cross-origin\" \n    allowfullscreen>\n<\/iframe>\n\n\n\n<div class=\"wp-block-columns is-layout-flex wp-container-core-columns-is-layout-9d6595d7 wp-block-columns-is-layout-flex\">\n<div class=\"wp-block-column is-layout-flow wp-block-column-is-layout-flow\">\n<div style=\"height:40px\" aria-hidden=\"true\" class=\"wp-block-spacer\"><\/div>\n\n\n\n<h2 class=\"wp-block-heading\" style=\"font-size:20px\">C\u00f3mo funciona Ecodosing\u2122<\/h2>\n\n\n\n<ol class=\"wp-block-list\">\n<li><strong>Planes de Dosificaci\u00f3n Personalizados<\/strong> - Iniciamos evaluando su sistema para dise\u00f1ar un plan de dosificaci\u00f3n personalizado que garantice un uso m\u00ednimo de biocidas y un control eficaz de las bioincrustaciones.<\/li>\n\n\n\n<li><strong>Monitorizaci\u00f3n Avanzada<\/strong> - Nuestro sistema incorpora supervisi\u00f3n en tiempo real, asegurando una dosificaci\u00f3n precisa y un control eficaz de las bioincrustaciones, minimizando el uso de biocidas.<\/li>\n\n\n\n<li><strong>Limpieza Controlada de Tuber\u00edas de Captaci\u00f3n <\/strong>- Ecodosing elimina progresivamente la bioincrustaci\u00f3n marina acumulada en las tuber\u00edas de captaci\u00f3n, evitando sobrecargar los sistemas de filtrado o interrumpir las operaciones, y reduce la necesidad de limpieza mec\u00e1nica. <\/li>\n\n\n\n<li><strong>Gesti\u00f3n Sostenible de las Bioincrustaciones<\/strong> - Gracias a la optimizaci\u00f3n continua de la dosificaci\u00f3n, minimizamos el uso de productos qu\u00edmicos nocivos y reducimos el impacto ambiental global de sus operaciones.<\/li>\n<\/ol>\n\n\n\n<div class=\"wp-block-columns are-vertically-aligned-center is-layout-flex wp-container-core-columns-is-layout-9d6595d7 wp-block-columns-is-layout-flex\">\n<div class=\"wp-block-column is-vertically-aligned-center is-layout-flow wp-block-column-is-layout-flow\">\n<h2 class=\"wp-block-heading\" style=\"font-size:20px\">Soluciones Adicionales<\/h2>\n\n\n\n<p>Adem\u00e1s del control de bioincrustaciones, ofrecemos:<\/p>\n\n\n\n<ul class=\"wp-block-list\">\n<li>Dise\u00f1o de sistemas de dosificaci\u00f3n de biocidas: Desde el concepto inicial hasta la instalaci\u00f3n, desarrollamos sistemas de dosificaci\u00f3n eficientes y personalizados que se adaptan a sus necesidades.<\/li>\n\n\n\n<li>Selecci\u00f3n experta de productos qu\u00edmicos: Asesoramos en la elecci\u00f3n de productos qu\u00edmicos \u00f3ptimos para el control de bioincrustaciones, adaptados a las condiciones espec\u00edficas de su instalaci\u00f3n.<\/li>\n\n\n\n<li>Evaluaci\u00f3n del impacto ambiental: Analizamos las posibles repercusiones del uso de biocidas, incluyendo la formaci\u00f3n potencial de subproductos como los trihalometanos (THM).<\/li>\n<\/ul>\n<\/div>\n<\/div>\n\n\n\n<figure class=\"wp-block-image size-full\"><a href=\"https:\/\/www.h2obfs.com\/wp-content\/uploads\/2025\/07\/Spanish-Ecodosing-Brochure-.pdf\" target=\"_blank\" rel=\" noreferrer noopener\"><img alt=\"\" loading=\"lazy\" decoding=\"async\" width=\"1440\" height=\"300\" src=\"https:\/\/www.h2obfs.com\/wp-content\/uploads\/2025\/05\/Ecodosing-ES-brochure.png\" class=\"wp-image-3068\" srcset=\"https:\/\/www.h2obfs.com\/wp-content\/uploads\/2025\/05\/Ecodosing-ES-brochure.png 1440w, https:\/\/www.h2obfs.com\/wp-content\/uploads\/2025\/05\/Ecodosing-ES-brochure-300x63.png 300w, https:\/\/www.h2obfs.com\/wp-content\/uploads\/2025\/05\/Ecodosing-ES-brochure-1024x213.png 1024w, https:\/\/www.h2obfs.com\/wp-content\/uploads\/2025\/05\/Ecodosing-ES-brochure-768x160.png 768w, https:\/\/www.h2obfs.com\/wp-content\/uploads\/2025\/05\/Ecodosing-ES-brochure-18x4.png 18w\" sizes=\"auto, (max-width: 1440px) 100vw, 1440px\" \/><\/a><\/figure>\n\n\n\n<div style=\"height:25px\" aria-hidden=\"true\" class=\"wp-block-spacer\"><\/div>\n\n\n\n<h2 class=\"wp-block-heading\" style=\"font-size:20px\">\u00c9xito Comprobado en Plantas Desalinizadoras SWRO<\/h2>\n\n\n\n<p>Ecodosing\u2122 ha ayudado a clientes en todo el mundo a reducir costes operativos y mejorar la fiabilidad de sus sistemas. En varias plantas desalinizadoras SWRO, Ecodosing\u2122 ha logrado sistemas de captaci\u00f3n libres de bioincrustaciones y ha prolongado la vida \u00fatil de las membranas de \u00f3smosis inversa. Adem\u00e1s, Ecodosing\u2122 ha permitido una limpieza gradual de las tuber\u00edas de captaci\u00f3n sin necesidad de intervenciones mec\u00e1nicas, recuperando la p\u00e9rdida de carga casi hasta las especificaciones de dise\u00f1o. Este \u00e9xito, junto con muchos otros, demuestra el impacto tangible que Ecodosing\u2122 est\u00e1 teniendo en los sistemas industriales de agua a nivel global (<a href=\"https:\/\/www.ecodosing.com\/case-studies\/?utm_source=chatgpt.com\">Estudios de Caso Ecodosing<\/a>).<\/p>\n\n\n\n<div style=\"height:25px\" aria-hidden=\"true\" class=\"wp-block-spacer\"><\/div>\n<\/div>\n<\/div>\n\n\n\n<figure class=\"wp-block-image size-full\"><a href=\"https:\/\/www.h2obfs.com\/es\/contact-us\/\" target=\"_blank\" rel=\" noreferrer noopener\"><img alt=\"\" loading=\"lazy\" decoding=\"async\" width=\"1440\" height=\"300\" src=\"https:\/\/www.h2obfs.com\/wp-content\/uploads\/2025\/05\/ecodosing-es-001.jpg\" class=\"wp-image-3680\" srcset=\"https:\/\/www.h2obfs.com\/wp-content\/uploads\/2025\/05\/ecodosing-es-001.jpg 1440w, https:\/\/www.h2obfs.com\/wp-content\/uploads\/2025\/05\/ecodosing-es-001-300x63.jpg 300w, https:\/\/www.h2obfs.com\/wp-content\/uploads\/2025\/05\/ecodosing-es-001-1024x213.jpg 1024w, https:\/\/www.h2obfs.com\/wp-content\/uploads\/2025\/05\/ecodosing-es-001-768x160.jpg 768w, https:\/\/www.h2obfs.com\/wp-content\/uploads\/2025\/05\/ecodosing-es-001-18x4.jpg 18w\" sizes=\"auto, (max-width: 1440px) 100vw, 1440px\" \/><\/a><\/figure>\n\n\n\n<div style=\"height:30px\" aria-hidden=\"true\" class=\"wp-block-spacer\"><\/div>\n\n\n\n<h2 class=\"wp-block-heading\" style=\"font-size:17px\">Soluciones Complementarias para el Control de Bioincrustaciones<\/h2>\n\n\n\n<div class=\"wp-block-columns is-layout-flex wp-container-core-columns-is-layout-9d6595d7 wp-block-columns-is-layout-flex\">\n<div class=\"wp-block-column is-layout-flow wp-block-column-is-layout-flow\"><\/div>\n<\/div>\n\n\n\n<div class=\"wp-block-cb-carousel-v2 cb-carousel-block\" data-cb-slides-per-view=\"1\" data-cb-slides-per-group=\"1\" data-cb-space-between=\"15\" data-cb-speed=\"300\" data-cb-navigation=\"true\" data-cb-pagination=\"true\" data-cb-breakpoints=\"{&quot;768&quot;:{&quot;slidesPerView&quot;:3,&quot;slidesPerGroup&quot;:1}}\"><div class=\"swiper\"><div class=\"cb-wrapper swiper-wrapper\">\n<div class=\"wp-block-cb-slide-v2 cb-slide swiper-slide\">\n<figure class=\"wp-block-image size-large\"><a href=\"https:\/\/www.h2obfs.com\/es\/biofouling-solutions\/biovision\/\"><img alt=\"\" loading=\"lazy\" decoding=\"async\" width=\"1024\" height=\"1024\" src=\"https:\/\/www.h2obfs.com\/wp-content\/uploads\/2025\/05\/Biovision-es-001.png\" class=\"wp-image-3318\" srcset=\"https:\/\/www.h2obfs.com\/wp-content\/uploads\/2025\/05\/Biovision-es-001.png 1500w, https:\/\/www.h2obfs.com\/wp-content\/uploads\/2025\/05\/Biovision-es-001-300x300.png 300w, https:\/\/www.h2obfs.com\/wp-content\/uploads\/2025\/05\/Biovision-es-001-1024x1024.png 1024w, https:\/\/www.h2obfs.com\/wp-content\/uploads\/2025\/05\/Biovision-es-001-150x150.png 150w, https:\/\/www.h2obfs.com\/wp-content\/uploads\/2025\/05\/Biovision-es-001-768x768.png 768w, https:\/\/www.h2obfs.com\/wp-content\/uploads\/2025\/05\/Biovision-es-001-12x12.png 12w\" sizes=\"auto, (max-width: 1024px) 100vw, 1024px\" \/><\/a><\/figure>\n<\/div>\n\n\n\n<div class=\"wp-block-cb-slide-v2 cb-slide swiper-slide\">\n<figure class=\"wp-block-image size-large\"><a href=\"https:\/\/www.h2obfs.com\/es\/biofouling-solutions\/watertop\/\"><img alt=\"\" loading=\"lazy\" decoding=\"async\" width=\"1024\" height=\"1024\" src=\"https:\/\/www.h2obfs.com\/wp-content\/uploads\/2025\/05\/WaterTop-es-001.png\" class=\"wp-image-3323\" srcset=\"https:\/\/www.h2obfs.com\/wp-content\/uploads\/2025\/05\/WaterTop-es-001.png 1500w, https:\/\/www.h2obfs.com\/wp-content\/uploads\/2025\/05\/WaterTop-es-001-300x300.png 300w, https:\/\/www.h2obfs.com\/wp-content\/uploads\/2025\/05\/WaterTop-es-001-1024x1024.png 1024w, https:\/\/www.h2obfs.com\/wp-content\/uploads\/2025\/05\/WaterTop-es-001-150x150.png 150w, https:\/\/www.h2obfs.com\/wp-content\/uploads\/2025\/05\/WaterTop-es-001-768x768.png 768w, https:\/\/www.h2obfs.com\/wp-content\/uploads\/2025\/05\/WaterTop-es-001-12x12.png 12w\" sizes=\"auto, (max-width: 1024px) 100vw, 1024px\" \/><\/a><\/figure>\n<\/div>\n\n\n\n<div class=\"wp-block-cb-slide-v2 cb-slide swiper-slide\">\n<figure class=\"wp-block-image size-large\"><a href=\"https:\/\/www.h2obfs.com\/es\/biofouling-solutions\/root-cause-analysis\/\"><img alt=\"\" loading=\"lazy\" decoding=\"async\" width=\"1024\" height=\"1024\" src=\"https:\/\/www.h2obfs.com\/wp-content\/uploads\/2025\/05\/Root-Cause-Analysis-es-001.png\" class=\"wp-image-3322\" srcset=\"https:\/\/www.h2obfs.com\/wp-content\/uploads\/2025\/05\/Root-Cause-Analysis-es-001.png 1500w, https:\/\/www.h2obfs.com\/wp-content\/uploads\/2025\/05\/Root-Cause-Analysis-es-001-300x300.png 300w, https:\/\/www.h2obfs.com\/wp-content\/uploads\/2025\/05\/Root-Cause-Analysis-es-001-1024x1024.png 1024w, https:\/\/www.h2obfs.com\/wp-content\/uploads\/2025\/05\/Root-Cause-Analysis-es-001-150x150.png 150w, https:\/\/www.h2obfs.com\/wp-content\/uploads\/2025\/05\/Root-Cause-Analysis-es-001-768x768.png 768w, https:\/\/www.h2obfs.com\/wp-content\/uploads\/2025\/05\/Root-Cause-Analysis-es-001-12x12.png 12w\" sizes=\"auto, (max-width: 1024px) 100vw, 1024px\" \/><\/a><\/figure>\n<\/div>\n\n\n\n<div class=\"wp-block-cb-slide-v2 cb-slide swiper-slide\">\n<figure class=\"wp-block-image size-large\"><a href=\"https:\/\/www.h2obfs.com\/es\/biofouling-solutions\/bioprotect\/\"><img alt=\"\" loading=\"lazy\" decoding=\"async\" width=\"1024\" height=\"1024\" src=\"https:\/\/www.h2obfs.com\/wp-content\/uploads\/2025\/05\/Bioprotect-es-001.png\" class=\"wp-image-3325\" srcset=\"https:\/\/www.h2obfs.com\/wp-content\/uploads\/2025\/05\/Bioprotect-es-001.png 1500w, https:\/\/www.h2obfs.com\/wp-content\/uploads\/2025\/05\/Bioprotect-es-001-300x300.png 300w, https:\/\/www.h2obfs.com\/wp-content\/uploads\/2025\/05\/Bioprotect-es-001-1024x1024.png 1024w, https:\/\/www.h2obfs.com\/wp-content\/uploads\/2025\/05\/Bioprotect-es-001-150x150.png 150w, https:\/\/www.h2obfs.com\/wp-content\/uploads\/2025\/05\/Bioprotect-es-001-768x768.png 768w, https:\/\/www.h2obfs.com\/wp-content\/uploads\/2025\/05\/Bioprotect-es-001-12x12.png 12w\" sizes=\"auto, (max-width: 1024px) 100vw, 1024px\" \/><\/a><\/figure>\n<\/div>\n\n\n\n<div class=\"wp-block-cb-slide-v2 cb-slide swiper-slide\">\n<figure class=\"wp-block-image size-large\"><a href=\"https:\/\/www.h2obfs.com\/es\/biofouling-solutions\/biosafe\/\"><img alt=\"\" loading=\"lazy\" decoding=\"async\" width=\"1024\" height=\"1024\" src=\"https:\/\/www.h2obfs.com\/wp-content\/uploads\/2025\/05\/Biosafe-es-001.png\" class=\"wp-image-3326\" srcset=\"https:\/\/www.h2obfs.com\/wp-content\/uploads\/2025\/05\/Biosafe-es-001.png 1500w, https:\/\/www.h2obfs.com\/wp-content\/uploads\/2025\/05\/Biosafe-es-001-300x300.png 300w, https:\/\/www.h2obfs.com\/wp-content\/uploads\/2025\/05\/Biosafe-es-001-1024x1024.png 1024w, https:\/\/www.h2obfs.com\/wp-content\/uploads\/2025\/05\/Biosafe-es-001-150x150.png 150w, https:\/\/www.h2obfs.com\/wp-content\/uploads\/2025\/05\/Biosafe-es-001-768x768.png 768w, https:\/\/www.h2obfs.com\/wp-content\/uploads\/2025\/05\/Biosafe-es-001-12x12.png 12w\" sizes=\"auto, (max-width: 1024px) 100vw, 1024px\" \/><\/a><\/figure>\n<\/div>\n\n\n\n<div class=\"wp-block-cb-slide-v2 cb-slide swiper-slide\">\n<figure class=\"wp-block-image size-large\"><a href=\"https:\/\/www.h2obfs.com\/es\/biofouling-solutions\/h2o-academy\/\"><img alt=\"\" loading=\"lazy\" decoding=\"async\" width=\"1024\" height=\"1024\" src=\"https:\/\/www.h2obfs.com\/wp-content\/uploads\/2025\/05\/H2O-Academy-es-001.png\" class=\"wp-image-3320\" srcset=\"https:\/\/www.h2obfs.com\/wp-content\/uploads\/2025\/05\/H2O-Academy-es-001.png 1500w, https:\/\/www.h2obfs.com\/wp-content\/uploads\/2025\/05\/H2O-Academy-es-001-300x300.png 300w, https:\/\/www.h2obfs.com\/wp-content\/uploads\/2025\/05\/H2O-Academy-es-001-1024x1024.png 1024w, https:\/\/www.h2obfs.com\/wp-content\/uploads\/2025\/05\/H2O-Academy-es-001-150x150.png 150w, https:\/\/www.h2obfs.com\/wp-content\/uploads\/2025\/05\/H2O-Academy-es-001-768x768.png 768w, https:\/\/www.h2obfs.com\/wp-content\/uploads\/2025\/05\/H2O-Academy-es-001-12x12.png 12w\" sizes=\"auto, (max-width: 1024px) 100vw, 1024px\" \/><\/a><\/figure>\n<\/div>\n<\/div><\/div><div class=\"cb-pagination swiper-pagination\"><\/div><div class=\"cb-button-prev swiper-button-prev\"><\/div><div class=\"cb-button-next swiper-button-next\"><\/div><\/div>","protected":false},"excerpt":{"rendered":"<h4>\u00bfC\u00f3mo reducir los costes asociados a la bioincrustaci\u00f3n sin comprometer la fiabilidad del sistema?<br \/>\n<\/h4>\n<p>\nReduzca, controle y ahorre: Ecodosing\u2122 disminuye el uso de productos qu\u00edmicos hasta en un 50%, reduce los costes de instalaci\u00f3n entre un 10 % y un 30 %, y los costes operativos entre un 30 % y un 60 %. Todo ello, garantizando la fiabilidad del sistema y cumpliendo con las normativas vigentes para un control eficaz de las bioincrustaciones.<br \/>\n<br \/><b><a href=\"\/es\/biofouling-solutions\/ecodosing\/\">Saber m\u00e1s...<\/a><\/b><\/p>","protected":false},"author":1,"featured_media":4276,"parent":38,"menu_order":0,"comment_status":"closed","ping_status":"closed","template":"","meta":{"_seopress_robots_primary_cat":"","_seopress_titles_title":"Ecodosing\u2122 \u2013 Biofouling control - H2O Biofouling Solutions","_seopress_titles_desc":"Ecodosing\u2122 is a proven, sustainable biofouling control system that addresses the root causes of biofouling in industrial water systems.","_seopress_robots_index":"","_seopress_analysis_target_kw":"","footnotes":""},"class_list":["post-407","page","type-page","status-publish","has-post-thumbnail","hentry"],"_links":{"self":[{"href":"https:\/\/www.h2obfs.com\/es\/wp-json\/wp\/v2\/pages\/407","targetHints":{"allow":["GET"]}}],"collection":[{"href":"https:\/\/www.h2obfs.com\/es\/wp-json\/wp\/v2\/pages"}],"about":[{"href":"https:\/\/www.h2obfs.com\/es\/wp-json\/wp\/v2\/types\/page"}],"author":[{"embeddable":true,"href":"https:\/\/www.h2obfs.com\/es\/wp-json\/wp\/v2\/users\/1"}],"replies":[{"embeddable":true,"href":"https:\/\/www.h2obfs.com\/es\/wp-json\/wp\/v2\/comments?post=407"}],"version-history":[{"count":132,"href":"https:\/\/www.h2obfs.com\/es\/wp-json\/wp\/v2\/pages\/407\/revisions"}],"predecessor-version":[{"id":4335,"href":"https:\/\/www.h2obfs.com\/es\/wp-json\/wp\/v2\/pages\/407\/revisions\/4335"}],"up":[{"embeddable":true,"href":"https:\/\/www.h2obfs.com\/es\/wp-json\/wp\/v2\/pages\/38"}],"wp:featuredmedia":[{"embeddable":true,"href":"https:\/\/www.h2obfs.com\/es\/wp-json\/wp\/v2\/media\/4276"}],"wp:attachment":[{"href":"https:\/\/www.h2obfs.com\/es\/wp-json\/wp\/v2\/media?parent=407"}],"curies":[{"name":"wp","href":"https:\/\/api.w.org\/{rel}","templated":true}]}}