{"id":411,"date":"2025-04-03T22:35:24","date_gmt":"2025-04-03T22:35:24","guid":{"rendered":"https:\/\/h2obfs.com\/?page_id=411"},"modified":"2025-06-23T04:54:55","modified_gmt":"2025-06-23T04:54:55","slug":"watertop","status":"publish","type":"page","link":"https:\/\/www.h2obfs.com\/es\/biofouling-solutions\/watertop\/","title":{"rendered":""},"content":{"rendered":"<div class=\"wp-block-media-text is-stacked-on-mobile\" style=\"grid-template-columns:54% auto\"><figure class=\"wp-block-media-text__media\"><img alt=\"\" loading=\"lazy\" decoding=\"async\" width=\"1024\" height=\"559\" src=\"https:\/\/www.h2obfs.com\/wp-content\/uploads\/2025\/05\/Our-solutions-watertop.png\" class=\"wp-image-3045 size-medium\" srcset=\"https:\/\/www.h2obfs.com\/wp-content\/uploads\/2025\/05\/Our-solutions-watertop.png 1980w, https:\/\/www.h2obfs.com\/wp-content\/uploads\/2025\/05\/Our-solutions-watertop-300x164.png 300w, https:\/\/www.h2obfs.com\/wp-content\/uploads\/2025\/05\/Our-solutions-watertop-1024x559.png 1024w, https:\/\/www.h2obfs.com\/wp-content\/uploads\/2025\/05\/Our-solutions-watertop-768x419.png 768w, https:\/\/www.h2obfs.com\/wp-content\/uploads\/2025\/05\/Our-solutions-watertop-1536x838.png 1536w\" sizes=\"auto, (max-width: 1024px) 100vw, 1024px\" \/><\/figure><div class=\"wp-block-media-text__content\">\n<div style=\"height:15px\" aria-hidden=\"true\" class=\"wp-block-spacer\"><\/div>\n\n\n\n<p style=\"font-size:20px\"><strong><strong>\u00bfBusca optimizar el tratamiento de agua?<\/strong><\/strong><\/p>\n\n\n\n<p>Nuestra empresa ayuda a centrales el\u00e9ctricas, plantas desalinizadoras e instalaciones industriales a eliminar la bioincrustaci\u00f3n mediante soluciones innovadoras y respetuosas con el medioambiente<\/p>\n\n\n\n<div class=\"wp-block-buttons is-content-justification-center is-nowrap is-layout-flex wp-container-core-buttons-is-layout-1fb9aab6 wp-block-buttons-is-layout-flex\">\n<div class=\"wp-block-button has-custom-width wp-block-button__width-50 is-style-outline is-style-outline--1\"><a class=\"wp-block-button__link has-text-color has-link-color has-custom-font-size wp-element-button\" href=\"mailto:contact@h2obfs.com\" style=\"color:#64ba4e;font-size:13px\">Env\u00edenos un Email<\/a><\/div>\n\n\n\n<div class=\"wp-block-button has-custom-width wp-block-button__width-50\"><a class=\"wp-block-button__link has-white-color has-text-color has-background has-link-color has-custom-font-size wp-element-button\" href=\"https:\/\/www.h2obfs.com\/es\/contact-us\/\" style=\"background-color:#64ba4e;font-size:13px\" target=\"_blank\" rel=\"noreferrer noopener\">Ll\u00e1manos<\/a><\/div>\n<\/div>\n<\/div><\/div>\n\n\n\n<div style=\"height:50px\" aria-hidden=\"true\" class=\"wp-block-spacer\"><\/div>\n\n\n\n<h1 class=\"wp-block-heading\" style=\"font-size:24px\">Optimice el rendimiento del sistema de refrigeraci\u00f3n con Watertop\u00ae<\/h1>\n\n\n\n<p>Los sistemas de refrigeraci\u00f3n son esenciales para mantener la eficiencia operativa en diversas industrias. Sin embargo, problemas como la formaci\u00f3n de biopel\u00edculas, las incrustaciones y la corrosi\u00f3n pueden comprometer su rendimiento, lo que conlleva un aumento de los costes de mantenimiento y posibles fallos del sistema. Abordar estos problemas de forma proactiva es crucial para garantizar la longevidad y la eficiencia de los sistemas de refrigeraci\u00f3n.<\/p>\n\n\n\n<div style=\"height:20px\" aria-hidden=\"true\" class=\"wp-block-spacer\"><\/div>\n\n\n\n<h2 class=\"wp-block-heading\" style=\"font-size:20px\">Comprender los Desaf\u00edos<\/h2>\n\n\n\n<ul class=\"wp-block-list\">\n<li><strong>Biopel\u00edcula<\/strong>: Comunidades microbianas que se adhieren a las superficies, reduciendo la eficiencia del intercambio t\u00e9rmico y pudiendo provocar corrosi\u00f3n inducida por microorganismos.<\/li>\n\n\n\n<li><strong>Incrustaciones minerales<\/strong>: Acumulaci\u00f3n de dep\u00f3sitos minerales que pueden obstruir tuber\u00edas e intercambiadores de calor, dificultando el flujo de fluidos y la transferencia de calor.<\/li>\n\n\n\n<li><strong>Corrosi\u00f3n<\/strong>: Degradaci\u00f3n de las superficies met\u00e1licas debido a reacciones qu\u00edmicas, que puede provocar fallos estructurales y fugas.<\/li>\n<\/ul>\n\n\n\n<div style=\"height:20px\" aria-hidden=\"true\" class=\"wp-block-spacer\"><\/div>\n\n\n\n<div class=\"wp-block-group has-background is-vertical is-layout-flex wp-container-core-group-is-layout-8cf370e7 wp-block-group-is-layout-flex\" style=\"background-color:#2170b03b\">\n<h2 class=\"wp-block-heading\" style=\"font-size:20px\">\u00bfQu\u00e9 es Watertop\u00ae?<\/h2>\n\n\n\n<p><strong>Watertop\u00ae<\/strong> es un programa integral de monitorizaci\u00f3n dise\u00f1ado para evaluar el rendimiento de los sistemas de acondicionamiento de agua en el control de bioincrustaci\u00f3n, formaci\u00f3n de incrustaciones minerales y corrosi\u00f3n. Utiliza una instalaci\u00f3n de pruebas m\u00f3vil, <strong>Watertop\u00ae<\/strong> se adhiere a la <strong>Norma ISO 16784-2:2008<\/strong>, garantizando una evaluaci\u00f3n fiable y constante de los procesos de tratamiento de su sistema.<\/p>\n\n\n\n<p>Al proporcionar datos e informaci\u00f3n en tiempo real, <strong>Watertop\u00ae<\/strong> le ayuda a evaluar la efectividad de su programa actual de tratamiento de agua y a identificar las \u00e1reas donde se requieren ajustes. Este enfoque proactivo permite optimizar el rendimiento del sistema y evitar costosos tiempos de inactividad o mantenimiento.<\/p>\n<\/div>\n\n\n\n<div style=\"height:30px\" aria-hidden=\"true\" class=\"wp-block-spacer\"><\/div>\n\n\n\n<h2 class=\"wp-block-heading\" style=\"font-size:20px\">C\u00f3mo funciona Watertop\u00ae<\/h2>\n\n\n\n<p>La planta piloto Watertop\u00ae puede instalarse en cualquier ubicaci\u00f3n y conectarse a sistemas de agua de enfriamiento existentes en diversas configuraciones.<\/p>\n\n\n\n<ul class=\"wp-block-list\">\n<li><strong>Unidad de recirculaci\u00f3n<\/strong>: Eval\u00faa la eficacia de los programas de acondicionamiento qu\u00edmico contra las microincrustaciones, las incrustaciones y la corrosi\u00f3n.<\/li>\n\n\n\n<li><strong>Supervisi\u00f3n en Tiempo Real<\/strong>: Monitorea la formaci\u00f3n de incrustaciones y la corrosi\u00f3n conectando \u00fanicamente la unidad del intercambiador de calor al sistema de agua de refrigeraci\u00f3n. Esta configuraci\u00f3n permite la detecci\u00f3n visual de incrustaciones y corrosi\u00f3n, y dispone de tubos para an\u00e1lisis microsc\u00f3pico ligero que facilitan la identificaci\u00f3n de las causas ra\u00edz.<br><\/li>\n<\/ul>\n\n\n\n<div style=\"height:20px\" aria-hidden=\"true\" class=\"wp-block-spacer\"><\/div>\n\n\n\n<h2 class=\"wp-block-heading\" style=\"font-size:20px\">Caracter\u00edsticas de Watertop\u00ae<\/h2>\n\n\n\n<ul class=\"wp-block-list\">\n<li><strong>ISO 16784-2:2008 Compliance<\/strong>: El sistema cumple las normas reconocidas internacionalmente para evaluar el rendimiento del tratamiento del agua, lo que garantiza la fiabilidad de los resultados.<\/li>\n\n\n\n<li><strong>Supervisi\u00f3n en Tiempo Real<\/strong>: Watertop\u00ae realiza un seguimiento del desarrollo de la bioincrustaci\u00f3n, las incrustaciones minerales y la corrosi\u00f3n, proporcionando informaci\u00f3n inmediata sobre el rendimiento del sistema.<\/li>\n\n\n\n<li><strong>Adaptado a su Sistema<\/strong>: Watertop\u00ae tiene en cuenta las condiciones espec\u00edficas del agua de la planta, incluyendo la construcci\u00f3n del material, la fauna local, la composici\u00f3n del agua y la temperatura, para establecer el protocolo de tratamiento de agua m\u00e1s efectivo.<\/li>\n<\/ul>\n\n\n\n<div style=\"height:30px\" aria-hidden=\"true\" class=\"wp-block-spacer\"><\/div>\n\n\n<div class=\"wp-block-image\">\n<figure class=\"aligncenter size-full\"><a href=\"https:\/\/www.h2obfs.com\/wp-content\/uploads\/2025\/07\/Spanish-Watertop-Brochure-.pdf\" target=\"_blank\" rel=\" noreferrer noopener\"><img alt=\"\" loading=\"lazy\" decoding=\"async\" width=\"1440\" height=\"300\" src=\"https:\/\/www.h2obfs.com\/wp-content\/uploads\/2025\/05\/Watertop-ES-brochure.png\" class=\"wp-image-3071\" srcset=\"https:\/\/www.h2obfs.com\/wp-content\/uploads\/2025\/05\/Watertop-ES-brochure.png 1440w, https:\/\/www.h2obfs.com\/wp-content\/uploads\/2025\/05\/Watertop-ES-brochure-300x63.png 300w, https:\/\/www.h2obfs.com\/wp-content\/uploads\/2025\/05\/Watertop-ES-brochure-1024x213.png 1024w, https:\/\/www.h2obfs.com\/wp-content\/uploads\/2025\/05\/Watertop-ES-brochure-768x160.png 768w, https:\/\/www.h2obfs.com\/wp-content\/uploads\/2025\/05\/Watertop-ES-brochure-18x4.png 18w\" sizes=\"auto, (max-width: 1440px) 100vw, 1440px\" \/><\/a><\/figure>\n<\/div>\n\n\n<div style=\"height:30px\" aria-hidden=\"true\" class=\"wp-block-spacer\"><\/div>\n\n\n\n<p>No permita que la biopel\u00edcula, las incrustaciones y la corrosi\u00f3n afecten al rendimiento de su sistema. Con <strong>Watertop\u00ae<\/strong>, puede gestionar estos riesgos de forma proactiva y garantizar que sus sistemas de refrigeraci\u00f3n funcionen de forma eficiente. Descubra c\u00f3mo <strong>Watertop\u00ae<\/strong> puede ayudarle a optimizar su proceso de tratamiento de agua y mejorar la fiabilidad del sistema.<\/p>\n\n\n\n<div style=\"height:30px\" aria-hidden=\"true\" class=\"wp-block-spacer\"><\/div>\n\n\n\n<figure class=\"wp-block-image size-full\"><a href=\"https:\/\/www.h2obfs.com\/es\/contact-us\/\" target=\"_blank\" rel=\" noreferrer noopener\"><img alt=\"\" loading=\"lazy\" decoding=\"async\" width=\"1440\" height=\"300\" src=\"https:\/\/www.h2obfs.com\/wp-content\/uploads\/2025\/05\/Watertop-es-001.jpg\" class=\"wp-image-3683\" srcset=\"https:\/\/www.h2obfs.com\/wp-content\/uploads\/2025\/05\/Watertop-es-001.jpg 1440w, https:\/\/www.h2obfs.com\/wp-content\/uploads\/2025\/05\/Watertop-es-001-300x63.jpg 300w, https:\/\/www.h2obfs.com\/wp-content\/uploads\/2025\/05\/Watertop-es-001-1024x213.jpg 1024w, https:\/\/www.h2obfs.com\/wp-content\/uploads\/2025\/05\/Watertop-es-001-768x160.jpg 768w, https:\/\/www.h2obfs.com\/wp-content\/uploads\/2025\/05\/Watertop-es-001-18x4.jpg 18w\" sizes=\"auto, (max-width: 1440px) 100vw, 1440px\" \/><\/a><\/figure>\n\n\n\n<div style=\"height:30px\" aria-hidden=\"true\" class=\"wp-block-spacer\"><\/div>\n\n\n\n<h2 class=\"wp-block-heading\" style=\"font-size:17px\">Soluciones Complementarias para el Control de Bioincrustaciones<\/h2>\n\n\n\n<div class=\"wp-block-cb-carousel-v2 cb-carousel-block\" data-cb-slides-per-view=\"1\" data-cb-slides-per-group=\"1\" data-cb-space-between=\"15\" data-cb-speed=\"300\" data-cb-navigation=\"true\" data-cb-pagination=\"true\" data-cb-breakpoints=\"{&quot;768&quot;:{&quot;slidesPerView&quot;:3,&quot;slidesPerGroup&quot;:1}}\"><div class=\"swiper\"><div class=\"cb-wrapper swiper-wrapper\">\n<div class=\"wp-block-cb-slide-v2 cb-slide swiper-slide\">\n<figure class=\"wp-block-image size-large\"><a href=\"https:\/\/www.h2obfs.com\/es\/biofouling-solutions\/ecodosing\/\"><img alt=\"\" loading=\"lazy\" decoding=\"async\" width=\"1024\" height=\"1024\" src=\"https:\/\/www.h2obfs.com\/wp-content\/uploads\/2025\/05\/Ecodosing-es-001.png\" class=\"wp-image-3319\" srcset=\"https:\/\/www.h2obfs.com\/wp-content\/uploads\/2025\/05\/Ecodosing-es-001.png 1500w, https:\/\/www.h2obfs.com\/wp-content\/uploads\/2025\/05\/Ecodosing-es-001-300x300.png 300w, https:\/\/www.h2obfs.com\/wp-content\/uploads\/2025\/05\/Ecodosing-es-001-1024x1024.png 1024w, https:\/\/www.h2obfs.com\/wp-content\/uploads\/2025\/05\/Ecodosing-es-001-150x150.png 150w, https:\/\/www.h2obfs.com\/wp-content\/uploads\/2025\/05\/Ecodosing-es-001-768x768.png 768w, https:\/\/www.h2obfs.com\/wp-content\/uploads\/2025\/05\/Ecodosing-es-001-12x12.png 12w\" sizes=\"auto, (max-width: 1024px) 100vw, 1024px\" \/><\/a><\/figure>\n<\/div>\n\n\n\n<div class=\"wp-block-cb-slide-v2 cb-slide swiper-slide\">\n<figure class=\"wp-block-image size-large\"><a href=\"https:\/\/www.h2obfs.com\/es\/biofouling-solutions\/biovision\/\"><img alt=\"\" loading=\"lazy\" decoding=\"async\" width=\"1024\" height=\"1024\" src=\"https:\/\/www.h2obfs.com\/wp-content\/uploads\/2025\/05\/Biovision-es-001.png\" class=\"wp-image-3318\" srcset=\"https:\/\/www.h2obfs.com\/wp-content\/uploads\/2025\/05\/Biovision-es-001.png 1500w, https:\/\/www.h2obfs.com\/wp-content\/uploads\/2025\/05\/Biovision-es-001-300x300.png 300w, https:\/\/www.h2obfs.com\/wp-content\/uploads\/2025\/05\/Biovision-es-001-1024x1024.png 1024w, https:\/\/www.h2obfs.com\/wp-content\/uploads\/2025\/05\/Biovision-es-001-150x150.png 150w, https:\/\/www.h2obfs.com\/wp-content\/uploads\/2025\/05\/Biovision-es-001-768x768.png 768w, https:\/\/www.h2obfs.com\/wp-content\/uploads\/2025\/05\/Biovision-es-001-12x12.png 12w\" sizes=\"auto, (max-width: 1024px) 100vw, 1024px\" \/><\/a><\/figure>\n<\/div>\n\n\n\n<div class=\"wp-block-cb-slide-v2 cb-slide swiper-slide\">\n<figure class=\"wp-block-image size-large\"><a href=\"https:\/\/www.h2obfs.com\/es\/biofouling-solutions\/biosafe\/\"><img alt=\"\" loading=\"lazy\" decoding=\"async\" width=\"1024\" height=\"1024\" src=\"https:\/\/www.h2obfs.com\/wp-content\/uploads\/2025\/05\/Biosafe-es-001.png\" class=\"wp-image-3326\" srcset=\"https:\/\/www.h2obfs.com\/wp-content\/uploads\/2025\/05\/Biosafe-es-001.png 1500w, https:\/\/www.h2obfs.com\/wp-content\/uploads\/2025\/05\/Biosafe-es-001-300x300.png 300w, https:\/\/www.h2obfs.com\/wp-content\/uploads\/2025\/05\/Biosafe-es-001-1024x1024.png 1024w, https:\/\/www.h2obfs.com\/wp-content\/uploads\/2025\/05\/Biosafe-es-001-150x150.png 150w, https:\/\/www.h2obfs.com\/wp-content\/uploads\/2025\/05\/Biosafe-es-001-768x768.png 768w, https:\/\/www.h2obfs.com\/wp-content\/uploads\/2025\/05\/Biosafe-es-001-12x12.png 12w\" sizes=\"auto, (max-width: 1024px) 100vw, 1024px\" \/><\/a><\/figure>\n<\/div>\n\n\n\n<div class=\"wp-block-cb-slide-v2 cb-slide swiper-slide\">\n<figure class=\"wp-block-image size-large\"><a href=\"https:\/\/www.h2obfs.com\/es\/biofouling-solutions\/bioprotect\/\"><img alt=\"\" loading=\"lazy\" decoding=\"async\" width=\"1024\" height=\"1024\" src=\"https:\/\/www.h2obfs.com\/wp-content\/uploads\/2025\/05\/Bioprotect-es-001.png\" class=\"wp-image-3325\" srcset=\"https:\/\/www.h2obfs.com\/wp-content\/uploads\/2025\/05\/Bioprotect-es-001.png 1500w, https:\/\/www.h2obfs.com\/wp-content\/uploads\/2025\/05\/Bioprotect-es-001-300x300.png 300w, https:\/\/www.h2obfs.com\/wp-content\/uploads\/2025\/05\/Bioprotect-es-001-1024x1024.png 1024w, https:\/\/www.h2obfs.com\/wp-content\/uploads\/2025\/05\/Bioprotect-es-001-150x150.png 150w, https:\/\/www.h2obfs.com\/wp-content\/uploads\/2025\/05\/Bioprotect-es-001-768x768.png 768w, https:\/\/www.h2obfs.com\/wp-content\/uploads\/2025\/05\/Bioprotect-es-001-12x12.png 12w\" sizes=\"auto, (max-width: 1024px) 100vw, 1024px\" \/><\/a><\/figure>\n<\/div>\n\n\n\n<div class=\"wp-block-cb-slide-v2 cb-slide swiper-slide\">\n<figure class=\"wp-block-image size-large\"><a href=\"https:\/\/www.h2obfs.com\/es\/biofouling-solutions\/biodesign\/\"><img alt=\"\" loading=\"lazy\" decoding=\"async\" width=\"1024\" height=\"1024\" src=\"https:\/\/www.h2obfs.com\/wp-content\/uploads\/2025\/05\/Biodesign-es-001.png\" class=\"wp-image-3324\" srcset=\"https:\/\/www.h2obfs.com\/wp-content\/uploads\/2025\/05\/Biodesign-es-001.png 1500w, https:\/\/www.h2obfs.com\/wp-content\/uploads\/2025\/05\/Biodesign-es-001-300x300.png 300w, https:\/\/www.h2obfs.com\/wp-content\/uploads\/2025\/05\/Biodesign-es-001-1024x1024.png 1024w, https:\/\/www.h2obfs.com\/wp-content\/uploads\/2025\/05\/Biodesign-es-001-150x150.png 150w, https:\/\/www.h2obfs.com\/wp-content\/uploads\/2025\/05\/Biodesign-es-001-768x768.png 768w, https:\/\/www.h2obfs.com\/wp-content\/uploads\/2025\/05\/Biodesign-es-001-12x12.png 12w\" sizes=\"auto, (max-width: 1024px) 100vw, 1024px\" \/><\/a><\/figure>\n<\/div>\n\n\n\n<div class=\"wp-block-cb-slide-v2 cb-slide swiper-slide\">\n<figure class=\"wp-block-image size-large\"><a href=\"https:\/\/www.h2obfs.com\/es\/biofouling-solutions\/root-cause-analysis\/\"><img alt=\"\" loading=\"lazy\" decoding=\"async\" width=\"1024\" height=\"1024\" src=\"https:\/\/www.h2obfs.com\/wp-content\/uploads\/2025\/05\/Root-Cause-Analysis-es-001.png\" class=\"wp-image-3322\" srcset=\"https:\/\/www.h2obfs.com\/wp-content\/uploads\/2025\/05\/Root-Cause-Analysis-es-001.png 1500w, https:\/\/www.h2obfs.com\/wp-content\/uploads\/2025\/05\/Root-Cause-Analysis-es-001-300x300.png 300w, https:\/\/www.h2obfs.com\/wp-content\/uploads\/2025\/05\/Root-Cause-Analysis-es-001-1024x1024.png 1024w, https:\/\/www.h2obfs.com\/wp-content\/uploads\/2025\/05\/Root-Cause-Analysis-es-001-150x150.png 150w, https:\/\/www.h2obfs.com\/wp-content\/uploads\/2025\/05\/Root-Cause-Analysis-es-001-768x768.png 768w, https:\/\/www.h2obfs.com\/wp-content\/uploads\/2025\/05\/Root-Cause-Analysis-es-001-12x12.png 12w\" sizes=\"auto, (max-width: 1024px) 100vw, 1024px\" \/><\/a><\/figure>\n<\/div>\n\n\n\n<div class=\"wp-block-cb-slide-v2 cb-slide swiper-slide\">\n<figure class=\"wp-block-image size-large\"><a href=\"https:\/\/www.h2obfs.com\/es\/biofouling-solutions\/h2o-academy\/\"><img alt=\"\" loading=\"lazy\" decoding=\"async\" width=\"1024\" height=\"1024\" src=\"https:\/\/www.h2obfs.com\/wp-content\/uploads\/2025\/05\/H2O-Academy-es-001.png\" class=\"wp-image-3320\" srcset=\"https:\/\/www.h2obfs.com\/wp-content\/uploads\/2025\/05\/H2O-Academy-es-001.png 1500w, https:\/\/www.h2obfs.com\/wp-content\/uploads\/2025\/05\/H2O-Academy-es-001-300x300.png 300w, https:\/\/www.h2obfs.com\/wp-content\/uploads\/2025\/05\/H2O-Academy-es-001-1024x1024.png 1024w, https:\/\/www.h2obfs.com\/wp-content\/uploads\/2025\/05\/H2O-Academy-es-001-150x150.png 150w, https:\/\/www.h2obfs.com\/wp-content\/uploads\/2025\/05\/H2O-Academy-es-001-768x768.png 768w, https:\/\/www.h2obfs.com\/wp-content\/uploads\/2025\/05\/H2O-Academy-es-001-12x12.png 12w\" sizes=\"auto, (max-width: 1024px) 100vw, 1024px\" \/><\/a><\/figure>\n<\/div>\n<\/div><\/div><div class=\"cb-pagination swiper-pagination\"><\/div><div class=\"cb-button-prev swiper-button-prev\"><\/div><div class=\"cb-button-next swiper-button-next\"><\/div><\/div>","protected":false},"excerpt":{"rendered":"<h4>\u00bfC\u00f3mo garantiza la eficiencia operativa de su sistema de agua?<\/h4>\n<p>\nWatertop\u00ae ayuda a optimizar sus sistemas de agua de refrigeraci\u00f3n mediante la monitorizaci\u00f3n de biopel\u00edculas, incrustaciones y corrosi\u00f3n. Esto garantiza la eficiencia continua de su sistema y el cumplimiento de normas internacionales como la ISO 16784-2:2006.<br \/>\n<br \/><b><a href=\"\/es\/biofouling-solutions\/watertop\/\">Saber m\u00e1s...<\/a><\/b><\/p>","protected":false},"author":1,"featured_media":4280,"parent":38,"menu_order":0,"comment_status":"closed","ping_status":"closed","template":"","meta":{"_seopress_robots_primary_cat":"","_seopress_titles_title":"Watertop\u00ae - Biofilms, Scaling & Corrosion - H2O Biofouling Solutions","_seopress_titles_desc":"Watertop\u00ae is a comprehensive monitoring programme designed to assess the performance of water systems in managing biofouling, scaling, and corrosion.","_seopress_robots_index":"","_seopress_analysis_target_kw":"","footnotes":""},"class_list":["post-411","page","type-page","status-publish","has-post-thumbnail","hentry"],"_links":{"self":[{"href":"https:\/\/www.h2obfs.com\/es\/wp-json\/wp\/v2\/pages\/411","targetHints":{"allow":["GET"]}}],"collection":[{"href":"https:\/\/www.h2obfs.com\/es\/wp-json\/wp\/v2\/pages"}],"about":[{"href":"https:\/\/www.h2obfs.com\/es\/wp-json\/wp\/v2\/types\/page"}],"author":[{"embeddable":true,"href":"https:\/\/www.h2obfs.com\/es\/wp-json\/wp\/v2\/users\/1"}],"replies":[{"embeddable":true,"href":"https:\/\/www.h2obfs.com\/es\/wp-json\/wp\/v2\/comments?post=411"}],"version-history":[{"count":72,"href":"https:\/\/www.h2obfs.com\/es\/wp-json\/wp\/v2\/pages\/411\/revisions"}],"predecessor-version":[{"id":4053,"href":"https:\/\/www.h2obfs.com\/es\/wp-json\/wp\/v2\/pages\/411\/revisions\/4053"}],"up":[{"embeddable":true,"href":"https:\/\/www.h2obfs.com\/es\/wp-json\/wp\/v2\/pages\/38"}],"wp:featuredmedia":[{"embeddable":true,"href":"https:\/\/www.h2obfs.com\/es\/wp-json\/wp\/v2\/media\/4280"}],"wp:attachment":[{"href":"https:\/\/www.h2obfs.com\/es\/wp-json\/wp\/v2\/media?parent=411"}],"curies":[{"name":"wp","href":"https:\/\/api.w.org\/{rel}","templated":true}]}}