{"id":415,"date":"2025-04-03T22:35:56","date_gmt":"2025-04-03T22:35:56","guid":{"rendered":"https:\/\/h2obfs.com\/?page_id=415"},"modified":"2025-09-02T05:16:32","modified_gmt":"2025-09-02T05:16:32","slug":"biovision","status":"publish","type":"page","link":"https:\/\/www.h2obfs.com\/es\/biofouling-solutions\/biovision\/","title":{"rendered":""},"content":{"rendered":"<div class=\"wp-block-media-text is-stacked-on-mobile\" style=\"grid-template-columns:54% auto\"><figure class=\"wp-block-media-text__media\"><img alt=\"\" loading=\"lazy\" decoding=\"async\" width=\"1024\" height=\"559\" src=\"https:\/\/h2obfs.com\/wp-content\/uploads\/2025\/05\/biovision-1024x559.png\" class=\"wp-image-3036 size-medium\" srcset=\"https:\/\/www.h2obfs.com\/wp-content\/uploads\/2025\/05\/biovision-1024x559.png 1024w, https:\/\/www.h2obfs.com\/wp-content\/uploads\/2025\/05\/biovision-300x164.png 300w, https:\/\/www.h2obfs.com\/wp-content\/uploads\/2025\/05\/biovision-768x419.png 768w, https:\/\/www.h2obfs.com\/wp-content\/uploads\/2025\/05\/biovision-1536x838.png 1536w, https:\/\/www.h2obfs.com\/wp-content\/uploads\/2025\/05\/biovision.png 1980w\" sizes=\"auto, (max-width: 1024px) 100vw, 1024px\" \/><\/figure><div class=\"wp-block-media-text__content\">\n<div style=\"height:15px\" aria-hidden=\"true\" class=\"wp-block-spacer\"><\/div>\n\n\n\n<p style=\"font-size:20px\"><strong><strong>\u00bfBusca informaci\u00f3n en tiempo real sobre los riesgos de bioincrustaci\u00f3n?<\/strong><\/strong><\/p>\n\n\n\n<p>Nuestra empresa ayuda a centrales el\u00e9ctricas, plantas desalinizadoras e instalaciones industriales a eliminar la bioincrustaci\u00f3n mediante soluciones innovadoras y respetuosas con el medioambiente<\/p>\n\n\n\n<div class=\"wp-block-buttons is-content-justification-center is-nowrap is-layout-flex wp-container-core-buttons-is-layout-1fb9aab6 wp-block-buttons-is-layout-flex\">\n<div class=\"wp-block-button has-custom-width wp-block-button__width-50 is-style-outline is-style-outline--1\"><a class=\"wp-block-button__link has-text-color has-link-color has-custom-font-size wp-element-button\" href=\"mailto:contact@h2obfs.com\" style=\"color:#64ba4e;font-size:13px\">Env\u00edenos un Email<\/a><\/div>\n\n\n\n<div class=\"wp-block-button has-custom-width wp-block-button__width-50\"><a class=\"wp-block-button__link has-white-color has-text-color has-background has-link-color has-custom-font-size wp-element-button\" href=\"https:\/\/www.h2obfs.com\/es\/contact-us\/\" style=\"background-color:#64ba4e;font-size:13px\" target=\"_blank\" rel=\"noreferrer noopener\">Ll\u00e1manos<\/a><\/div>\n<\/div>\n<\/div><\/div>\n\n\n\n<div style=\"height:50px\" aria-hidden=\"true\" class=\"wp-block-spacer\"><\/div>\n\n\n\n<h1 class=\"wp-block-heading\" style=\"font-size:24px\">Controlar los riesgos de bioincrustaci\u00f3n con Biovision\u00ae<\/h1>\n\n\n\n<p>Las bioincrustaciones pueden pasar desapercibidas hasta que causan problemas importantes, lo que provoca costosos tiempos de inactividad y da\u00f1os. <a href=\"https:\/\/www.h2obfs.com\/es\/biofouling-solutions\/biovision\/\" data-type=\"page\" data-id=\"415\">Biovision\u00ae<\/a> ayuda a enfrentar estos desaf\u00edos ofreciendo un monitoreo continuo y en tiempo real de los riesgos de bioincrustaci\u00f3n. Le brinda la capacidad de identificar y responder a los problemas de manera temprana, mejorando en \u00faltima instancia la eficiencia de sus sistemas de agua.<\/p>\n\n\n\n<div style=\"height:20px\" aria-hidden=\"true\" class=\"wp-block-spacer\"><\/div>\n\n\n\n<div class=\"wp-block-group has-background is-vertical is-layout-flex wp-container-core-group-is-layout-8cf370e7 wp-block-group-is-layout-flex\" style=\"background-color:#2170b03b\">\n<h2 class=\"wp-block-heading\" style=\"font-size:20px\">\u00bfQu\u00e9 es Biovision\u00ae?<\/h2>\n\n\n\n<p><strong>Biovision\u00ae<\/strong> es un <strong>control de bioincrustaciones<\/strong> dise\u00f1ado para ayudar a identificar y monitorear la bioincrustaci\u00f3n en sistemas de agua. Proporciona una supervisi\u00f3n continua, permitiendo a los operadores detectar la bioincrustaci\u00f3n de forma temprana y tomar medidas antes de que afecte el rendimiento del sistema o genere costos elevados de mantenimiento.<\/p>\n<\/div>\n\n\n\n<div style=\"height:30px\" aria-hidden=\"true\" class=\"wp-block-spacer\"><\/div>\n\n\n\n<div class=\"wp-block-columns is-layout-flex wp-container-core-columns-is-layout-9d6595d7 wp-block-columns-is-layout-flex\">\n<div class=\"wp-block-column is-layout-flow wp-block-column-is-layout-flow\">\n<div style=\"height:20px\" aria-hidden=\"true\" class=\"wp-block-spacer\"><\/div>\n\n\n\n<h2 class=\"wp-block-heading\" style=\"font-size:20px\">C\u00f3mo funciona Biovision\u00ae<\/h2>\n\n\n\n<p>El <strong>Monitor Biovision<\/strong> se instala en puntos estrat\u00e9gicos dentro del sistema de agua, t\u00edpicamente antes de los intercambiadores de calor. Utiliza cupones de incrustaci\u00f3n que simulan las mismas condiciones presentes en su sistema, ofreciendo una visi\u00f3n realista de los riesgos de bioincrustaci\u00f3n. El monitor se ajusta al flujo y turbulencias del agua, imitando el entorno de sus sistemas para detectar con precisi\u00f3n el desarrollo de la bioincrustaci\u00f3n.<\/p>\n\n\n\n<p>Con esta configuraci\u00f3n, <strong>Biovision\u00ae<\/strong> proporciona a los operadores datos valiosos en tiempo real para ayudar a identificar el crecimiento de bioincrustaci\u00f3n de forma temprana, brind\u00e1ndoles una mejor oportunidad para actuar de manera proactiva. Adem\u00e1s, dise\u00f1amos un biomonitor espec\u00edfico para almejas (por ejemplo, especies de Corbicula) que permite obtener informaci\u00f3n sobre el asentamiento de estas especies dentro de su sistema. Este monitor se llama <strong>Bioflow<\/strong> y puede conectarse al monitor Biovision.<\/p>\n\n\n\n<div style=\"height:15px\" aria-hidden=\"true\" class=\"wp-block-spacer\"><\/div>\n<\/div>\n\n\n\n<div class=\"wp-block-column is-layout-flow wp-block-column-is-layout-flow\">\n<figure class=\"wp-block-image alignwide size-full is-style-default\"><img alt=\"\" loading=\"lazy\" decoding=\"async\" width=\"500\" height=\"500\" src=\"https:\/\/h2obfs.com\/wp-content\/uploads\/2025\/05\/Bioflow.png\" class=\"wp-image-3916\" srcset=\"https:\/\/www.h2obfs.com\/wp-content\/uploads\/2025\/05\/Bioflow.png 500w, https:\/\/www.h2obfs.com\/wp-content\/uploads\/2025\/05\/Bioflow-300x300.png 300w, https:\/\/www.h2obfs.com\/wp-content\/uploads\/2025\/05\/Bioflow-150x150.png 150w, https:\/\/www.h2obfs.com\/wp-content\/uploads\/2025\/05\/Bioflow-12x12.png 12w\" sizes=\"auto, (max-width: 500px) 100vw, 500px\" \/><\/figure>\n<\/div>\n<\/div>\n\n\n\n<h2 class=\"wp-block-heading\" style=\"font-size:20px\">Caracter\u00edsticas principales de Biovision\u00ae<\/h2>\n\n\n\n<ul class=\"wp-block-list\">\n<li><strong>Simulaci\u00f3n realista<\/strong>: El sistema est\u00e1 dise\u00f1ado para reproducir las condiciones reales en los sistemas de captaci\u00f3n y refrigeraci\u00f3n, incluyendo el flujo de agua y los materiales empleados.<\/li>\n\n\n\n<li><strong>Detecci\u00f3n de especies<\/strong>: <strong>Biovision\u00ae<\/strong> puede monitorizar una variedad de especies de bioincrustaci\u00f3n, como mejillones, percebes y ostras.<\/li>\n\n\n\n<li><strong>Compacto y eficiente<\/strong>: El monitor tiene un tama\u00f1o compacto (73 x 40 x 40 cm) y pesa solo 18 kg, lo que facilita su integraci\u00f3n.<\/li>\n\n\n\n<li><strong>No requiere fuente de alimentaci\u00f3n el\u00e9ctrica<\/strong>: El sistema funciona sin necesidad de alimentaci\u00f3n externa, lo que facilita la instalaci\u00f3n.<\/li>\n<\/ul>\n\n\n\n<div style=\"height:20px\" aria-hidden=\"true\" class=\"wp-block-spacer\"><\/div>\n\n\n\n<iframe loading=\"lazy\" width=\"560\" height=\"315\" \n    src=\"https:\/\/www.youtube.com\/embed\/EzDXhoLUMEQ?playlist=EzDXhoLUMEQ&#038;loop=1&#038;rel=0&#038;autoplay=1&#038;mute=1\" \n    title=\"YouTube video player\" \n    frameborder=\"0\" \n    allow=\"accelerometer; autoplay; clipboard-write; encrypted-media; gyroscope; picture-in-picture; web-share\" \n    referrerpolicy=\"strict-origin-when-cross-origin\" \n    allowfullscreen>\n<\/iframe>\n\n\n\n<div style=\"height:40px\" aria-hidden=\"true\" class=\"wp-block-spacer\"><\/div>\n\n\n\n<figure class=\"wp-block-image size-full\"><a href=\"https:\/\/www.h2obfs.com\/wp-content\/uploads\/2025\/07\/Spanish-Biovision-Brochure-.pdf\" target=\"_blank\" rel=\" noreferrer noopener\"><img alt=\"\" loading=\"lazy\" decoding=\"async\" width=\"1440\" height=\"300\" src=\"https:\/\/www.h2obfs.com\/wp-content\/uploads\/2025\/05\/Biovision-ES-brochure.png\" class=\"wp-image-3067\" srcset=\"https:\/\/www.h2obfs.com\/wp-content\/uploads\/2025\/05\/Biovision-ES-brochure.png 1440w, https:\/\/www.h2obfs.com\/wp-content\/uploads\/2025\/05\/Biovision-ES-brochure-300x63.png 300w, https:\/\/www.h2obfs.com\/wp-content\/uploads\/2025\/05\/Biovision-ES-brochure-1024x213.png 1024w, https:\/\/www.h2obfs.com\/wp-content\/uploads\/2025\/05\/Biovision-ES-brochure-768x160.png 768w, https:\/\/www.h2obfs.com\/wp-content\/uploads\/2025\/05\/Biovision-ES-brochure-18x4.png 18w\" sizes=\"auto, (max-width: 1440px) 100vw, 1440px\" \/><\/a><\/figure>\n\n\n\n<div style=\"height:30px\" aria-hidden=\"true\" class=\"wp-block-spacer\"><\/div>\n\n\n\n<div class=\"wp-block-group is-vertical is-layout-flex wp-container-core-group-is-layout-8cf370e7 wp-block-group-is-layout-flex\">\n<h3 class=\"wp-block-heading\" style=\"font-size:20px\"><strong>El Paquete de Servicios Incluye<\/strong>:<\/h3>\n\n\n\n<div class=\"wp-block-columns is-layout-flex wp-container-core-columns-is-layout-9d6595d7 wp-block-columns-is-layout-flex\">\n<div class=\"wp-block-column is-layout-flow wp-block-column-is-layout-flow\">\n<ul class=\"wp-block-list\">\n<li style=\"font-size:16px\"><strong>Consulta de Expertos<\/strong>: Orientaci\u00f3n sobre la colocaci\u00f3n \u00f3ptima del monitor Biovision\u00ae en su sistema.<\/li>\n\n\n\n<li><strong>Instalaci\u00f3n y Puesta en Marcha<\/strong>: Configuraci\u00f3n profesional e integraci\u00f3n en su sistema de agua existente.<\/li>\n\n\n\n<li><strong>Evaluaciones Continuas<\/strong>: Evaluaciones quincenales con informes detallados para seguir los cambios en los niveles de bioincrustaciones.<\/li>\n\n\n\n<li style=\"font-size:16px\"><strong>Asistencia in Situ<\/strong>: La recopilaci\u00f3n de datos incluye visitas al sitio por parte de nuestro t\u00e9cnico local para garantizar una supervisi\u00f3n y an\u00e1lisis precisos.<\/li>\n<\/ul>\n<\/div>\n<\/div>\n<\/div>\n\n\n\n<div style=\"height:30px\" aria-hidden=\"true\" class=\"wp-block-spacer\"><\/div>\n\n\n\n<figure class=\"wp-block-image size-full\"><a href=\"https:\/\/www.h2obfs.com\/es\/contact-us\/\" target=\"_blank\" rel=\" noreferrer noopener\"><img alt=\"\" loading=\"lazy\" decoding=\"async\" width=\"1440\" height=\"300\" src=\"https:\/\/www.h2obfs.com\/wp-content\/uploads\/2025\/05\/Biovision-es-001.jpg\" class=\"wp-image-3679\" srcset=\"https:\/\/www.h2obfs.com\/wp-content\/uploads\/2025\/05\/Biovision-es-001.jpg 1440w, https:\/\/www.h2obfs.com\/wp-content\/uploads\/2025\/05\/Biovision-es-001-300x63.jpg 300w, https:\/\/www.h2obfs.com\/wp-content\/uploads\/2025\/05\/Biovision-es-001-1024x213.jpg 1024w, https:\/\/www.h2obfs.com\/wp-content\/uploads\/2025\/05\/Biovision-es-001-768x160.jpg 768w, https:\/\/www.h2obfs.com\/wp-content\/uploads\/2025\/05\/Biovision-es-001-18x4.jpg 18w\" sizes=\"auto, (max-width: 1440px) 100vw, 1440px\" \/><\/a><\/figure>\n\n\n\n<div style=\"height:30px\" aria-hidden=\"true\" class=\"wp-block-spacer\"><\/div>\n\n\n\n<h2 class=\"wp-block-heading\" style=\"font-size:17px\">Soluciones Complementarias para el Control de Bioincrustaciones<\/h2>\n\n\n\n<div class=\"wp-block-columns is-layout-flex wp-container-core-columns-is-layout-9d6595d7 wp-block-columns-is-layout-flex\">\n<div class=\"wp-block-column is-layout-flow wp-block-column-is-layout-flow\">\n<div class=\"wp-block-cb-carousel-v2 cb-carousel-block\" data-cb-slides-per-view=\"1\" data-cb-slides-per-group=\"1\" data-cb-space-between=\"15\" data-cb-speed=\"300\" data-cb-navigation=\"true\" data-cb-pagination=\"true\" data-cb-breakpoints=\"{&quot;768&quot;:{&quot;slidesPerView&quot;:3,&quot;slidesPerGroup&quot;:1}}\"><div class=\"swiper\"><div class=\"cb-wrapper swiper-wrapper\">\n<div class=\"wp-block-cb-slide-v2 cb-slide swiper-slide\">\n<figure class=\"wp-block-image size-large\"><a href=\"https:\/\/www.h2obfs.com\/es\/biofouling-solutions\/ecodosing\/\"><img alt=\"\" loading=\"lazy\" decoding=\"async\" width=\"1024\" height=\"1024\" src=\"https:\/\/www.h2obfs.com\/wp-content\/uploads\/2025\/05\/Ecodosing-es-001.png\" class=\"wp-image-3319\" srcset=\"https:\/\/www.h2obfs.com\/wp-content\/uploads\/2025\/05\/Ecodosing-es-001.png 1500w, https:\/\/www.h2obfs.com\/wp-content\/uploads\/2025\/05\/Ecodosing-es-001-300x300.png 300w, https:\/\/www.h2obfs.com\/wp-content\/uploads\/2025\/05\/Ecodosing-es-001-1024x1024.png 1024w, https:\/\/www.h2obfs.com\/wp-content\/uploads\/2025\/05\/Ecodosing-es-001-150x150.png 150w, https:\/\/www.h2obfs.com\/wp-content\/uploads\/2025\/05\/Ecodosing-es-001-768x768.png 768w, https:\/\/www.h2obfs.com\/wp-content\/uploads\/2025\/05\/Ecodosing-es-001-12x12.png 12w\" sizes=\"auto, (max-width: 1024px) 100vw, 1024px\" \/><\/a><\/figure>\n<\/div>\n\n\n\n<div class=\"wp-block-cb-slide-v2 cb-slide swiper-slide\">\n<figure class=\"wp-block-image size-large\"><a href=\"https:\/\/www.h2obfs.com\/es\/biofouling-solutions\/watertop\/\"><img alt=\"\" loading=\"lazy\" decoding=\"async\" width=\"1024\" height=\"1024\" src=\"https:\/\/www.h2obfs.com\/wp-content\/uploads\/2025\/05\/WaterTop-es-001.png\" class=\"wp-image-3323\" srcset=\"https:\/\/www.h2obfs.com\/wp-content\/uploads\/2025\/05\/WaterTop-es-001.png 1500w, https:\/\/www.h2obfs.com\/wp-content\/uploads\/2025\/05\/WaterTop-es-001-300x300.png 300w, https:\/\/www.h2obfs.com\/wp-content\/uploads\/2025\/05\/WaterTop-es-001-1024x1024.png 1024w, https:\/\/www.h2obfs.com\/wp-content\/uploads\/2025\/05\/WaterTop-es-001-150x150.png 150w, https:\/\/www.h2obfs.com\/wp-content\/uploads\/2025\/05\/WaterTop-es-001-768x768.png 768w, https:\/\/www.h2obfs.com\/wp-content\/uploads\/2025\/05\/WaterTop-es-001-12x12.png 12w\" sizes=\"auto, (max-width: 1024px) 100vw, 1024px\" \/><\/a><\/figure>\n<\/div>\n\n\n\n<div class=\"wp-block-cb-slide-v2 cb-slide swiper-slide\">\n<figure class=\"wp-block-image size-large\"><a href=\"https:\/\/www.h2obfs.com\/es\/biofouling-solutions\/biosafe\/\"><img alt=\"\" loading=\"lazy\" decoding=\"async\" width=\"1024\" height=\"1024\" src=\"https:\/\/www.h2obfs.com\/wp-content\/uploads\/2025\/05\/Biosafe-es-001.png\" class=\"wp-image-3326\" srcset=\"https:\/\/www.h2obfs.com\/wp-content\/uploads\/2025\/05\/Biosafe-es-001.png 1500w, https:\/\/www.h2obfs.com\/wp-content\/uploads\/2025\/05\/Biosafe-es-001-300x300.png 300w, https:\/\/www.h2obfs.com\/wp-content\/uploads\/2025\/05\/Biosafe-es-001-1024x1024.png 1024w, https:\/\/www.h2obfs.com\/wp-content\/uploads\/2025\/05\/Biosafe-es-001-150x150.png 150w, https:\/\/www.h2obfs.com\/wp-content\/uploads\/2025\/05\/Biosafe-es-001-768x768.png 768w, https:\/\/www.h2obfs.com\/wp-content\/uploads\/2025\/05\/Biosafe-es-001-12x12.png 12w\" sizes=\"auto, (max-width: 1024px) 100vw, 1024px\" \/><\/a><\/figure>\n<\/div>\n\n\n\n<div class=\"wp-block-cb-slide-v2 cb-slide swiper-slide\">\n<figure class=\"wp-block-image size-large\"><a href=\"https:\/\/www.h2obfs.com\/es\/biofouling-solutions\/bioprotect\/\"><img alt=\"\" loading=\"lazy\" decoding=\"async\" width=\"1024\" height=\"1024\" src=\"https:\/\/www.h2obfs.com\/wp-content\/uploads\/2025\/05\/Bioprotect-es-001.png\" class=\"wp-image-3325\" srcset=\"https:\/\/www.h2obfs.com\/wp-content\/uploads\/2025\/05\/Bioprotect-es-001.png 1500w, https:\/\/www.h2obfs.com\/wp-content\/uploads\/2025\/05\/Bioprotect-es-001-300x300.png 300w, https:\/\/www.h2obfs.com\/wp-content\/uploads\/2025\/05\/Bioprotect-es-001-1024x1024.png 1024w, https:\/\/www.h2obfs.com\/wp-content\/uploads\/2025\/05\/Bioprotect-es-001-150x150.png 150w, https:\/\/www.h2obfs.com\/wp-content\/uploads\/2025\/05\/Bioprotect-es-001-768x768.png 768w, https:\/\/www.h2obfs.com\/wp-content\/uploads\/2025\/05\/Bioprotect-es-001-12x12.png 12w\" sizes=\"auto, (max-width: 1024px) 100vw, 1024px\" \/><\/a><\/figure>\n<\/div>\n\n\n\n<div class=\"wp-block-cb-slide-v2 cb-slide swiper-slide\">\n<figure class=\"wp-block-image size-large\"><a href=\"https:\/\/www.h2obfs.com\/es\/biofouling-solutions\/biodesign\/\"><img alt=\"\" loading=\"lazy\" decoding=\"async\" width=\"1024\" height=\"1024\" src=\"https:\/\/www.h2obfs.com\/wp-content\/uploads\/2025\/05\/Biodesign-es-001.png\" class=\"wp-image-3324\" srcset=\"https:\/\/www.h2obfs.com\/wp-content\/uploads\/2025\/05\/Biodesign-es-001.png 1500w, https:\/\/www.h2obfs.com\/wp-content\/uploads\/2025\/05\/Biodesign-es-001-300x300.png 300w, https:\/\/www.h2obfs.com\/wp-content\/uploads\/2025\/05\/Biodesign-es-001-1024x1024.png 1024w, https:\/\/www.h2obfs.com\/wp-content\/uploads\/2025\/05\/Biodesign-es-001-150x150.png 150w, https:\/\/www.h2obfs.com\/wp-content\/uploads\/2025\/05\/Biodesign-es-001-768x768.png 768w, https:\/\/www.h2obfs.com\/wp-content\/uploads\/2025\/05\/Biodesign-es-001-12x12.png 12w\" sizes=\"auto, (max-width: 1024px) 100vw, 1024px\" \/><\/a><\/figure>\n<\/div>\n\n\n\n<div class=\"wp-block-cb-slide-v2 cb-slide swiper-slide\">\n<figure class=\"wp-block-image size-large\"><a href=\"https:\/\/www.h2obfs.com\/es\/biofouling-solutions\/root-cause-analysis\/\"><img alt=\"\" loading=\"lazy\" decoding=\"async\" width=\"1024\" height=\"1024\" src=\"https:\/\/www.h2obfs.com\/wp-content\/uploads\/2025\/05\/Root-Cause-Analysis-es-001.png\" class=\"wp-image-3322\" srcset=\"https:\/\/www.h2obfs.com\/wp-content\/uploads\/2025\/05\/Root-Cause-Analysis-es-001.png 1500w, https:\/\/www.h2obfs.com\/wp-content\/uploads\/2025\/05\/Root-Cause-Analysis-es-001-300x300.png 300w, https:\/\/www.h2obfs.com\/wp-content\/uploads\/2025\/05\/Root-Cause-Analysis-es-001-1024x1024.png 1024w, https:\/\/www.h2obfs.com\/wp-content\/uploads\/2025\/05\/Root-Cause-Analysis-es-001-150x150.png 150w, https:\/\/www.h2obfs.com\/wp-content\/uploads\/2025\/05\/Root-Cause-Analysis-es-001-768x768.png 768w, https:\/\/www.h2obfs.com\/wp-content\/uploads\/2025\/05\/Root-Cause-Analysis-es-001-12x12.png 12w\" sizes=\"auto, (max-width: 1024px) 100vw, 1024px\" \/><\/a><\/figure>\n<\/div>\n\n\n\n<div class=\"wp-block-cb-slide-v2 cb-slide swiper-slide\">\n<figure class=\"wp-block-image size-large\"><a href=\"https:\/\/www.h2obfs.com\/es\/biofouling-solutions\/h2o-academy\/\"><img alt=\"\" loading=\"lazy\" decoding=\"async\" width=\"1024\" height=\"1024\" src=\"https:\/\/www.h2obfs.com\/wp-content\/uploads\/2025\/05\/H2O-Academy-es-001.png\" class=\"wp-image-3320\" srcset=\"https:\/\/www.h2obfs.com\/wp-content\/uploads\/2025\/05\/H2O-Academy-es-001.png 1500w, https:\/\/www.h2obfs.com\/wp-content\/uploads\/2025\/05\/H2O-Academy-es-001-300x300.png 300w, https:\/\/www.h2obfs.com\/wp-content\/uploads\/2025\/05\/H2O-Academy-es-001-1024x1024.png 1024w, https:\/\/www.h2obfs.com\/wp-content\/uploads\/2025\/05\/H2O-Academy-es-001-150x150.png 150w, https:\/\/www.h2obfs.com\/wp-content\/uploads\/2025\/05\/H2O-Academy-es-001-768x768.png 768w, https:\/\/www.h2obfs.com\/wp-content\/uploads\/2025\/05\/H2O-Academy-es-001-12x12.png 12w\" sizes=\"auto, (max-width: 1024px) 100vw, 1024px\" \/><\/a><\/figure>\n<\/div>\n<\/div><\/div><div class=\"cb-pagination swiper-pagination\"><\/div><div class=\"cb-button-prev swiper-button-prev\"><\/div><div class=\"cb-button-next swiper-button-next\"><\/div><\/div>\n<\/div>\n<\/div>","protected":false},"excerpt":{"rendered":"<h4>\u00bfC\u00f3mo anticiparse a la formaci\u00f3n de bioincrustaci\u00f3n? <\/h4>\n<p>\nMonitoree, detecte y act\u00fae antes de que la bioincrustaci\u00f3n se convierta en un problema. Biovision\u00ae ofrece monitoreo en tiempo real de los riesgos de bioincrustaci\u00f3n, permiti\u00e9ndole detectar posibles problemas tempranamente y tomar acciones preventivas.<br \/>\n<br \/><b><a href=\"\/es\/biofouling-solutions\/biovision\/\">Saber m\u00e1s...<\/a><\/b><\/p>","protected":false},"author":1,"featured_media":4281,"parent":38,"menu_order":0,"comment_status":"closed","ping_status":"closed","template":"","meta":{"_seopress_robots_primary_cat":"","_seopress_titles_title":"Biovision\u00ae - Biofouling Monitoring - H2O Biofouling Solutions","_seopress_titles_desc":"Biovision\u00ae is a biofouling monitoring system designed to help identify and track biofouling in water systems.","_seopress_robots_index":"","_seopress_analysis_target_kw":"","footnotes":""},"class_list":["post-415","page","type-page","status-publish","has-post-thumbnail","hentry"],"_links":{"self":[{"href":"https:\/\/www.h2obfs.com\/es\/wp-json\/wp\/v2\/pages\/415","targetHints":{"allow":["GET"]}}],"collection":[{"href":"https:\/\/www.h2obfs.com\/es\/wp-json\/wp\/v2\/pages"}],"about":[{"href":"https:\/\/www.h2obfs.com\/es\/wp-json\/wp\/v2\/types\/page"}],"author":[{"embeddable":true,"href":"https:\/\/www.h2obfs.com\/es\/wp-json\/wp\/v2\/users\/1"}],"replies":[{"embeddable":true,"href":"https:\/\/www.h2obfs.com\/es\/wp-json\/wp\/v2\/comments?post=415"}],"version-history":[{"count":107,"href":"https:\/\/www.h2obfs.com\/es\/wp-json\/wp\/v2\/pages\/415\/revisions"}],"predecessor-version":[{"id":4352,"href":"https:\/\/www.h2obfs.com\/es\/wp-json\/wp\/v2\/pages\/415\/revisions\/4352"}],"up":[{"embeddable":true,"href":"https:\/\/www.h2obfs.com\/es\/wp-json\/wp\/v2\/pages\/38"}],"wp:featuredmedia":[{"embeddable":true,"href":"https:\/\/www.h2obfs.com\/es\/wp-json\/wp\/v2\/media\/4281"}],"wp:attachment":[{"href":"https:\/\/www.h2obfs.com\/es\/wp-json\/wp\/v2\/media?parent=415"}],"curies":[{"name":"wp","href":"https:\/\/api.w.org\/{rel}","templated":true}]}}