{"id":419,"date":"2025-04-03T22:36:30","date_gmt":"2025-04-03T22:36:30","guid":{"rendered":"https:\/\/h2obfs.com\/?page_id=419"},"modified":"2025-09-02T05:02:56","modified_gmt":"2025-09-02T05:02:56","slug":"biosafe","status":"publish","type":"page","link":"https:\/\/www.h2obfs.com\/es\/biofouling-solutions\/biosafe\/","title":{"rendered":""},"content":{"rendered":"<div class=\"wp-block-media-text is-stacked-on-mobile\" style=\"grid-template-columns:54% auto\"><figure class=\"wp-block-media-text__media\"><img alt=\"\" loading=\"lazy\" decoding=\"async\" width=\"1024\" height=\"559\" src=\"https:\/\/h2obfs.com\/wp-content\/uploads\/2025\/05\/Our-solutions-biosafe-1024x559.png\" class=\"wp-image-3039 size-medium\" srcset=\"https:\/\/www.h2obfs.com\/wp-content\/uploads\/2025\/05\/Our-solutions-biosafe-1024x559.png 1024w, https:\/\/www.h2obfs.com\/wp-content\/uploads\/2025\/05\/Our-solutions-biosafe-300x164.png 300w, https:\/\/www.h2obfs.com\/wp-content\/uploads\/2025\/05\/Our-solutions-biosafe-768x419.png 768w, https:\/\/www.h2obfs.com\/wp-content\/uploads\/2025\/05\/Our-solutions-biosafe-1536x838.png 1536w, https:\/\/www.h2obfs.com\/wp-content\/uploads\/2025\/05\/Our-solutions-biosafe.png 1980w\" sizes=\"auto, (max-width: 1024px) 100vw, 1024px\" \/><\/figure><div class=\"wp-block-media-text__content\">\n<div style=\"height:15px\" aria-hidden=\"true\" class=\"wp-block-spacer\"><\/div>\n\n\n\n<p style=\"font-size:20px\"><strong><strong>\u00bfBusca informaci\u00f3n en tiempo real sobre los riesgos de las biopel\u00edculas?<\/strong><\/strong><\/p>\n\n\n\n<p>Nuestra empresa ayuda a centrales el\u00e9ctricas, plantas desalinizadoras e instalaciones industriales a eliminar la bioincrustaci\u00f3n mediante soluciones innovadoras y respetuosas con el medioambiente<\/p>\n\n\n\n<div class=\"wp-block-buttons is-content-justification-center is-nowrap is-layout-flex wp-container-core-buttons-is-layout-1fb9aab6 wp-block-buttons-is-layout-flex\">\n<div class=\"wp-block-button has-custom-width wp-block-button__width-50 is-style-outline is-style-outline--1\"><a class=\"wp-block-button__link has-text-color has-link-color has-custom-font-size wp-element-button\" href=\"mailto:contact@h2obfs.com\" style=\"color:#64ba4e;font-size:13px\">Env\u00edenos un Email<\/a><\/div>\n\n\n\n<div class=\"wp-block-button has-custom-width wp-block-button__width-50\"><a class=\"wp-block-button__link has-white-color has-text-color has-background has-link-color has-custom-font-size wp-element-button\" href=\"https:\/\/www.h2obfs.com\/es\/contact-us\/\" style=\"background-color:#64ba4e;font-size:13px\" target=\"_blank\" rel=\"noreferrer noopener\">Ll\u00e1manos<\/a><\/div>\n<\/div>\n<\/div><\/div>\n\n\n\n<div style=\"height:50px\" aria-hidden=\"true\" class=\"wp-block-spacer\"><\/div>\n\n\n\n<h1 class=\"wp-block-heading\" style=\"font-size:24px\">Control de la formaci\u00f3n de biopel\u00edculas con Biosafe\u00ae<\/h1>\n\n\n\n<p>La formaci\u00f3n de biopel\u00edculas es un problema com\u00fan y a menudo ignorado en los sistemas de aguas industriales. Si no se controla, puede provocar un funcionamiento ineficaz, reparaciones costosas e incluso riesgos para la salud.<\/p>\n\n\n\n<p>Riesgos asociados a las biopel\u00edculas:<\/p>\n\n\n\n<ul class=\"wp-block-list\">\n<li>Disminuci\u00f3n de la eficacia del tratamiento antiincrustante.&nbsp;<\/li>\n\n\n\n<li>Reducci\u00f3n de la eficacia de la transferencia de calor.<\/li>\n\n\n\n<li>Causa principal de la corrosi\u00f3n microbiana inducida (MIC).<\/li>\n\n\n\n<li>Mayor riesgo de proliferaci\u00f3n de Legionella.<\/li>\n<\/ul>\n\n\n\n<div style=\"height:20px\" aria-hidden=\"true\" class=\"wp-block-spacer\"><\/div>\n\n\n\n<div class=\"wp-block-group has-background is-vertical is-layout-flex wp-container-core-group-is-layout-8cf370e7 wp-block-group-is-layout-flex\" style=\"background-color:#2170b03b\">\n<h2 class=\"wp-block-heading\" style=\"font-size:20px\">\u00bfQu\u00e9 es Biosafe\u00ae?<\/h2>\n\n\n\n<p><strong>Biosafe\u00ae<\/strong> es una soluci\u00f3n de monitoreo en tiempo real que permite detectar y gestionar <strong>la acumulaci\u00f3n de biopel\u00edculas<\/strong> en los sistemas de agua. Funciona mediante una <strong>sonda electroqu\u00edmica<\/strong> instalada en su sistema que supervisa continuamente la actividad microbiana, proporcion\u00e1ndole datos en vivo sobre el desarrollo de biopel\u00edculas.&nbsp;<\/p>\n<\/div>\n\n\n\n<div style=\"height:30px\" aria-hidden=\"true\" class=\"wp-block-spacer\"><\/div>\n\n\n\n<h2 class=\"wp-block-heading\" style=\"font-size:20px\">C\u00f3mo funciona Biosafe\u00ae<\/h2>\n\n\n\n<p>El <strong>Sistema Biosafe<\/strong> supervisa la acumulaci\u00f3n de biopel\u00edculas en sistemas de agua de refrigeraci\u00f3n mediante una sonda instalada en una peque\u00f1a parte del flujo de agua (denominada \u201ccelda de flujo\u201d). La sonda cuenta con anillos met\u00e1licos que se cargan varias veces al d\u00eda, favoreciendo la adhesi\u00f3n de microorganismos y la formaci\u00f3n de biopel\u00edculas. Cuando detecta cambios en la se\u00f1al, indica la presencia de biopel\u00edculas, ayud\u00e1ndole a identificar el problema a tiempo.<\/p>\n\n\n\n<div style=\"height:20px\" aria-hidden=\"true\" class=\"wp-block-spacer\"><\/div>\n\n\n\n<h2 class=\"wp-block-heading\" style=\"font-size:20px\">Por qu\u00e9 Biosafe\u00ae es importante<\/h2>\n\n\n\n<p>La biopel\u00edcula puede pasar desapercibida f\u00e1cilmente hasta que causa problemas importantes. <strong>Biosafe\u00ae<\/strong> ofrece un enfoque proactivo para la monitorizaci\u00f3n de biopel\u00edculas, permiti\u00e9ndole anticiparse a los problemas antes de que generen ineficiencias, paradas no programadas o riesgos para la salud. Al proporcionar informaci\u00f3n continua sobre la acumulaci\u00f3n de biopel\u00edculas, <strong>Biosafe\u00ae<\/strong> ayuda a garantizar que sus sistemas de agua funcionen siempre de forma \u00f3ptima.<\/p>\n\n\n\n<div style=\"height:20px\" aria-hidden=\"true\" class=\"wp-block-spacer\"><\/div>\n\n\n\n<figure class=\"wp-block-image size-full\"><a href=\"https:\/\/www.h2obfs.com\/wp-content\/uploads\/2025\/07\/Spanish-Biosafe-Brochure-.pdf\" target=\"_blank\" rel=\" noreferrer noopener\"><img alt=\"\" loading=\"lazy\" decoding=\"async\" width=\"1440\" height=\"300\" src=\"https:\/\/www.h2obfs.com\/wp-content\/uploads\/2025\/05\/Biosafe-ES-brochure.png\" class=\"wp-image-3074\" srcset=\"https:\/\/www.h2obfs.com\/wp-content\/uploads\/2025\/05\/Biosafe-ES-brochure.png 1440w, https:\/\/www.h2obfs.com\/wp-content\/uploads\/2025\/05\/Biosafe-ES-brochure-300x63.png 300w, https:\/\/www.h2obfs.com\/wp-content\/uploads\/2025\/05\/Biosafe-ES-brochure-1024x213.png 1024w, https:\/\/www.h2obfs.com\/wp-content\/uploads\/2025\/05\/Biosafe-ES-brochure-768x160.png 768w, https:\/\/www.h2obfs.com\/wp-content\/uploads\/2025\/05\/Biosafe-ES-brochure-18x4.png 18w\" sizes=\"auto, (max-width: 1440px) 100vw, 1440px\" \/><\/a><\/figure>\n\n\n\n<div style=\"height:20px\" aria-hidden=\"true\" class=\"wp-block-spacer\"><\/div>\n\n\n\n<div class=\"wp-block-group is-vertical is-layout-flex wp-container-core-group-is-layout-8cf370e7 wp-block-group-is-layout-flex\">\n<h3 class=\"wp-block-heading\" style=\"font-size:20px\">El Paquete de Servicios Incluye<\/h3>\n\n\n\n<div class=\"wp-block-columns is-layout-flex wp-container-core-columns-is-layout-9d6595d7 wp-block-columns-is-layout-flex\">\n<div class=\"wp-block-column is-layout-flow wp-block-column-is-layout-flow\">\n<ul class=\"wp-block-list\">\n<li style=\"font-size:16px\">Identificaci\u00f3n de la ubicaci\u00f3n o ubicaciones m\u00e1s adecuadas para la vigilancia de la biopel\u00edcula.<\/li>\n\n\n\n<li style=\"font-size:16px\">Instalaci\u00f3n y puesta en servicio de la sonda Biosafe.<\/li>\n\n\n\n<li style=\"font-size:16px\">An\u00e1lisis quincenal de datos con informes completos elaborados por nuestros expertos.<\/li>\n\n\n\n<li style=\"font-size:16px\">La recopilaci\u00f3n de datos puede realizarse mediante visitas in situ de un t\u00e9cnico de campo de la empresa o mediante el env\u00edo remoto de datos por parte del cliente para su an\u00e1lisis.<\/li>\n<\/ul>\n<\/div>\n<\/div>\n<\/div>\n\n\n\n<div style=\"height:30px\" aria-hidden=\"true\" class=\"wp-block-spacer\"><\/div>\n\n\n\n<figure class=\"wp-block-image size-full\"><a href=\"https:\/\/www.h2obfs.com\/es\/contact-us\/\" target=\"_blank\" rel=\" noreferrer noopener\"><img alt=\"\" loading=\"lazy\" decoding=\"async\" width=\"1440\" height=\"300\" src=\"https:\/\/www.h2obfs.com\/wp-content\/uploads\/2025\/05\/Biosafe-es-001.jpg\" class=\"wp-image-3678\" srcset=\"https:\/\/www.h2obfs.com\/wp-content\/uploads\/2025\/05\/Biosafe-es-001.jpg 1440w, https:\/\/www.h2obfs.com\/wp-content\/uploads\/2025\/05\/Biosafe-es-001-300x63.jpg 300w, https:\/\/www.h2obfs.com\/wp-content\/uploads\/2025\/05\/Biosafe-es-001-1024x213.jpg 1024w, https:\/\/www.h2obfs.com\/wp-content\/uploads\/2025\/05\/Biosafe-es-001-768x160.jpg 768w, https:\/\/www.h2obfs.com\/wp-content\/uploads\/2025\/05\/Biosafe-es-001-18x4.jpg 18w\" sizes=\"auto, (max-width: 1440px) 100vw, 1440px\" \/><\/a><\/figure>\n\n\n\n<div style=\"height:30px\" aria-hidden=\"true\" class=\"wp-block-spacer\"><\/div>\n\n\n\n<h2 class=\"wp-block-heading\" style=\"font-size:17px\">Soluciones Complementarias para el Control de Bioincrustaciones<\/h2>\n\n\n\n<div class=\"wp-block-columns is-layout-flex wp-container-core-columns-is-layout-9d6595d7 wp-block-columns-is-layout-flex\">\n<div class=\"wp-block-column is-layout-flow wp-block-column-is-layout-flow\">\n<div class=\"wp-block-cb-carousel-v2 cb-carousel-block\" data-cb-slides-per-view=\"1\" data-cb-slides-per-group=\"1\" data-cb-space-between=\"15\" data-cb-speed=\"300\" data-cb-navigation=\"true\" data-cb-pagination=\"true\" data-cb-breakpoints=\"{&quot;768&quot;:{&quot;slidesPerView&quot;:3,&quot;slidesPerGroup&quot;:1}}\"><div class=\"swiper\"><div class=\"cb-wrapper swiper-wrapper\">\n<div class=\"wp-block-cb-slide-v2 cb-slide swiper-slide\">\n<figure class=\"wp-block-image size-large\"><a href=\"https:\/\/www.h2obfs.com\/es\/biofouling-solutions\/ecodosing\/\"><img alt=\"\" loading=\"lazy\" decoding=\"async\" width=\"1024\" height=\"1024\" src=\"https:\/\/www.h2obfs.com\/wp-content\/uploads\/2025\/05\/Ecodosing-es-001.png\" class=\"wp-image-3319\" srcset=\"https:\/\/www.h2obfs.com\/wp-content\/uploads\/2025\/05\/Ecodosing-es-001.png 1500w, https:\/\/www.h2obfs.com\/wp-content\/uploads\/2025\/05\/Ecodosing-es-001-300x300.png 300w, https:\/\/www.h2obfs.com\/wp-content\/uploads\/2025\/05\/Ecodosing-es-001-1024x1024.png 1024w, https:\/\/www.h2obfs.com\/wp-content\/uploads\/2025\/05\/Ecodosing-es-001-150x150.png 150w, https:\/\/www.h2obfs.com\/wp-content\/uploads\/2025\/05\/Ecodosing-es-001-768x768.png 768w, https:\/\/www.h2obfs.com\/wp-content\/uploads\/2025\/05\/Ecodosing-es-001-12x12.png 12w\" sizes=\"auto, (max-width: 1024px) 100vw, 1024px\" \/><\/a><\/figure>\n<\/div>\n\n\n\n<div class=\"wp-block-cb-slide-v2 cb-slide swiper-slide\">\n<figure class=\"wp-block-gallery has-nested-images columns-default is-cropped wp-block-gallery-2 is-layout-flex wp-block-gallery-is-layout-flex\">\n<figure class=\"wp-block-image size-large\"><a href=\"https:\/\/www.h2obfs.com\/es\/biofouling-solutions\/watertop\/\"><img alt=\"\" loading=\"lazy\" decoding=\"async\" width=\"1024\" height=\"1024\" data-id=\"3323\" src=\"https:\/\/www.h2obfs.com\/wp-content\/uploads\/2025\/05\/WaterTop-es-001.png\" class=\"wp-image-3323\" srcset=\"https:\/\/www.h2obfs.com\/wp-content\/uploads\/2025\/05\/WaterTop-es-001.png 1500w, https:\/\/www.h2obfs.com\/wp-content\/uploads\/2025\/05\/WaterTop-es-001-300x300.png 300w, https:\/\/www.h2obfs.com\/wp-content\/uploads\/2025\/05\/WaterTop-es-001-1024x1024.png 1024w, https:\/\/www.h2obfs.com\/wp-content\/uploads\/2025\/05\/WaterTop-es-001-150x150.png 150w, https:\/\/www.h2obfs.com\/wp-content\/uploads\/2025\/05\/WaterTop-es-001-768x768.png 768w, https:\/\/www.h2obfs.com\/wp-content\/uploads\/2025\/05\/WaterTop-es-001-12x12.png 12w\" sizes=\"auto, (max-width: 1024px) 100vw, 1024px\" \/><\/a><\/figure>\n<\/figure>\n<\/div>\n\n\n\n<div class=\"wp-block-cb-slide-v2 cb-slide swiper-slide\">\n<figure class=\"wp-block-image size-large\"><a href=\"https:\/\/www.h2obfs.com\/es\/biofouling-solutions\/biovision\/\"><img alt=\"\" loading=\"lazy\" decoding=\"async\" width=\"1024\" height=\"1024\" src=\"https:\/\/www.h2obfs.com\/wp-content\/uploads\/2025\/05\/Biovision-es-001.png\" class=\"wp-image-3318\" srcset=\"https:\/\/www.h2obfs.com\/wp-content\/uploads\/2025\/05\/Biovision-es-001.png 1500w, https:\/\/www.h2obfs.com\/wp-content\/uploads\/2025\/05\/Biovision-es-001-300x300.png 300w, https:\/\/www.h2obfs.com\/wp-content\/uploads\/2025\/05\/Biovision-es-001-1024x1024.png 1024w, https:\/\/www.h2obfs.com\/wp-content\/uploads\/2025\/05\/Biovision-es-001-150x150.png 150w, https:\/\/www.h2obfs.com\/wp-content\/uploads\/2025\/05\/Biovision-es-001-768x768.png 768w, https:\/\/www.h2obfs.com\/wp-content\/uploads\/2025\/05\/Biovision-es-001-12x12.png 12w\" sizes=\"auto, (max-width: 1024px) 100vw, 1024px\" \/><\/a><\/figure>\n<\/div>\n\n\n\n<div class=\"wp-block-cb-slide-v2 cb-slide swiper-slide\">\n<figure class=\"wp-block-image size-large\"><a href=\"https:\/\/www.h2obfs.com\/es\/biofouling-solutions\/bioprotect\/\"><img alt=\"\" loading=\"lazy\" decoding=\"async\" width=\"1024\" height=\"1024\" src=\"https:\/\/www.h2obfs.com\/wp-content\/uploads\/2025\/05\/Bioprotect-es-001.png\" class=\"wp-image-3325\" srcset=\"https:\/\/www.h2obfs.com\/wp-content\/uploads\/2025\/05\/Bioprotect-es-001.png 1500w, https:\/\/www.h2obfs.com\/wp-content\/uploads\/2025\/05\/Bioprotect-es-001-300x300.png 300w, https:\/\/www.h2obfs.com\/wp-content\/uploads\/2025\/05\/Bioprotect-es-001-1024x1024.png 1024w, https:\/\/www.h2obfs.com\/wp-content\/uploads\/2025\/05\/Bioprotect-es-001-150x150.png 150w, https:\/\/www.h2obfs.com\/wp-content\/uploads\/2025\/05\/Bioprotect-es-001-768x768.png 768w, https:\/\/www.h2obfs.com\/wp-content\/uploads\/2025\/05\/Bioprotect-es-001-12x12.png 12w\" sizes=\"auto, (max-width: 1024px) 100vw, 1024px\" \/><\/a><\/figure>\n<\/div>\n\n\n\n<div class=\"wp-block-cb-slide-v2 cb-slide swiper-slide\">\n<figure class=\"wp-block-image size-large\"><a href=\"https:\/\/www.h2obfs.com\/es\/biofouling-solutions\/biodesign\/\"><img alt=\"\" loading=\"lazy\" decoding=\"async\" width=\"1024\" height=\"1024\" src=\"https:\/\/www.h2obfs.com\/wp-content\/uploads\/2025\/05\/Biodesign-es-001.png\" class=\"wp-image-3324\" srcset=\"https:\/\/www.h2obfs.com\/wp-content\/uploads\/2025\/05\/Biodesign-es-001.png 1500w, https:\/\/www.h2obfs.com\/wp-content\/uploads\/2025\/05\/Biodesign-es-001-300x300.png 300w, https:\/\/www.h2obfs.com\/wp-content\/uploads\/2025\/05\/Biodesign-es-001-1024x1024.png 1024w, https:\/\/www.h2obfs.com\/wp-content\/uploads\/2025\/05\/Biodesign-es-001-150x150.png 150w, https:\/\/www.h2obfs.com\/wp-content\/uploads\/2025\/05\/Biodesign-es-001-768x768.png 768w, https:\/\/www.h2obfs.com\/wp-content\/uploads\/2025\/05\/Biodesign-es-001-12x12.png 12w\" sizes=\"auto, (max-width: 1024px) 100vw, 1024px\" \/><\/a><\/figure>\n<\/div>\n\n\n\n<div class=\"wp-block-cb-slide-v2 cb-slide swiper-slide\">\n<figure class=\"wp-block-image size-large\"><a href=\"https:\/\/www.h2obfs.com\/es\/biofouling-solutions\/root-cause-analysis\/\"><img alt=\"\" loading=\"lazy\" decoding=\"async\" width=\"1024\" height=\"1024\" src=\"https:\/\/www.h2obfs.com\/wp-content\/uploads\/2025\/05\/Root-Cause-Analysis-es-001.png\" class=\"wp-image-3322\" srcset=\"https:\/\/www.h2obfs.com\/wp-content\/uploads\/2025\/05\/Root-Cause-Analysis-es-001.png 1500w, https:\/\/www.h2obfs.com\/wp-content\/uploads\/2025\/05\/Root-Cause-Analysis-es-001-300x300.png 300w, https:\/\/www.h2obfs.com\/wp-content\/uploads\/2025\/05\/Root-Cause-Analysis-es-001-1024x1024.png 1024w, https:\/\/www.h2obfs.com\/wp-content\/uploads\/2025\/05\/Root-Cause-Analysis-es-001-150x150.png 150w, https:\/\/www.h2obfs.com\/wp-content\/uploads\/2025\/05\/Root-Cause-Analysis-es-001-768x768.png 768w, https:\/\/www.h2obfs.com\/wp-content\/uploads\/2025\/05\/Root-Cause-Analysis-es-001-12x12.png 12w\" sizes=\"auto, (max-width: 1024px) 100vw, 1024px\" \/><\/a><\/figure>\n<\/div>\n\n\n\n<div class=\"wp-block-cb-slide-v2 cb-slide swiper-slide\">\n<figure class=\"wp-block-image size-large\"><a href=\"https:\/\/www.h2obfs.com\/es\/biofouling-solutions\/h2o-academy\/\"><img alt=\"\" loading=\"lazy\" decoding=\"async\" width=\"1024\" height=\"1024\" src=\"https:\/\/www.h2obfs.com\/wp-content\/uploads\/2025\/05\/H2O-Academy-es-001.png\" class=\"wp-image-3320\" srcset=\"https:\/\/www.h2obfs.com\/wp-content\/uploads\/2025\/05\/H2O-Academy-es-001.png 1500w, https:\/\/www.h2obfs.com\/wp-content\/uploads\/2025\/05\/H2O-Academy-es-001-300x300.png 300w, https:\/\/www.h2obfs.com\/wp-content\/uploads\/2025\/05\/H2O-Academy-es-001-1024x1024.png 1024w, https:\/\/www.h2obfs.com\/wp-content\/uploads\/2025\/05\/H2O-Academy-es-001-150x150.png 150w, https:\/\/www.h2obfs.com\/wp-content\/uploads\/2025\/05\/H2O-Academy-es-001-768x768.png 768w, https:\/\/www.h2obfs.com\/wp-content\/uploads\/2025\/05\/H2O-Academy-es-001-12x12.png 12w\" sizes=\"auto, (max-width: 1024px) 100vw, 1024px\" \/><\/a><\/figure>\n<\/div>\n<\/div><\/div><div class=\"cb-pagination swiper-pagination\"><\/div><div class=\"cb-button-prev swiper-button-prev\"><\/div><div class=\"cb-button-next swiper-button-next\"><\/div><\/div>\n<\/div>\n<\/div>","protected":false},"excerpt":{"rendered":"<h4>\u00bfC\u00f3mo detectar la biopel\u00edcula antes de que se convierta en un problema? <\/h4>\n<p>\nGarantice la seguridad de sus sistemas de agua con Biosafe\u00ae, un sistema avanzado de monitoreo de biopel\u00edculas. Al detectar la acumulaci\u00f3n de biopel\u00edcula, ofrece alertas tempranas sobre el crecimiento de Legionella y ayuda a mantener su sistema limpio y seguro.<br \/>\n<br \/><b><a href=\"\/es\/biofouling-solutions\/biosafe\/\">Saber m\u00e1s...<\/a><\/b><\/p>","protected":false},"author":1,"featured_media":4279,"parent":38,"menu_order":0,"comment_status":"closed","ping_status":"closed","template":"","meta":{"_seopress_robots_primary_cat":"","_seopress_titles_title":"Biosafe\u00ae - Biofilm Monitoring - H2O Biofouling Solutions","_seopress_titles_desc":"H2O Biofouling Solutions B.V. provides real-time biofilm control and monitoring. The Biosafe probe detects risks before they emerge.","_seopress_robots_index":"","_seopress_analysis_target_kw":"","footnotes":""},"class_list":["post-419","page","type-page","status-publish","has-post-thumbnail","hentry"],"_links":{"self":[{"href":"https:\/\/www.h2obfs.com\/es\/wp-json\/wp\/v2\/pages\/419","targetHints":{"allow":["GET"]}}],"collection":[{"href":"https:\/\/www.h2obfs.com\/es\/wp-json\/wp\/v2\/pages"}],"about":[{"href":"https:\/\/www.h2obfs.com\/es\/wp-json\/wp\/v2\/types\/page"}],"author":[{"embeddable":true,"href":"https:\/\/www.h2obfs.com\/es\/wp-json\/wp\/v2\/users\/1"}],"replies":[{"embeddable":true,"href":"https:\/\/www.h2obfs.com\/es\/wp-json\/wp\/v2\/comments?post=419"}],"version-history":[{"count":76,"href":"https:\/\/www.h2obfs.com\/es\/wp-json\/wp\/v2\/pages\/419\/revisions"}],"predecessor-version":[{"id":4351,"href":"https:\/\/www.h2obfs.com\/es\/wp-json\/wp\/v2\/pages\/419\/revisions\/4351"}],"up":[{"embeddable":true,"href":"https:\/\/www.h2obfs.com\/es\/wp-json\/wp\/v2\/pages\/38"}],"wp:featuredmedia":[{"embeddable":true,"href":"https:\/\/www.h2obfs.com\/es\/wp-json\/wp\/v2\/media\/4279"}],"wp:attachment":[{"href":"https:\/\/www.h2obfs.com\/es\/wp-json\/wp\/v2\/media?parent=419"}],"curies":[{"name":"wp","href":"https:\/\/api.w.org\/{rel}","templated":true}]}}