{"id":427,"date":"2025-04-03T22:37:21","date_gmt":"2025-04-03T22:37:21","guid":{"rendered":"https:\/\/h2obfs.com\/?page_id=427"},"modified":"2025-06-23T04:57:50","modified_gmt":"2025-06-23T04:57:50","slug":"root-cause-analysis","status":"publish","type":"page","link":"https:\/\/www.h2obfs.com\/es\/biofouling-solutions\/root-cause-analysis\/","title":{"rendered":""},"content":{"rendered":"<div class=\"wp-block-media-text is-stacked-on-mobile\" style=\"grid-template-columns:54% auto\"><figure class=\"wp-block-media-text__media\"><img alt=\"\" loading=\"lazy\" decoding=\"async\" width=\"1024\" height=\"559\" src=\"https:\/\/h2obfs.com\/wp-content\/uploads\/2025\/05\/Our-solutions-RootCause-Analysis-1024x559.png\" class=\"wp-image-3043 size-medium\" srcset=\"https:\/\/www.h2obfs.com\/wp-content\/uploads\/2025\/05\/Our-solutions-RootCause-Analysis-1024x559.png 1024w, https:\/\/www.h2obfs.com\/wp-content\/uploads\/2025\/05\/Our-solutions-RootCause-Analysis-300x164.png 300w, https:\/\/www.h2obfs.com\/wp-content\/uploads\/2025\/05\/Our-solutions-RootCause-Analysis-768x419.png 768w, https:\/\/www.h2obfs.com\/wp-content\/uploads\/2025\/05\/Our-solutions-RootCause-Analysis-1536x838.png 1536w, https:\/\/www.h2obfs.com\/wp-content\/uploads\/2025\/05\/Our-solutions-RootCause-Analysis.png 1980w\" sizes=\"auto, (max-width: 1024px) 100vw, 1024px\" \/><\/figure><div class=\"wp-block-media-text__content\">\n<div style=\"height:15px\" aria-hidden=\"true\" class=\"wp-block-spacer\"><\/div>\n\n\n\n<p style=\"font-size:20px\"><strong><strong>\u00bfQuiere conocer la verdadera causa del problema?<\/strong><\/strong><\/p>\n\n\n\n<p>Nuestra empresa ayuda a centrales el\u00e9ctricas, plantas desalinizadoras e instalaciones industriales a eliminar la bioincrustaci\u00f3n mediante soluciones innovadoras y respetuosas con el medioambiente<\/p>\n\n\n\n<div class=\"wp-block-buttons is-content-justification-center is-nowrap is-layout-flex wp-container-core-buttons-is-layout-1fb9aab6 wp-block-buttons-is-layout-flex\">\n<div class=\"wp-block-button has-custom-width wp-block-button__width-50 is-style-outline is-style-outline--1\"><a class=\"wp-block-button__link has-text-color has-link-color has-custom-font-size wp-element-button\" href=\"mailto:contact@h2obfs.com\" style=\"color:#64ba4e;font-size:13px\">Env\u00edenos un Email<\/a><\/div>\n\n\n\n<div class=\"wp-block-button has-custom-width wp-block-button__width-50\"><a class=\"wp-block-button__link has-white-color has-text-color has-background has-link-color has-custom-font-size wp-element-button\" href=\"https:\/\/www.h2obfs.com\/es\/contact-us\/\" style=\"background-color:#64ba4e;font-size:13px\" target=\"_blank\" rel=\"noreferrer noopener\">Ll\u00e1manos<\/a><\/div>\n<\/div>\n<\/div><\/div>\n\n\n\n<div style=\"height:50px\" aria-hidden=\"true\" class=\"wp-block-spacer\"><\/div>\n\n\n\n<h1 class=\"wp-block-heading\" style=\"font-size:24px\">An\u00e1lisis de Causa Ra\u00edz<\/h1>\n\n\n\n<h2 class=\"wp-block-heading\" style=\"font-size:17px\">Deja de Tratar los S\u00edntomas, Resuelve el Problema Real<\/h2>\n\n\n\n<p>Si su sistema de agua sigue presentando problemas recurrentes como <strong>tuber\u00edas <strong>y filtros de captaci\u00f3n<\/strong><\/strong>, <strong>bloqueados<\/strong>o <strong>paradas inesperadas,<\/strong> es una se\u00f1al de que hay un problema m\u00e1s profundo que requiere atenci\u00f3n. M\u00e1s limpiezas, m\u00e1s biocida o m\u00e1s mantenimiento pueden ayudar temporalmente, pero no solucionar\u00e1n la causa ra\u00edz del problema. Ah\u00ed es donde el An\u00e1lisis de Causa Ra\u00edz puede marcar la diferencia.<\/p>\n\n\n\n<div style=\"height:20px\" aria-hidden=\"true\" class=\"wp-block-spacer\"><\/div>\n\n\n\n<div class=\"wp-block-group has-background is-vertical is-layout-flex wp-container-core-group-is-layout-8cf370e7 wp-block-group-is-layout-flex\" style=\"background-color:#2170b03b\">\n<h2 class=\"wp-block-heading\" style=\"font-size:20px\">\u00bfQu\u00e9 es el An\u00e1lisis de Causa Ra\u00edz?<\/h2>\n\n\n\n<p><strong>An\u00e1lisis de Causa Ra\u00edz<\/strong> es una revisi\u00f3n detallada de su sistema para comprender por qu\u00e9 los problemas persisten. En lugar de limitarse a tratar los s\u00edntomas, analizamos a fondo todo el sistema para identificar la causa del problema y c\u00f3mo evitar que vuelva a ocurrir.<\/p>\n\n\n\n<p>Esto puede incluir la revisi\u00f3n del flujo del agua, la forma en que se a\u00f1aden los productos qu\u00edmicos, el estado de sus equipos e incluso los cambios estacionales en el agua de mar.<\/p>\n<\/div>\n\n\n\n<div style=\"height:30px\" aria-hidden=\"true\" class=\"wp-block-spacer\"><\/div>\n\n\n\n<h2 class=\"wp-block-heading\" style=\"font-size:20px\">Por qu\u00e9 es importante<\/h2>\n\n\n\n<p>Si observa problemas recurrentes como:<\/p>\n\n\n\n<ul class=\"wp-block-list\">\n<li>Bioincrustaciones a pesar de la dosificaci\u00f3n regular de biocidas<\/li>\n\n\n\n<li>Sobredosificaci\u00f3n de cloro sin resultados consistentes<\/li>\n\n\n\n<li>Altos costos operativos (OPEX) debido a mantenimiento o limpiezas frecuentes<\/li>\n\n\n\n<li>La unidad de electrocloraci\u00f3n no est\u00e1 funcionando seg\u00fan las especificaciones<\/li>\n\n\n\n<li>Fallas en las rejillas o sistemas de filtrado durante eventos de medusas o peces<\/li>\n<\/ul>\n\n\n\n<p>Entoces, ha llegado el momento de investigar a fondo. <\/p>\n\n\n\n<p><strong>An\u00e1lisis de Causa Ra\u00edz<\/strong> ayuda a evitar soluciones temporales al identificar las verdaderas fallas en los procesos, sistemas o dise\u00f1os que causan sus problemas.<\/p>\n\n\n\n<div style=\"height:20px\" aria-hidden=\"true\" class=\"wp-block-spacer\"><\/div>\n\n\n\n<h2 class=\"wp-block-heading\" style=\"font-size:20px\">C\u00f3mo funciona<\/h2>\n\n\n\n<ul class=\"wp-block-list\">\n<li>Comenzamos con una evaluaci\u00f3n, ya sea presencial o remota, de su sistema de toma de agua o refrigeraci\u00f3n, incluyendo el historial operativo y las \u00e1reas problem\u00e1ticas conocidas.<\/li>\n\n\n\n<li>Luego recopilamos y analizamos datos clave: patrones de flujo, comportamiento de dosificaci\u00f3n, tendencias estacionales, tipo y edad de las especies, perfiles de carga biol\u00f3gica, especificaciones y estado del equipo, as\u00ed como fallos hist\u00f3ricos.<\/li>\n\n\n\n<li>Nuestro equipo identifica ineficiencias, vulnerabilidades o fallos de dise\u00f1o que contribuyen a problemas recurrentes. Actuamos como peritos en caso de disputas relacionadas con problemas de bioincrustaciones.<\/li>\n\n\n\n<li>Recibir\u00e1 una hoja de ruta clara y priorizada con soluciones que van desde mejoras operativas inmediatas hasta actualizaciones de ingenier\u00eda a largo plazo.<\/li>\n\n\n\n<li>Tambi\u00e9n ofrecemos soporte completo para la implementaci\u00f3n, incluyendo modificaciones de dise\u00f1o, planificaci\u00f3n operativa y capacitaci\u00f3n t\u00e9cnica.<\/li>\n\n\n\n<li>Tambi\u00e9n podemos actuar como <strong>peritos expertos<\/strong> en caso de disputas.<\/li>\n<\/ul>\n\n\n\n<div style=\"height:30px\" aria-hidden=\"true\" class=\"wp-block-spacer\"><\/div>\n\n\n\n<figure class=\"wp-block-image size-full\"><a href=\"https:\/\/www.h2obfs.com\/es\/contact-us\/\" target=\"_blank\" rel=\" noreferrer noopener\"><img alt=\"\" loading=\"lazy\" decoding=\"async\" width=\"1440\" height=\"300\" src=\"https:\/\/www.h2obfs.com\/wp-content\/uploads\/2025\/05\/Root-Cause-Analysis-es-001.jpg\" class=\"wp-image-3682\" srcset=\"https:\/\/www.h2obfs.com\/wp-content\/uploads\/2025\/05\/Root-Cause-Analysis-es-001.jpg 1440w, https:\/\/www.h2obfs.com\/wp-content\/uploads\/2025\/05\/Root-Cause-Analysis-es-001-300x63.jpg 300w, https:\/\/www.h2obfs.com\/wp-content\/uploads\/2025\/05\/Root-Cause-Analysis-es-001-1024x213.jpg 1024w, https:\/\/www.h2obfs.com\/wp-content\/uploads\/2025\/05\/Root-Cause-Analysis-es-001-768x160.jpg 768w, https:\/\/www.h2obfs.com\/wp-content\/uploads\/2025\/05\/Root-Cause-Analysis-es-001-18x4.jpg 18w\" sizes=\"auto, (max-width: 1440px) 100vw, 1440px\" \/><\/a><\/figure>\n\n\n\n<div style=\"height:30px\" aria-hidden=\"true\" class=\"wp-block-spacer\"><\/div>\n\n\n\n<h2 class=\"wp-block-heading\" style=\"font-size:17px\">Soluciones Complementarias para el Control de Bioincrustaciones<\/h2>\n\n\n\n<div class=\"wp-block-columns is-layout-flex wp-container-core-columns-is-layout-9d6595d7 wp-block-columns-is-layout-flex\">\n<div class=\"wp-block-column is-layout-flow wp-block-column-is-layout-flow\">\n<div class=\"wp-block-cb-carousel-v2 cb-carousel-block\" data-cb-slides-per-view=\"1\" data-cb-slides-per-group=\"1\" data-cb-space-between=\"15\" data-cb-speed=\"300\" data-cb-navigation=\"true\" data-cb-pagination=\"true\" data-cb-breakpoints=\"{&quot;768&quot;:{&quot;slidesPerView&quot;:3,&quot;slidesPerGroup&quot;:1}}\"><div class=\"swiper\"><div class=\"cb-wrapper swiper-wrapper\">\n<div class=\"wp-block-cb-slide-v2 cb-slide swiper-slide\">\n<figure class=\"wp-block-image size-large\"><a href=\"https:\/\/www.h2obfs.com\/es\/biofouling-solutions\/ecodosing\/\"><img alt=\"\" loading=\"lazy\" decoding=\"async\" width=\"1024\" height=\"1024\" src=\"https:\/\/www.h2obfs.com\/wp-content\/uploads\/2025\/05\/Ecodosing-es-001.png\" class=\"wp-image-3319\" srcset=\"https:\/\/www.h2obfs.com\/wp-content\/uploads\/2025\/05\/Ecodosing-es-001.png 1500w, https:\/\/www.h2obfs.com\/wp-content\/uploads\/2025\/05\/Ecodosing-es-001-300x300.png 300w, https:\/\/www.h2obfs.com\/wp-content\/uploads\/2025\/05\/Ecodosing-es-001-1024x1024.png 1024w, https:\/\/www.h2obfs.com\/wp-content\/uploads\/2025\/05\/Ecodosing-es-001-150x150.png 150w, https:\/\/www.h2obfs.com\/wp-content\/uploads\/2025\/05\/Ecodosing-es-001-768x768.png 768w, https:\/\/www.h2obfs.com\/wp-content\/uploads\/2025\/05\/Ecodosing-es-001-12x12.png 12w\" sizes=\"auto, (max-width: 1024px) 100vw, 1024px\" \/><\/a><\/figure>\n<\/div>\n\n\n\n<div class=\"wp-block-cb-slide-v2 cb-slide swiper-slide\">\n<figure class=\"wp-block-image size-large\"><a href=\"https:\/\/www.h2obfs.com\/es\/biofouling-solutions\/watertop\/\"><img alt=\"\" loading=\"lazy\" decoding=\"async\" width=\"1024\" height=\"1024\" src=\"https:\/\/www.h2obfs.com\/wp-content\/uploads\/2025\/05\/WaterTop-es-001.png\" class=\"wp-image-3323\" srcset=\"https:\/\/www.h2obfs.com\/wp-content\/uploads\/2025\/05\/WaterTop-es-001.png 1500w, https:\/\/www.h2obfs.com\/wp-content\/uploads\/2025\/05\/WaterTop-es-001-300x300.png 300w, https:\/\/www.h2obfs.com\/wp-content\/uploads\/2025\/05\/WaterTop-es-001-1024x1024.png 1024w, https:\/\/www.h2obfs.com\/wp-content\/uploads\/2025\/05\/WaterTop-es-001-150x150.png 150w, https:\/\/www.h2obfs.com\/wp-content\/uploads\/2025\/05\/WaterTop-es-001-768x768.png 768w, https:\/\/www.h2obfs.com\/wp-content\/uploads\/2025\/05\/WaterTop-es-001-12x12.png 12w\" sizes=\"auto, (max-width: 1024px) 100vw, 1024px\" \/><\/a><\/figure>\n<\/div>\n\n\n\n<div class=\"wp-block-cb-slide-v2 cb-slide swiper-slide\">\n<figure class=\"wp-block-image size-large\"><a href=\"https:\/\/www.h2obfs.com\/es\/biofouling-solutions\/biovision\/\"><img alt=\"\" loading=\"lazy\" decoding=\"async\" width=\"1024\" height=\"1024\" src=\"https:\/\/www.h2obfs.com\/wp-content\/uploads\/2025\/05\/Biovision-es-001.png\" class=\"wp-image-3318\" srcset=\"https:\/\/www.h2obfs.com\/wp-content\/uploads\/2025\/05\/Biovision-es-001.png 1500w, https:\/\/www.h2obfs.com\/wp-content\/uploads\/2025\/05\/Biovision-es-001-300x300.png 300w, https:\/\/www.h2obfs.com\/wp-content\/uploads\/2025\/05\/Biovision-es-001-1024x1024.png 1024w, https:\/\/www.h2obfs.com\/wp-content\/uploads\/2025\/05\/Biovision-es-001-150x150.png 150w, https:\/\/www.h2obfs.com\/wp-content\/uploads\/2025\/05\/Biovision-es-001-768x768.png 768w, https:\/\/www.h2obfs.com\/wp-content\/uploads\/2025\/05\/Biovision-es-001-12x12.png 12w\" sizes=\"auto, (max-width: 1024px) 100vw, 1024px\" \/><\/a><\/figure>\n<\/div>\n\n\n\n<div class=\"wp-block-cb-slide-v2 cb-slide swiper-slide\">\n<figure class=\"wp-block-image size-large\"><a href=\"https:\/\/www.h2obfs.com\/es\/biofouling-solutions\/biosafe\/\"><img alt=\"\" loading=\"lazy\" decoding=\"async\" width=\"1024\" height=\"1024\" src=\"https:\/\/www.h2obfs.com\/wp-content\/uploads\/2025\/05\/Biosafe-es-001.png\" class=\"wp-image-3326\" srcset=\"https:\/\/www.h2obfs.com\/wp-content\/uploads\/2025\/05\/Biosafe-es-001.png 1500w, https:\/\/www.h2obfs.com\/wp-content\/uploads\/2025\/05\/Biosafe-es-001-300x300.png 300w, https:\/\/www.h2obfs.com\/wp-content\/uploads\/2025\/05\/Biosafe-es-001-1024x1024.png 1024w, https:\/\/www.h2obfs.com\/wp-content\/uploads\/2025\/05\/Biosafe-es-001-150x150.png 150w, https:\/\/www.h2obfs.com\/wp-content\/uploads\/2025\/05\/Biosafe-es-001-768x768.png 768w, https:\/\/www.h2obfs.com\/wp-content\/uploads\/2025\/05\/Biosafe-es-001-12x12.png 12w\" sizes=\"auto, (max-width: 1024px) 100vw, 1024px\" \/><\/a><\/figure>\n<\/div>\n\n\n\n<div class=\"wp-block-cb-slide-v2 cb-slide swiper-slide\">\n<figure class=\"wp-block-image size-large\"><a href=\"https:\/\/www.h2obfs.com\/es\/biofouling-solutions\/bioprotect\/\"><img alt=\"\" loading=\"lazy\" decoding=\"async\" width=\"1024\" height=\"1024\" src=\"https:\/\/www.h2obfs.com\/wp-content\/uploads\/2025\/05\/Bioprotect-es-001.png\" class=\"wp-image-3325\" srcset=\"https:\/\/www.h2obfs.com\/wp-content\/uploads\/2025\/05\/Bioprotect-es-001.png 1500w, https:\/\/www.h2obfs.com\/wp-content\/uploads\/2025\/05\/Bioprotect-es-001-300x300.png 300w, https:\/\/www.h2obfs.com\/wp-content\/uploads\/2025\/05\/Bioprotect-es-001-1024x1024.png 1024w, https:\/\/www.h2obfs.com\/wp-content\/uploads\/2025\/05\/Bioprotect-es-001-150x150.png 150w, https:\/\/www.h2obfs.com\/wp-content\/uploads\/2025\/05\/Bioprotect-es-001-768x768.png 768w, https:\/\/www.h2obfs.com\/wp-content\/uploads\/2025\/05\/Bioprotect-es-001-12x12.png 12w\" sizes=\"auto, (max-width: 1024px) 100vw, 1024px\" \/><\/a><\/figure>\n<\/div>\n\n\n\n<div class=\"wp-block-cb-slide-v2 cb-slide swiper-slide\">\n<figure class=\"wp-block-image size-large\"><a href=\"https:\/\/www.h2obfs.com\/es\/biofouling-solutions\/biodesign\/\"><img alt=\"\" loading=\"lazy\" decoding=\"async\" width=\"1024\" height=\"1024\" src=\"https:\/\/www.h2obfs.com\/wp-content\/uploads\/2025\/05\/Biodesign-es-001.png\" class=\"wp-image-3324\" srcset=\"https:\/\/www.h2obfs.com\/wp-content\/uploads\/2025\/05\/Biodesign-es-001.png 1500w, https:\/\/www.h2obfs.com\/wp-content\/uploads\/2025\/05\/Biodesign-es-001-300x300.png 300w, https:\/\/www.h2obfs.com\/wp-content\/uploads\/2025\/05\/Biodesign-es-001-1024x1024.png 1024w, https:\/\/www.h2obfs.com\/wp-content\/uploads\/2025\/05\/Biodesign-es-001-150x150.png 150w, https:\/\/www.h2obfs.com\/wp-content\/uploads\/2025\/05\/Biodesign-es-001-768x768.png 768w, https:\/\/www.h2obfs.com\/wp-content\/uploads\/2025\/05\/Biodesign-es-001-12x12.png 12w\" sizes=\"auto, (max-width: 1024px) 100vw, 1024px\" \/><\/a><\/figure>\n<\/div>\n\n\n\n<div class=\"wp-block-cb-slide-v2 cb-slide swiper-slide\">\n<figure class=\"wp-block-image size-large\"><a href=\"https:\/\/www.h2obfs.com\/es\/biofouling-solutions\/h2o-academy\/\"><img alt=\"\" loading=\"lazy\" decoding=\"async\" width=\"1024\" height=\"1024\" src=\"https:\/\/www.h2obfs.com\/wp-content\/uploads\/2025\/05\/H2O-Academy-es-001.png\" class=\"wp-image-3320\" srcset=\"https:\/\/www.h2obfs.com\/wp-content\/uploads\/2025\/05\/H2O-Academy-es-001.png 1500w, https:\/\/www.h2obfs.com\/wp-content\/uploads\/2025\/05\/H2O-Academy-es-001-300x300.png 300w, https:\/\/www.h2obfs.com\/wp-content\/uploads\/2025\/05\/H2O-Academy-es-001-1024x1024.png 1024w, https:\/\/www.h2obfs.com\/wp-content\/uploads\/2025\/05\/H2O-Academy-es-001-150x150.png 150w, https:\/\/www.h2obfs.com\/wp-content\/uploads\/2025\/05\/H2O-Academy-es-001-768x768.png 768w, https:\/\/www.h2obfs.com\/wp-content\/uploads\/2025\/05\/H2O-Academy-es-001-12x12.png 12w\" sizes=\"auto, (max-width: 1024px) 100vw, 1024px\" \/><\/a><\/figure>\n<\/div>\n<\/div><\/div><div class=\"cb-pagination swiper-pagination\"><\/div><div class=\"cb-button-prev swiper-button-prev\"><\/div><div class=\"cb-button-next swiper-button-next\"><\/div><\/div>\n<\/div>\n<\/div>","protected":false},"excerpt":{"rendered":"<h4>\u00bfC\u00f3mo identificar la causa ra\u00edz de las fallas del sistema?<\/h4>\n<p>\nEl an\u00e1lisis de causa ra\u00edz le ayuda a evaluar el origen de la falla dentro de su sistema. Bas\u00e1ndonos en tecnolog\u00edas espec\u00edficas que utilizamos (como la detecci\u00f3n de la antig\u00fcedad de las especies), podemos determinar con precisi\u00f3n la causa ra\u00edz del problema.<br \/>\n<br \/><b><a href=\"\/es\/biofouling-solutions\/root-cause-analysis\/\">Saber m\u00e1s...<\/a><\/b><\/p>","protected":false},"author":1,"featured_media":4282,"parent":38,"menu_order":0,"comment_status":"closed","ping_status":"closed","template":"","meta":{"_seopress_robots_primary_cat":"","_seopress_titles_title":"Root Cause Analysis - H2O Biofouling Solutions","_seopress_titles_desc":"Root Cause Analysis helps assess cooling system efficiency and provides water treatment solutions to prevent problems like corrosion.","_seopress_robots_index":"","_seopress_analysis_target_kw":"","footnotes":""},"class_list":["post-427","page","type-page","status-publish","has-post-thumbnail","hentry"],"_links":{"self":[{"href":"https:\/\/www.h2obfs.com\/es\/wp-json\/wp\/v2\/pages\/427","targetHints":{"allow":["GET"]}}],"collection":[{"href":"https:\/\/www.h2obfs.com\/es\/wp-json\/wp\/v2\/pages"}],"about":[{"href":"https:\/\/www.h2obfs.com\/es\/wp-json\/wp\/v2\/types\/page"}],"author":[{"embeddable":true,"href":"https:\/\/www.h2obfs.com\/es\/wp-json\/wp\/v2\/users\/1"}],"replies":[{"embeddable":true,"href":"https:\/\/www.h2obfs.com\/es\/wp-json\/wp\/v2\/comments?post=427"}],"version-history":[{"count":61,"href":"https:\/\/www.h2obfs.com\/es\/wp-json\/wp\/v2\/pages\/427\/revisions"}],"predecessor-version":[{"id":4078,"href":"https:\/\/www.h2obfs.com\/es\/wp-json\/wp\/v2\/pages\/427\/revisions\/4078"}],"up":[{"embeddable":true,"href":"https:\/\/www.h2obfs.com\/es\/wp-json\/wp\/v2\/pages\/38"}],"wp:featuredmedia":[{"embeddable":true,"href":"https:\/\/www.h2obfs.com\/es\/wp-json\/wp\/v2\/media\/4282"}],"wp:attachment":[{"href":"https:\/\/www.h2obfs.com\/es\/wp-json\/wp\/v2\/media?parent=427"}],"curies":[{"name":"wp","href":"https:\/\/api.w.org\/{rel}","templated":true}]}}