{"id":431,"date":"2025-04-03T22:37:50","date_gmt":"2025-04-03T22:37:50","guid":{"rendered":"https:\/\/h2obfs.com\/?page_id=431"},"modified":"2025-06-23T05:00:04","modified_gmt":"2025-06-23T05:00:04","slug":"h2o-academy","status":"publish","type":"page","link":"https:\/\/www.h2obfs.com\/es\/biofouling-solutions\/h2o-academy\/","title":{"rendered":""},"content":{"rendered":"<div class=\"wp-block-media-text is-stacked-on-mobile\" style=\"grid-template-columns:54% auto\"><figure class=\"wp-block-media-text__media\"><img alt=\"\" loading=\"lazy\" decoding=\"async\" width=\"1024\" height=\"559\" src=\"https:\/\/h2obfs.com\/wp-content\/uploads\/2025\/05\/Our-solutions-H2O-Academy-1024x559.png\" class=\"wp-image-3041 size-medium\" srcset=\"https:\/\/www.h2obfs.com\/wp-content\/uploads\/2025\/05\/Our-solutions-H2O-Academy-1024x559.png 1024w, https:\/\/www.h2obfs.com\/wp-content\/uploads\/2025\/05\/Our-solutions-H2O-Academy-300x164.png 300w, https:\/\/www.h2obfs.com\/wp-content\/uploads\/2025\/05\/Our-solutions-H2O-Academy-768x419.png 768w, https:\/\/www.h2obfs.com\/wp-content\/uploads\/2025\/05\/Our-solutions-H2O-Academy-1536x838.png 1536w, https:\/\/www.h2obfs.com\/wp-content\/uploads\/2025\/05\/Our-solutions-H2O-Academy.png 1980w\" sizes=\"auto, (max-width: 1024px) 100vw, 1024px\" \/><\/figure><div class=\"wp-block-media-text__content\">\n<div style=\"height:15px\" aria-hidden=\"true\" class=\"wp-block-spacer\"><\/div>\n\n\n\n<p style=\"font-size:20px\"><strong><strong>\u00bfDesea ampliar sus conocimientos en tratamiento de agua?<\/strong><\/strong><\/p>\n\n\n\n<p>Nuestra empresa ayuda a centrales el\u00e9ctricas, plantas desalinizadoras e instalaciones industriales a eliminar la bioincrustaci\u00f3n mediante soluciones innovadoras y respetuosas con el medioambiente<\/p>\n\n\n\n<div class=\"wp-block-buttons is-content-justification-center is-nowrap is-layout-flex wp-container-core-buttons-is-layout-1fb9aab6 wp-block-buttons-is-layout-flex\">\n<div class=\"wp-block-button has-custom-width wp-block-button__width-50 is-style-outline is-style-outline--1\"><a class=\"wp-block-button__link has-text-color has-link-color has-custom-font-size wp-element-button\" href=\"mailto:contact@h2obfs.com\" style=\"color:#64ba4e;font-size:13px\">Env\u00edenos un Email<\/a><\/div>\n\n\n\n<div class=\"wp-block-button has-custom-width wp-block-button__width-50\"><a class=\"wp-block-button__link has-white-color has-text-color has-background has-link-color has-custom-font-size wp-element-button\" href=\"https:\/\/www.h2obfs.com\/es\/contact-us\/\" style=\"background-color:#64ba4e;font-size:13px\" target=\"_blank\" rel=\"noreferrer noopener\">Ll\u00e1manos<\/a><\/div>\n<\/div>\n<\/div><\/div>\n\n\n\n<div style=\"height:50px\" aria-hidden=\"true\" class=\"wp-block-spacer\"><\/div>\n\n\n\n<h1 class=\"wp-block-heading\" style=\"font-size:24px\">Academia H2O<\/h1>\n\n\n\n<h2 class=\"wp-block-heading\" style=\"font-size:20px\">Brinde a su equipo la confianza para gestionar los sistemas de agua de forma m\u00e1s inteligente y segura<\/h2>\n\n\n\n<p>El tratamiento de agua en una planta industrial es exigente. Su equipo necesita m\u00e1s que manuales y gu\u00edas: requiere conocimientos pr\u00e1cticos y probados que puedan aplicar de inmediato en su trabajo.<\/p>\n\n\n\n<p>Academia H2O transforma temas complejos sobre el tratamiento de agua de proceso y de refrigeraci\u00f3n en conocimientos pr\u00e1cticos y aplicables. Nuestra formaci\u00f3n est\u00e1 dise\u00f1ada para operadores y gestores que desean mejorar la fiabilidad del sistema, anticiparse a problemas de bioincrustaci\u00f3n, formaci\u00f3n de sarro o corrosi\u00f3n, y cumplir con las normativas con total confianza.<\/p>\n\n\n\n<div style=\"height:20px\" aria-hidden=\"true\" class=\"wp-block-spacer\"><\/div>\n\n\n\n<h2 class=\"wp-block-heading\" style=\"font-size:20px\">Por qu\u00e9 las empresas conf\u00edan en nuestra formaci\u00f3n<\/h2>\n\n\n\n<ul class=\"wp-block-list\">\n<li>Dirigido por expertos con m\u00e1s de 30 a\u00f1os de experiencia en todos los continentes.<\/li>\n\n\n\n<li>Adaptado a sus necesidades y basado en el dise\u00f1o de su planta, operaci\u00f3n, calidad del agua, bioincrustaci\u00f3n local y requisitos regulatorios.<\/li>\n\n\n\n<li>Respaldado por estudios de casos reales, para que su equipo aprenda de la experiencia pr\u00e1ctica y c\u00f3mo evitar errores.<\/li>\n<\/ul>\n\n\n\n<div style=\"height:20px\" aria-hidden=\"true\" class=\"wp-block-spacer\"><\/div>\n\n\n\n<p><strong>Ya sea que est\u00e9 poniendo en marcha una planta nueva o mejorando operaciones existentes, nuestra formaci\u00f3n brinda a su equipo la claridad y confianza necesarias para tomar las decisiones correctas cada d\u00eda.<\/strong><\/p>\n\n\n\n<div style=\"height:20px\" aria-hidden=\"true\" class=\"wp-block-spacer\"><\/div>\n\n\n\n<div class=\"wp-block-media-text is-stacked-on-mobile\"><figure class=\"wp-block-media-text__media\"><img alt=\"\" loading=\"lazy\" decoding=\"async\" width=\"1024\" height=\"724\" src=\"https:\/\/h2obfs.com\/wp-content\/uploads\/2025\/04\/H2O_Training_Certificate-1024x724.png\" class=\"wp-image-2329 size-full\" srcset=\"https:\/\/www.h2obfs.com\/wp-content\/uploads\/2025\/04\/H2O_Training_Certificate-1024x724.png 1024w, https:\/\/www.h2obfs.com\/wp-content\/uploads\/2025\/04\/H2O_Training_Certificate-300x212.png 300w, https:\/\/www.h2obfs.com\/wp-content\/uploads\/2025\/04\/H2O_Training_Certificate-768x543.png 768w, https:\/\/www.h2obfs.com\/wp-content\/uploads\/2025\/04\/H2O_Training_Certificate-1536x1086.png 1536w, https:\/\/www.h2obfs.com\/wp-content\/uploads\/2025\/04\/H2O_Training_Certificate.png 2000w\" sizes=\"auto, (max-width: 1024px) 100vw, 1024px\" \/><\/figure><div class=\"wp-block-media-text__content\">\n<div style=\"height:25px\" aria-hidden=\"true\" class=\"wp-block-spacer\"><\/div>\n\n\n\n<h2 class=\"wp-block-heading\" style=\"font-size:20px\"><strong>Lo que su equipo aprender\u00e1<\/strong><\/h2>\n\n\n\n<p>\u2714 Una comprensi\u00f3n clara de las normas internacionales de tratamiento de agua y c\u00f3mo aplicarlas<\/p>\n\n\n\n<p>\u2714 Conocimiento de los l\u00edmites seguros de operaci\u00f3n de su sistema para los par\u00e1metros qu\u00edmicos cr\u00edticos<\/p>\n\n\n\n<p>\u2714 Habilidades para la detecci\u00f3n temprana de riesgos potenciales, antes de que causen problemas costosos<\/p>\n<\/div><\/div>\n\n\n\n<div style=\"height:40px\" aria-hidden=\"true\" class=\"wp-block-spacer\"><\/div>\n\n\n\n<figure class=\"wp-block-image size-full\"><a href=\"https:\/\/www.h2obfs.com\/es\/contact-us\/\" target=\"_blank\" rel=\" noreferrer noopener\"><img alt=\"\" loading=\"lazy\" decoding=\"async\" width=\"1440\" height=\"300\" src=\"https:\/\/www.h2obfs.com\/wp-content\/uploads\/2025\/05\/H2O-Academy-es-001.jpg\" class=\"wp-image-3681\" srcset=\"https:\/\/www.h2obfs.com\/wp-content\/uploads\/2025\/05\/H2O-Academy-es-001.jpg 1440w, https:\/\/www.h2obfs.com\/wp-content\/uploads\/2025\/05\/H2O-Academy-es-001-300x63.jpg 300w, https:\/\/www.h2obfs.com\/wp-content\/uploads\/2025\/05\/H2O-Academy-es-001-1024x213.jpg 1024w, https:\/\/www.h2obfs.com\/wp-content\/uploads\/2025\/05\/H2O-Academy-es-001-768x160.jpg 768w, https:\/\/www.h2obfs.com\/wp-content\/uploads\/2025\/05\/H2O-Academy-es-001-18x4.jpg 18w\" sizes=\"auto, (max-width: 1440px) 100vw, 1440px\" \/><\/a><\/figure>\n\n\n\n<div style=\"height:30px\" aria-hidden=\"true\" class=\"wp-block-spacer\"><\/div>\n\n\n\n<h2 class=\"wp-block-heading\" style=\"font-size:17px\">Soluciones Complementarias para el Control de Bioincrustaciones<\/h2>\n\n\n\n<div class=\"wp-block-columns is-layout-flex wp-container-core-columns-is-layout-9d6595d7 wp-block-columns-is-layout-flex\">\n<div class=\"wp-block-column is-layout-flow wp-block-column-is-layout-flow\">\n<div class=\"wp-block-cb-carousel-v2 cb-carousel-block\" data-cb-slides-per-view=\"1\" data-cb-slides-per-group=\"1\" data-cb-space-between=\"15\" data-cb-speed=\"300\" data-cb-navigation=\"true\" data-cb-pagination=\"true\" data-cb-breakpoints=\"{&quot;768&quot;:{&quot;slidesPerView&quot;:3,&quot;slidesPerGroup&quot;:1}}\"><div class=\"swiper\"><div class=\"cb-wrapper swiper-wrapper\">\n<div class=\"wp-block-cb-slide-v2 cb-slide swiper-slide\">\n<figure class=\"wp-block-image size-large\"><a href=\"https:\/\/www.h2obfs.com\/es\/biofouling-solutions\/ecodosing\/\"><img alt=\"\" loading=\"lazy\" decoding=\"async\" width=\"1024\" height=\"1024\" src=\"https:\/\/www.h2obfs.com\/wp-content\/uploads\/2025\/05\/Ecodosing-es-001.png\" class=\"wp-image-3319\" srcset=\"https:\/\/www.h2obfs.com\/wp-content\/uploads\/2025\/05\/Ecodosing-es-001.png 1500w, https:\/\/www.h2obfs.com\/wp-content\/uploads\/2025\/05\/Ecodosing-es-001-300x300.png 300w, https:\/\/www.h2obfs.com\/wp-content\/uploads\/2025\/05\/Ecodosing-es-001-1024x1024.png 1024w, https:\/\/www.h2obfs.com\/wp-content\/uploads\/2025\/05\/Ecodosing-es-001-150x150.png 150w, https:\/\/www.h2obfs.com\/wp-content\/uploads\/2025\/05\/Ecodosing-es-001-768x768.png 768w, https:\/\/www.h2obfs.com\/wp-content\/uploads\/2025\/05\/Ecodosing-es-001-12x12.png 12w\" sizes=\"auto, (max-width: 1024px) 100vw, 1024px\" \/><\/a><\/figure>\n<\/div>\n\n\n\n<div class=\"wp-block-cb-slide-v2 cb-slide swiper-slide\">\n<figure class=\"wp-block-image size-large\"><a href=\"https:\/\/www.h2obfs.com\/es\/biofouling-solutions\/watertop\/\"><img alt=\"\" loading=\"lazy\" decoding=\"async\" width=\"1024\" height=\"1024\" src=\"https:\/\/www.h2obfs.com\/wp-content\/uploads\/2025\/05\/WaterTop-es-001.png\" class=\"wp-image-3323\" srcset=\"https:\/\/www.h2obfs.com\/wp-content\/uploads\/2025\/05\/WaterTop-es-001.png 1500w, https:\/\/www.h2obfs.com\/wp-content\/uploads\/2025\/05\/WaterTop-es-001-300x300.png 300w, https:\/\/www.h2obfs.com\/wp-content\/uploads\/2025\/05\/WaterTop-es-001-1024x1024.png 1024w, https:\/\/www.h2obfs.com\/wp-content\/uploads\/2025\/05\/WaterTop-es-001-150x150.png 150w, https:\/\/www.h2obfs.com\/wp-content\/uploads\/2025\/05\/WaterTop-es-001-768x768.png 768w, https:\/\/www.h2obfs.com\/wp-content\/uploads\/2025\/05\/WaterTop-es-001-12x12.png 12w\" sizes=\"auto, (max-width: 1024px) 100vw, 1024px\" \/><\/a><\/figure>\n<\/div>\n\n\n\n<div class=\"wp-block-cb-slide-v2 cb-slide swiper-slide\">\n<figure class=\"wp-block-image size-large\"><a href=\"https:\/\/www.h2obfs.com\/es\/biofouling-solutions\/biovision\/\"><img alt=\"\" loading=\"lazy\" decoding=\"async\" width=\"1024\" height=\"1024\" src=\"https:\/\/www.h2obfs.com\/wp-content\/uploads\/2025\/05\/Biovision-es-001.png\" class=\"wp-image-3318\" srcset=\"https:\/\/www.h2obfs.com\/wp-content\/uploads\/2025\/05\/Biovision-es-001.png 1500w, https:\/\/www.h2obfs.com\/wp-content\/uploads\/2025\/05\/Biovision-es-001-300x300.png 300w, https:\/\/www.h2obfs.com\/wp-content\/uploads\/2025\/05\/Biovision-es-001-1024x1024.png 1024w, https:\/\/www.h2obfs.com\/wp-content\/uploads\/2025\/05\/Biovision-es-001-150x150.png 150w, https:\/\/www.h2obfs.com\/wp-content\/uploads\/2025\/05\/Biovision-es-001-768x768.png 768w, https:\/\/www.h2obfs.com\/wp-content\/uploads\/2025\/05\/Biovision-es-001-12x12.png 12w\" sizes=\"auto, (max-width: 1024px) 100vw, 1024px\" \/><\/a><\/figure>\n<\/div>\n\n\n\n<div class=\"wp-block-cb-slide-v2 cb-slide swiper-slide\">\n<figure class=\"wp-block-image size-large\"><a href=\"https:\/\/www.h2obfs.com\/es\/biofouling-solutions\/biosafe\/\"><img alt=\"\" loading=\"lazy\" decoding=\"async\" width=\"1024\" height=\"1024\" src=\"https:\/\/www.h2obfs.com\/wp-content\/uploads\/2025\/05\/Biosafe-es-001.png\" class=\"wp-image-3326\" srcset=\"https:\/\/www.h2obfs.com\/wp-content\/uploads\/2025\/05\/Biosafe-es-001.png 1500w, https:\/\/www.h2obfs.com\/wp-content\/uploads\/2025\/05\/Biosafe-es-001-300x300.png 300w, https:\/\/www.h2obfs.com\/wp-content\/uploads\/2025\/05\/Biosafe-es-001-1024x1024.png 1024w, https:\/\/www.h2obfs.com\/wp-content\/uploads\/2025\/05\/Biosafe-es-001-150x150.png 150w, https:\/\/www.h2obfs.com\/wp-content\/uploads\/2025\/05\/Biosafe-es-001-768x768.png 768w, https:\/\/www.h2obfs.com\/wp-content\/uploads\/2025\/05\/Biosafe-es-001-12x12.png 12w\" sizes=\"auto, (max-width: 1024px) 100vw, 1024px\" \/><\/a><\/figure>\n<\/div>\n\n\n\n<div class=\"wp-block-cb-slide-v2 cb-slide swiper-slide\">\n<figure class=\"wp-block-image size-large\"><a href=\"https:\/\/www.h2obfs.com\/es\/biofouling-solutions\/bioprotect\/\"><img alt=\"\" loading=\"lazy\" decoding=\"async\" width=\"1024\" height=\"1024\" src=\"https:\/\/www.h2obfs.com\/wp-content\/uploads\/2025\/05\/Bioprotect-es-001.png\" class=\"wp-image-3325\" srcset=\"https:\/\/www.h2obfs.com\/wp-content\/uploads\/2025\/05\/Bioprotect-es-001.png 1500w, https:\/\/www.h2obfs.com\/wp-content\/uploads\/2025\/05\/Bioprotect-es-001-300x300.png 300w, https:\/\/www.h2obfs.com\/wp-content\/uploads\/2025\/05\/Bioprotect-es-001-1024x1024.png 1024w, https:\/\/www.h2obfs.com\/wp-content\/uploads\/2025\/05\/Bioprotect-es-001-150x150.png 150w, https:\/\/www.h2obfs.com\/wp-content\/uploads\/2025\/05\/Bioprotect-es-001-768x768.png 768w, https:\/\/www.h2obfs.com\/wp-content\/uploads\/2025\/05\/Bioprotect-es-001-12x12.png 12w\" sizes=\"auto, (max-width: 1024px) 100vw, 1024px\" \/><\/a><\/figure>\n<\/div>\n\n\n\n<div class=\"wp-block-cb-slide-v2 cb-slide swiper-slide\">\n<figure class=\"wp-block-image size-large\"><a href=\"https:\/\/www.h2obfs.com\/es\/biofouling-solutions\/biodesign\/\"><img alt=\"\" loading=\"lazy\" decoding=\"async\" width=\"1024\" height=\"1024\" src=\"https:\/\/www.h2obfs.com\/wp-content\/uploads\/2025\/05\/Biodesign-es-001.png\" class=\"wp-image-3324\" srcset=\"https:\/\/www.h2obfs.com\/wp-content\/uploads\/2025\/05\/Biodesign-es-001.png 1500w, https:\/\/www.h2obfs.com\/wp-content\/uploads\/2025\/05\/Biodesign-es-001-300x300.png 300w, https:\/\/www.h2obfs.com\/wp-content\/uploads\/2025\/05\/Biodesign-es-001-1024x1024.png 1024w, https:\/\/www.h2obfs.com\/wp-content\/uploads\/2025\/05\/Biodesign-es-001-150x150.png 150w, https:\/\/www.h2obfs.com\/wp-content\/uploads\/2025\/05\/Biodesign-es-001-768x768.png 768w, https:\/\/www.h2obfs.com\/wp-content\/uploads\/2025\/05\/Biodesign-es-001-12x12.png 12w\" sizes=\"auto, (max-width: 1024px) 100vw, 1024px\" \/><\/a><\/figure>\n<\/div>\n\n\n\n<div class=\"wp-block-cb-slide-v2 cb-slide swiper-slide\">\n<figure class=\"wp-block-image size-large\"><a href=\"https:\/\/www.h2obfs.com\/es\/biofouling-solutions\/root-cause-analysis\/\"><img alt=\"\" loading=\"lazy\" decoding=\"async\" width=\"1024\" height=\"1024\" src=\"https:\/\/www.h2obfs.com\/wp-content\/uploads\/2025\/05\/Root-Cause-Analysis-es-001.png\" class=\"wp-image-3322\" srcset=\"https:\/\/www.h2obfs.com\/wp-content\/uploads\/2025\/05\/Root-Cause-Analysis-es-001.png 1500w, https:\/\/www.h2obfs.com\/wp-content\/uploads\/2025\/05\/Root-Cause-Analysis-es-001-300x300.png 300w, https:\/\/www.h2obfs.com\/wp-content\/uploads\/2025\/05\/Root-Cause-Analysis-es-001-1024x1024.png 1024w, https:\/\/www.h2obfs.com\/wp-content\/uploads\/2025\/05\/Root-Cause-Analysis-es-001-150x150.png 150w, https:\/\/www.h2obfs.com\/wp-content\/uploads\/2025\/05\/Root-Cause-Analysis-es-001-768x768.png 768w, https:\/\/www.h2obfs.com\/wp-content\/uploads\/2025\/05\/Root-Cause-Analysis-es-001-12x12.png 12w\" sizes=\"auto, (max-width: 1024px) 100vw, 1024px\" \/><\/a><\/figure>\n<\/div>\n<\/div><\/div><div class=\"cb-pagination swiper-pagination\"><\/div><div class=\"cb-button-prev swiper-button-prev\"><\/div><div class=\"cb-button-next swiper-button-next\"><\/div><\/div>\n<\/div>\n<\/div>","protected":false},"excerpt":{"rendered":"<h4>\u00bfCuenta su equipo con la capacitaci\u00f3n adecuada para el tratamiento del agua?<\/h4>\n<p>\nLa Academia H2O ofrece cursos de formaci\u00f3n especializados para capacitar a operadores y gestores con un conocimiento integral sobre sistemas de agua de proceso y agua de refrigeraci\u00f3n. El curso incluye la detecci\u00f3n temprana de se\u00f1ales de alerta y el cumplimiento de normativas internacionales para asegurar un rendimiento \u00f3ptimo del sistema.<br \/>\n<br \/><b><a href=\"\/es\/biofouling-solutions\/h2o-academy\/\">Saber m\u00e1s...<\/a><\/b><\/p>","protected":false},"author":1,"featured_media":4284,"parent":38,"menu_order":0,"comment_status":"closed","ping_status":"closed","template":"","meta":{"_seopress_robots_primary_cat":"","_seopress_titles_title":"H2O Academy - Training - H2O Biofouling Solutions","_seopress_titles_desc":"H2O Academy offers training on process and cooling water, early warning signs, and international guidelines for optimal system performance.","_seopress_robots_index":"","_seopress_analysis_target_kw":"","footnotes":""},"class_list":["post-431","page","type-page","status-publish","has-post-thumbnail","hentry"],"_links":{"self":[{"href":"https:\/\/www.h2obfs.com\/es\/wp-json\/wp\/v2\/pages\/431","targetHints":{"allow":["GET"]}}],"collection":[{"href":"https:\/\/www.h2obfs.com\/es\/wp-json\/wp\/v2\/pages"}],"about":[{"href":"https:\/\/www.h2obfs.com\/es\/wp-json\/wp\/v2\/types\/page"}],"author":[{"embeddable":true,"href":"https:\/\/www.h2obfs.com\/es\/wp-json\/wp\/v2\/users\/1"}],"replies":[{"embeddable":true,"href":"https:\/\/www.h2obfs.com\/es\/wp-json\/wp\/v2\/comments?post=431"}],"version-history":[{"count":65,"href":"https:\/\/www.h2obfs.com\/es\/wp-json\/wp\/v2\/pages\/431\/revisions"}],"predecessor-version":[{"id":4083,"href":"https:\/\/www.h2obfs.com\/es\/wp-json\/wp\/v2\/pages\/431\/revisions\/4083"}],"up":[{"embeddable":true,"href":"https:\/\/www.h2obfs.com\/es\/wp-json\/wp\/v2\/pages\/38"}],"wp:featuredmedia":[{"embeddable":true,"href":"https:\/\/www.h2obfs.com\/es\/wp-json\/wp\/v2\/media\/4284"}],"wp:attachment":[{"href":"https:\/\/www.h2obfs.com\/es\/wp-json\/wp\/v2\/media?parent=431"}],"curies":[{"name":"wp","href":"https:\/\/api.w.org\/{rel}","templated":true}]}}